{"id":1318,"date":"2019-06-13T19:46:09","date_gmt":"2019-06-13T17:46:09","guid":{"rendered":"https:\/\/festivalacko.sk\/archiv\/2023\/?page_id=1318"},"modified":"2021-05-10T16:20:42","modified_gmt":"2021-05-10T14:20:42","slug":"kontakt","status":"publish","type":"page","link":"https:\/\/festivalacko.sk\/archiv\/2023\/kontakt\/","title":{"rendered":"Kontakt"},"content":{"rendered":"<p>[fusion_builder_container background_color=&#8221;&#8221; background_image=&#8221;&#8221; background_parallax=&#8221;none&#8221; enable_mobile=&#8221;no&#8221; parallax_speed=&#8221;0.3&#8243; background_repeat=&#8221;no-repeat&#8221; background_position=&#8221;center center&#8221; video_url=&#8221;&#8221; video_aspect_ratio=&#8221;16:9&#8243; video_webm=&#8221;&#8221; video_mp4=&#8221;&#8221; video_ogv=&#8221;&#8221; video_preview_image=&#8221;&#8221; overlay_color=&#8221;&#8221; video_mute=&#8221;yes&#8221; video_loop=&#8221;yes&#8221; fade=&#8221;no&#8221; border_size=&#8221;0px&#8221; border_color=&#8221;&#8221; border_style=&#8221;solid&#8221; padding_top=&#8221;90&#8243; padding_bottom=&#8221;90&#8243; padding_left=&#8221;15%&#8221; padding_right=&#8221;15%&#8221; hundred_percent=&#8221;no&#8221; equal_height_columns=&#8221;no&#8221; hide_on_mobile=&#8221;no&#8221; menu_anchor=&#8221;&#8221; class=&#8221;&#8221; id=&#8221;&#8221; admin_label=&#8221;Forma&#8221; admin_toggled=&#8221;no&#8221;][fusion_builder_row][fusion_builder_column type=&#8221;1_1&#8243; layout=&#8221;1_1&#8243; background_position=&#8221;left top&#8221; background_color=&#8221;&#8221; border_size=&#8221;&#8221; border_color=&#8221;&#8221; border_style=&#8221;solid&#8221; spacing=&#8221;yes&#8221; background_image=&#8221;&#8221; background_repeat=&#8221;no-repeat&#8221; padding_top=&#8221;&#8221; padding_right=&#8221;&#8221; padding_bottom=&#8221;&#8221; padding_left=&#8221;&#8221; margin_top=&#8221;0px&#8221; margin_bottom=&#8221;0px&#8221; class=&#8221;&#8221; id=&#8221;&#8221; animation_type=&#8221;&#8221; animation_speed=&#8221;0.3&#8243; animation_direction=&#8221;left&#8221; hide_on_mobile=&#8221;no&#8221; center_content=&#8221;no&#8221; min_height=&#8221;none&#8221; last=&#8221;no&#8221; hover_type=&#8221;none&#8221; link=&#8221;&#8221; border_position=&#8221;all&#8221;][fusion_text columns=&#8221;&#8221; column_min_width=&#8221;&#8221; column_spacing=&#8221;&#8221; rule_style=&#8221;default&#8221; rule_size=&#8221;&#8221; rule_color=&#8221;&#8221; hide_on_mobile=&#8221;small-visibility,medium-visibility,large-visibility&#8221; class=&#8221;&#8221; id=&#8221;&#8221;]<\/p>\n<h2 style=\"text-align: left;\"><strong>Kontaktujte n\u00e1s<\/strong><\/h2>\n<p>[\/fusion_text][fusion_text columns=&#8221;&#8221; column_min_width=&#8221;&#8221; column_spacing=&#8221;&#8221; rule_style=&#8221;default&#8221; rule_size=&#8221;&#8221; rule_color=&#8221;&#8221; hide_on_mobile=&#8221;small-visibility,medium-visibility,large-visibility&#8221; class=&#8221;&#8221; id=&#8221;&#8221;]<\/p>\n<p class=\"Body\" style=\"text-align: left;\"><span style=\"color: #000000;\"><strong>Email:<br \/>\n<\/strong><\/span><span style=\"color: #000000;\">ackofestival@gmail.com<\/span><\/p>\n<p><span style=\"color: #000000;\"><strong>Organiz\u00e1tor:<br \/>\n<\/strong><\/span><span style=\"color: #000000;\">Filmov\u00e1 a telev\u00edzna fakulta V\u0160MU<\/span><br \/>\n<span style=\"color: #000000;\">Svoradova 2<\/span><br \/>\n<span style=\"color: #000000;\">81301 Bratislava<\/span><\/p>\n<p>[\/fusion_text][fusion_separator style_type=&#8221;none&#8221; hide_on_mobile=&#8221;small-visibility,medium-visibility,large-visibility&#8221; class=&#8221;&#8221; id=&#8221;&#8221; sep_color=&#8221;&#8221; top_margin=&#8221;&#8221; bottom_margin=&#8221;&#8221; border_size=&#8221;18&#8243; icon=&#8221;&#8221; icon_circle=&#8221;&#8221; icon_circle_color=&#8221;&#8221; width=&#8221;&#8221; alignment=&#8221;center&#8221; \/][fusion_text columns=&#8221;&#8221; column_min_width=&#8221;&#8221; column_spacing=&#8221;&#8221; rule_style=&#8221;default&#8221; rule_size=&#8221;&#8221; rule_color=&#8221;&#8221; hide_on_mobile=&#8221;small-visibility,medium-visibility,large-visibility&#8221; class=&#8221;&#8221; id=&#8221;&#8221;]<\/p>\n<h2 style=\"text-align: left;\"><strong>M\u00e1te ot\u00e1zku ?<\/strong><\/h2>\n<p>[\/fusion_text][fusion_text columns=&#8221;&#8221; column_min_width=&#8221;&#8221; column_spacing=&#8221;&#8221; rule_style=&#8221;default&#8221; rule_size=&#8221;&#8221; rule_color=&#8221;&#8221; hide_on_mobile=&#8221;small-visibility,medium-visibility,large-visibility&#8221; class=&#8221;&#8221; id=&#8221;&#8221;]<\/p>\n<div role=\"form\" class=\"wpcf7\" id=\"wpcf7-f30-o1\" lang=\"sk-SK\" dir=\"ltr\">\n<div class=\"screen-reader-response\"><p role=\"status\" aria-live=\"polite\" aria-atomic=\"true\"><\/p> <ul><\/ul><\/div>\n<form action=\"\/archiv\/2023\/wp-json\/wp\/v2\/pages\/1318#wpcf7-f30-o1\" method=\"post\" class=\"wpcf7-form init\" novalidate=\"novalidate\" data-status=\"init\">\n<div style=\"display: none;\">\n<input type=\"hidden\" name=\"_wpcf7\" value=\"30\" \/>\n<input type=\"hidden\" name=\"_wpcf7_version\" value=\"5.5.6.1\" \/>\n<input type=\"hidden\" name=\"_wpcf7_locale\" value=\"sk_SK\" \/>\n<input type=\"hidden\" name=\"_wpcf7_unit_tag\" value=\"wpcf7-f30-o1\" \/>\n<input type=\"hidden\" name=\"_wpcf7_container_post\" value=\"0\" \/>\n<input type=\"hidden\" name=\"_wpcf7_posted_data_hash\" value=\"\" \/>\n<input type=\"hidden\" name=\"_wpcf7cf_hidden_group_fields\" value=\"\" \/>\n<input type=\"hidden\" name=\"_wpcf7cf_hidden_groups\" value=\"\" \/>\n<input type=\"hidden\" name=\"_wpcf7cf_visible_groups\" value=\"\" \/>\n<input type=\"hidden\" name=\"_wpcf7cf_repeaters\" value=\"[]\" \/>\n<input type=\"hidden\" name=\"_wpcf7cf_steps\" value=\"{}\" \/>\n<input type=\"hidden\" name=\"_wpcf7cf_options\" value=\"{&quot;form_id&quot;:30,&quot;conditions&quot;:[],&quot;settings&quot;:{&quot;animation&quot;:&quot;yes&quot;,&quot;animation_intime&quot;:200,&quot;animation_outtime&quot;:200,&quot;notice_dismissed&quot;:false}}\" \/>\n<input type=\"hidden\" name=\"_wpcf7_recaptcha_response\" value=\"\" \/>\n<\/div>\n<p><label> Va\u0161e meno (povinn\u00e9)<br \/>\n    <span class=\"wpcf7-form-control-wrap your-name\"><input type=\"text\" name=\"your-name\" value=\"\" size=\"40\" class=\"wpcf7-form-control wpcf7-text wpcf7-validates-as-required\" aria-required=\"true\" aria-invalid=\"false\" \/><\/span> <\/label><\/p>\n<p><label> V\u00e1\u0161 email (povinn\u00e9)<br \/>\n    <span class=\"wpcf7-form-control-wrap your-email\"><input type=\"email\" name=\"your-email\" value=\"\" size=\"40\" class=\"wpcf7-form-control wpcf7-text wpcf7-email wpcf7-validates-as-required wpcf7-validates-as-email\" aria-required=\"true\" aria-invalid=\"false\" \/><\/span> <\/label><\/p>\n<p><label> Predmet<br \/>\n    <span class=\"wpcf7-form-control-wrap your-subject\"><input type=\"text\" name=\"your-subject\" value=\"\" size=\"40\" class=\"wpcf7-form-control wpcf7-text\" aria-invalid=\"false\" \/><\/span> <\/label><\/p>\n<p><label> Va\u0161a spr\u00e1va<br \/>\n    <span class=\"wpcf7-form-control-wrap your-message\"><textarea name=\"your-message\" cols=\"40\" rows=\"10\" class=\"wpcf7-form-control wpcf7-textarea\" aria-invalid=\"false\"><\/textarea><\/span> <\/label><\/p>\n<p><input type=\"submit\" value=\"Odo\u0161li\" class=\"wpcf7-form-control has-spinner wpcf7-submit\" \/><\/p>\n<div class=\"wpcf7-response-output\" aria-hidden=\"true\"><\/div><\/form><\/div>\n<p>[\/fusion_text][fusion_separator style_type=&#8221;none&#8221; hide_on_mobile=&#8221;small-visibility,medium-visibility,large-visibility&#8221; class=&#8221;&#8221; id=&#8221;&#8221; sep_color=&#8221;&#8221; top_margin=&#8221;&#8221; bottom_margin=&#8221;&#8221; border_size=&#8221;5&#8243; icon=&#8221;&#8221; icon_circle=&#8221;&#8221; icon_circle_color=&#8221;&#8221; width=&#8221;&#8221; alignment=&#8221;center&#8221; \/][fusion_social_links icons_boxed=&#8221;yes&#8221; icons_boxed_radius=&#8221;&#8221; color_type=&#8221;brand&#8221; icon_colors=&#8221;&#8221; box_colors=&#8221;&#8221; tooltip_placement=&#8221;&#8221; blogger=&#8221;&#8221; deviantart=&#8221;&#8221; digg=&#8221;&#8221; dribbble=&#8221;&#8221; dropbox=&#8221;&#8221; facebook=&#8221;https:\/\/www.facebook.com\/ackofestival\/&#8221; flickr=&#8221;&#8221; forrst=&#8221;&#8221; googleplus=&#8221;&#8221; instagram=&#8221;https:\/\/www.instagram.com\/ackofestival\/&#8221; linkedin=&#8221;&#8221; myspace=&#8221;&#8221; paypal=&#8221;&#8221; pinterest=&#8221;&#8221; reddit=&#8221;&#8221; rss=&#8221;&#8221; skype=&#8221;&#8221; soundcloud=&#8221;&#8221; spotify=&#8221;&#8221; tumblr=&#8221;&#8221; twitter=&#8221;&#8221; vimeo=&#8221;&#8221; vk=&#8221;&#8221; whatsapp=&#8221;&#8221; xing=&#8221;&#8221; yahoo=&#8221;&#8221; yelp=&#8221;&#8221; youtube=&#8221;https:\/\/www.youtube.com\/channel\/UCe6d3qr4UPUTVhv89Lw21pA&#8221; email=&#8221;&#8221; show_custom=&#8221;no&#8221; alignment=&#8221;center&#8221; hide_on_mobile=&#8221;small-visibility,medium-visibility,large-visibility&#8221; class=&#8221;&#8221; id=&#8221;&#8221; \/][\/fusion_builder_column][\/fusion_builder_row][\/fusion_builder_container][fusion_global id=&#8221;1958&#8243;]<\/p>\n","protected":false},"excerpt":{"rendered":"<p>[fusion_builder_container background_color=&#8221;&#8221; background_image=&#8221;&#8221; background_parallax=&#8221;none&#8221; enable_mobile=&#8221;no&#8221; parallax_speed=&#8221;0.3&#8243; background_repeat=&#8221;no-repeat&#8221; background_position=&#8221;center center&#8221; video_url=&#8221;&#8221; video_aspect_ratio=&#8221;16:9&#8243; video_webm=&#8221;&#8221; video_mp4=&#8221;&#8221; video_ogv=&#8221;&#8221; video_preview_image=&#8221;&#8221; overlay_color=&#8221;&#8221; video_mute=&#8221;yes&#8221; video_loop=&#8221;yes&#8221; fade=&#8221;no&#8221; border_size=&#8221;0px&#8221; border_color=&#8221;&#8221; border_style=&#8221;solid&#8221; padding_top=&#8221;90&#8243; padding_bottom=&#8221;90&#8243; padding_left=&#8221;15%&#8221; padding_right=&#8221;15%&#8221; hundred_percent=&#8221;no&#8221; equal_height_columns=&#8221;no&#8221; hide_on_mobile=&#8221;no&#8221; menu_anchor=&#8221;&#8221; class=&#8221;&#8221; id=&#8221;&#8221; admin_label=&#8221;Forma&#8221; admin_toggled=&#8221;no&#8221;][fusion_builder_row][fusion_builder_column type=&#8221;1_1&#8243; layout=&#8221;1_1&#8243; background_position=&#8221;left top&#8221; background_color=&#8221;&#8221; border_size=&#8221;&#8221; border_color=&#8221;&#8221; border_style=&#8221;solid&#8221; spacing=&#8221;yes&#8221; background_image=&#8221;&#8221; background_repeat=&#8221;no-repeat&#8221; padding_top=&#8221;&#8221; padding_right=&#8221;&#8221; padding_bottom=&#8221;&#8221; padding_left=&#8221;&#8221; margin_top=&#8221;0px&#8221; margin_bottom=&#8221;0px&#8221; class=&#8221;&#8221; id=&#8221;&#8221; animation_type=&#8221;&#8221; animation_speed=&#8221;0.3&#8243; &hellip; <\/p>\n<p class=\"link-more\"><a href=\"https:\/\/festivalacko.sk\/archiv\/2023\/kontakt\/\" class=\"more-link\">Pokra\u010dova\u0165 v \u010d\u00edtan\u00ed<span class=\"screen-reader-text\"> &#8220;Kontakt&#8221;<\/span><\/a><\/p>\n","protected":false},"author":1,"featured_media":0,"parent":0,"menu_order":0,"comment_status":"closed","ping_status":"closed","template":"","meta":{"_uag_custom_page_level_css":"","_monsterinsights_skip_tracking":false,"_monsterinsights_sitenote_active":false,"_monsterinsights_sitenote_note":"","_monsterinsights_sitenote_category":0},"uagb_featured_image_src":{"full":false,"thumbnail":false,"medium":false,"medium_large":false,"large":false,"master_addons_team_thumb":false,"1536x1536":false,"2048x2048":false,"post-thumbnail":false},"uagb_author_info":{"display_name":"festivalacko","author_link":"https:\/\/festivalacko.sk\/archiv\/2023\/author\/festivalacko\/"},"uagb_comment_info":0,"uagb_excerpt":"[fusion_builder_container background_color=&#8221;&#8221; background_image=&#8221;&#8221; background_parallax=&#8221;none&#8221; enable_mobile=&#8221;no&#8221; parallax_speed=&#8221;0.3&#8243; background_repeat=&#8221;no-repeat&#8221; background_position=&#8221;center center&#8221; video_url=&#8221;&#8221; video_aspect_ratio=&#8221;16:9&#8243; video_webm=&#8221;&#8221; video_mp4=&#8221;&#8221; video_ogv=&#8221;&#8221; video_preview_image=&#8221;&#8221; overlay_color=&#8221;&#8221; video_mute=&#8221;yes&#8221; video_loop=&#8221;yes&#8221; fade=&#8221;no&#8221; border_size=&#8221;0px&#8221; border_color=&#8221;&#8221; border_style=&#8221;solid&#8221; padding_top=&#8221;90&#8243; padding_bottom=&#8221;90&#8243; padding_left=&#8221;15%&#8221; padding_right=&#8221;15%&#8221; hundred_percent=&#8221;no&#8221; equal_height_columns=&#8221;no&#8221; hide_on_mobile=&#8221;no&#8221; menu_anchor=&#8221;&#8221; class=&#8221;&#8221; id=&#8221;&#8221; admin_label=&#8221;Forma&#8221; admin_toggled=&#8221;no&#8221;][fusion_builder_row][fusion_builder_column type=&#8221;1_1&#8243; layout=&#8221;1_1&#8243; background_position=&#8221;left top&#8221; background_color=&#8221;&#8221; border_size=&#8221;&#8221; border_color=&#8221;&#8221; border_style=&#8221;solid&#8221; spacing=&#8221;yes&#8221; background_image=&#8221;&#8221; background_repeat=&#8221;no-repeat&#8221; padding_top=&#8221;&#8221; padding_right=&#8221;&#8221; padding_bottom=&#8221;&#8221; padding_left=&#8221;&#8221; margin_top=&#8221;0px&#8221; margin_bottom=&#8221;0px&#8221; class=&#8221;&#8221; id=&#8221;&#8221; animation_type=&#8221;&#8221; animation_speed=&#8221;0.3&#8243;&hellip;","_links":{"self":[{"href":"https:\/\/festivalacko.sk\/archiv\/2023\/wp-json\/wp\/v2\/pages\/1318"}],"collection":[{"href":"https:\/\/festivalacko.sk\/archiv\/2023\/wp-json\/wp\/v2\/pages"}],"about":[{"href":"https:\/\/festivalacko.sk\/archiv\/2023\/wp-json\/wp\/v2\/types\/page"}],"author":[{"embeddable":true,"href":"https:\/\/festivalacko.sk\/archiv\/2023\/wp-json\/wp\/v2\/users\/1"}],"replies":[{"embeddable":true,"href":"https:\/\/festivalacko.sk\/archiv\/2023\/wp-json\/wp\/v2\/comments?post=1318"}],"version-history":[{"count":6,"href":"https:\/\/festivalacko.sk\/archiv\/2023\/wp-json\/wp\/v2\/pages\/1318\/revisions"}],"predecessor-version":[{"id":1967,"href":"https:\/\/festivalacko.sk\/archiv\/2023\/wp-json\/wp\/v2\/pages\/1318\/revisions\/1967"}],"wp:attachment":[{"href":"https:\/\/festivalacko.sk\/archiv\/2023\/wp-json\/wp\/v2\/media?parent=1318"}],"curies":[{"name":"wp","href":"https:\/\/api.w.org\/{rel}","templated":true}]}}