{"id":4459,"date":"2022-01-12T02:29:02","date_gmt":"2022-01-12T01:29:02","guid":{"rendered":"https:\/\/festivalacko.sk\/archiv\/2023\/?page_id=4459"},"modified":"2022-01-12T02:31:16","modified_gmt":"2022-01-12T01:31:16","slug":"archiv-2021-2","status":"publish","type":"page","link":"https:\/\/festivalacko.sk\/archiv\/2023\/archiv-2021-2\/","title":{"rendered":"Archiv 2021"},"content":{"rendered":"\t\t<div data-elementor-type=\"wp-page\" data-elementor-id=\"4459\" class=\"elementor elementor-4459\" data-elementor-settings=\"[]\">\n\t\t\t\t\t\t<div class=\"elementor-inner\">\n\t\t\t\t\t\t\t<div class=\"elementor-section-wrap\">\n\t\t\t\t\t\t\t<section class=\"has_ma_el_bg_slider elementor-section elementor-top-section elementor-element elementor-element-c3f4e7b elementor-section-boxed elementor-section-height-default elementor-section-height-default\" data-id=\"c3f4e7b\" data-element_type=\"section\" data-settings=\"{&quot;_ha_eqh_enable&quot;:false}\">\n\t\t\t\t\t\t<div class=\"elementor-container elementor-column-gap-default\">\n\t\t\t\t\t\t\t<div class=\"elementor-row\">\n\t\t\t\t\t<div class=\"has_ma_el_bg_slider elementor-column elementor-col-100 elementor-top-column elementor-element elementor-element-9fb791f\" data-id=\"9fb791f\" data-element_type=\"column\">\n\t\t\t<div class=\"elementor-column-wrap elementor-element-populated\">\n\t\t\t\t\t\t\t<div class=\"elementor-widget-wrap\">\n\t\t\t\t\t\t<div class=\"elementor-element elementor-element-fc314ea elementor-widget elementor-widget-text-editor\" data-id=\"fc314ea\" data-element_type=\"widget\" data-widget_type=\"text-editor.default\">\n\t\t\t\t<div class=\"elementor-widget-container\">\n\t\t\t\t\t\t\t\t<div class=\"elementor-text-editor elementor-clearfix\">\n\t\t\t\t<p>Festival \u00c1\u010dko 2020 je u konca a my by sme sa chceli po\u010fakova\u0165 v\u0161etk\u00fdm sponzorom a partnerom, \u017ee v\u00f4bec mohol by\u0165.<\/p>\n<p>\u010eakujeme menovite <a href=\"http:\/\/www.avf.sk\/home.aspx\">Audiovizu\u00e1lnemu fondu<\/a>, <a href=\"https:\/\/bratislavskykraj.sk\/\">Bratislavsk\u00e9mu samospr\u00e1vnemu kraju<\/a> a <a href=\"https:\/\/www.weinwurm.sk\/\">Fondu architekta Weinwurma<\/a>.&nbsp;<\/p><p>\u010eakujeme aj <a href=\"http:\/\/www.slovakproducers.com\/\">Slovenskej asoci\u00e1cii producentov v audiov\u00edzii<\/a> , Bluefaces, <a href=\"http:\/\/www.litfond.sk\/\">Liter\u00e1rnemu fondu<\/a>, <a href=\"https:\/\/www.jumpcat.sk\/\">JUMPCAT<\/a>u a Soundsgood.<\/p>\t\t\t\t\t<\/div>\n\t\t\t\t\t\t<\/div>\n\t\t\t\t<\/div>\n\t\t\t\t<div class=\"elementor-element elementor-element-2d640bd elementor-widget elementor-widget-text-editor\" data-id=\"2d640bd\" data-element_type=\"widget\" data-widget_type=\"text-editor.default\">\n\t\t\t\t<div class=\"elementor-widget-container\">\n\t\t\t\t\t\t\t\t<div class=\"elementor-text-editor elementor-clearfix\">\n\t\t\t\t<iframe loading=\"lazy\" src=\"https:\/\/player.vimeo.com\/video\/479272623\" width=\"640\" height=\"360\" frameborder=\"0\" allow=\"autoplay; fullscreen\" allowfullscreen><\/iframe>\n<iframe loading=\"lazy\" src=\"https:\/\/player.vimeo.com\/video\/479272606\" width=\"640\" height=\"360\" frameborder=\"0\" allow=\"autoplay; fullscreen\" allowfullscreen><\/iframe>\n<iframe loading=\"lazy\" src=\"https:\/\/player.vimeo.com\/video\/479272635\" width=\"640\" height=\"360\" frameborder=\"0\" allow=\"autoplay; fullscreen\" allowfullscreen><\/iframe>\t\t\t\t\t<\/div>\n\t\t\t\t\t\t<\/div>\n\t\t\t\t<\/div>\n\t\t\t\t<div class=\"elementor-element elementor-element-1e9e828 elementor-widget elementor-widget-image\" data-id=\"1e9e828\" data-element_type=\"widget\" data-widget_type=\"image.default\">\n\t\t\t\t<div class=\"elementor-widget-container\">\n\t\t\t\t\t\t\t\t<div class=\"elementor-image\">\n\t\t\t\t\t\t\t\t\t\t\t\t<img decoding=\"async\" width=\"640\" height=\"151\" src=\"https:\/\/festivalacko.sk\/archiv\/2023\/wp-content\/uploads\/2020\/11\/LOGAweb01-1024x241.png\" class=\"attachment-large size-large\" alt=\"\" loading=\"lazy\" srcset=\"https:\/\/festivalacko.sk\/archiv\/2023\/wp-content\/uploads\/2020\/11\/LOGAweb01-1024x241.png 1024w, https:\/\/festivalacko.sk\/archiv\/2023\/wp-content\/uploads\/2020\/11\/LOGAweb01-300x70.png 300w, https:\/\/festivalacko.sk\/archiv\/2023\/wp-content\/uploads\/2020\/11\/LOGAweb01-768x180.png 768w, https:\/\/festivalacko.sk\/archiv\/2023\/wp-content\/uploads\/2020\/11\/LOGAweb01.png 1366w\" sizes=\"(max-width: 34.9rem) calc(100vw - 2rem), (max-width: 53rem) calc(8 * (100vw \/ 12)), (min-width: 53rem) calc(6 * (100vw \/ 12)), 100vw\" \/>\t\t\t\t\t\t\t\t\t\t\t\t\t\t<\/div>\n\t\t\t\t\t\t<\/div>\n\t\t\t\t<\/div>\n\t\t\t\t\t\t<\/div>\n\t\t\t\t\t<\/div>\n\t\t<\/div>\n\t\t\t\t\t\t\t\t<\/div>\n\t\t\t\t\t<\/div>\n\t\t<\/section>\n\t\t\t\t<section class=\"has_ma_el_bg_slider elementor-section elementor-top-section elementor-element elementor-element-887c8a4 elementor-section-boxed elementor-section-height-default elementor-section-height-default\" data-id=\"887c8a4\" data-element_type=\"section\" data-settings=\"{&quot;_ha_eqh_enable&quot;:false}\">\n\t\t\t\t\t\t<div class=\"elementor-container elementor-column-gap-default\">\n\t\t\t\t\t\t\t<div class=\"elementor-row\">\n\t\t\t\t\t<div class=\"has_ma_el_bg_slider elementor-column elementor-col-100 elementor-top-column elementor-element elementor-element-bd217c2\" data-id=\"bd217c2\" data-element_type=\"column\">\n\t\t\t<div class=\"elementor-column-wrap elementor-element-populated\">\n\t\t\t\t\t\t\t<div class=\"elementor-widget-wrap\">\n\t\t\t\t\t\t<div class=\"elementor-element elementor-element-411e48e elementor-widget elementor-widget-image\" data-id=\"411e48e\" data-element_type=\"widget\" data-widget_type=\"image.default\">\n\t\t\t\t<div class=\"elementor-widget-container\">\n\t\t\t\t\t\t\t\t<div class=\"elementor-image\">\n\t\t\t\t\t\t\t\t\t\t\t\t<img decoding=\"async\" width=\"640\" height=\"151\" src=\"https:\/\/festivalacko.sk\/archiv\/2023\/wp-content\/uploads\/2020\/11\/logaWEB02-1024x241.png\" class=\"attachment-large size-large\" alt=\"\" loading=\"lazy\" srcset=\"https:\/\/festivalacko.sk\/archiv\/2023\/wp-content\/uploads\/2020\/11\/logaWEB02-1024x241.png 1024w, https:\/\/festivalacko.sk\/archiv\/2023\/wp-content\/uploads\/2020\/11\/logaWEB02-300x70.png 300w, https:\/\/festivalacko.sk\/archiv\/2023\/wp-content\/uploads\/2020\/11\/logaWEB02-768x180.png 768w, https:\/\/festivalacko.sk\/archiv\/2023\/wp-content\/uploads\/2020\/11\/logaWEB02.png 1366w\" sizes=\"(max-width: 34.9rem) calc(100vw - 2rem), (max-width: 53rem) calc(8 * (100vw \/ 12)), (min-width: 53rem) calc(6 * (100vw \/ 12)), 100vw\" \/>\t\t\t\t\t\t\t\t\t\t\t\t\t\t<\/div>\n\t\t\t\t\t\t<\/div>\n\t\t\t\t<\/div>\n\t\t\t\t\t\t<\/div>\n\t\t\t\t\t<\/div>\n\t\t<\/div>\n\t\t\t\t\t\t\t\t<\/div>\n\t\t\t\t\t<\/div>\n\t\t<\/section>\n\t\t\t\t<section class=\"has_ma_el_bg_slider elementor-section elementor-top-section elementor-element elementor-element-ce6238a elementor-section-boxed elementor-section-height-default elementor-section-height-default\" data-id=\"ce6238a\" data-element_type=\"section\" data-settings=\"{&quot;_ha_eqh_enable&quot;:false}\">\n\t\t\t\t\t\t<div class=\"elementor-container elementor-column-gap-default\">\n\t\t\t\t\t\t\t<div class=\"elementor-row\">\n\t\t\t\t\t<div class=\"has_ma_el_bg_slider elementor-column elementor-col-100 elementor-top-column elementor-element elementor-element-6fd93bd\" data-id=\"6fd93bd\" data-element_type=\"column\">\n\t\t\t<div class=\"elementor-column-wrap elementor-element-populated\">\n\t\t\t\t\t\t\t<div class=\"elementor-widget-wrap\">\n\t\t\t\t\t\t<div class=\"elementor-element elementor-element-748833a elementor-widget elementor-widget-image\" data-id=\"748833a\" data-element_type=\"widget\" data-widget_type=\"image.default\">\n\t\t\t\t<div class=\"elementor-widget-container\">\n\t\t\t\t\t\t\t\t<div class=\"elementor-image\">\n\t\t\t\t\t\t\t\t\t\t\t\t<img decoding=\"async\" width=\"640\" height=\"151\" src=\"https:\/\/festivalacko.sk\/archiv\/2023\/wp-content\/uploads\/2020\/11\/partneri-1024x241.png\" class=\"attachment-large size-large\" alt=\"\" loading=\"lazy\" srcset=\"https:\/\/festivalacko.sk\/archiv\/2023\/wp-content\/uploads\/2020\/11\/partneri-1024x241.png 1024w, https:\/\/festivalacko.sk\/archiv\/2023\/wp-content\/uploads\/2020\/11\/partneri-300x70.png 300w, https:\/\/festivalacko.sk\/archiv\/2023\/wp-content\/uploads\/2020\/11\/partneri-768x180.png 768w, https:\/\/festivalacko.sk\/archiv\/2023\/wp-content\/uploads\/2020\/11\/partneri.png 1366w\" sizes=\"(max-width: 34.9rem) calc(100vw - 2rem), (max-width: 53rem) calc(8 * (100vw \/ 12)), (min-width: 53rem) calc(6 * (100vw \/ 12)), 100vw\" \/>\t\t\t\t\t\t\t\t\t\t\t\t\t\t<\/div>\n\t\t\t\t\t\t<\/div>\n\t\t\t\t<\/div>\n\t\t\t\t\t\t<\/div>\n\t\t\t\t\t<\/div>\n\t\t<\/div>\n\t\t\t\t\t\t\t\t<\/div>\n\t\t\t\t\t<\/div>\n\t\t<\/section>\n\t\t\t\t<section class=\"has_ma_el_bg_slider elementor-section elementor-top-section elementor-element elementor-element-e361e1a elementor-section-boxed elementor-section-height-default elementor-section-height-default\" data-id=\"e361e1a\" data-element_type=\"section\" data-settings=\"{&quot;_ha_eqh_enable&quot;:false}\">\n\t\t\t\t\t\t<div class=\"elementor-container elementor-column-gap-default\">\n\t\t\t\t\t\t\t<div class=\"elementor-row\">\n\t\t\t\t\t<div class=\"has_ma_el_bg_slider elementor-column elementor-col-100 elementor-top-column elementor-element elementor-element-2c86505\" data-id=\"2c86505\" data-element_type=\"column\">\n\t\t\t<div class=\"elementor-column-wrap elementor-element-populated\">\n\t\t\t\t\t\t\t<div class=\"elementor-widget-wrap\">\n\t\t\t\t\t\t<div class=\"elementor-element elementor-element-fe56246 elementor-shape-rounded elementor-grid-0 e-grid-align-center elementor-widget elementor-widget-social-icons\" data-id=\"fe56246\" data-element_type=\"widget\" data-widget_type=\"social-icons.default\">\n\t\t\t\t<div class=\"elementor-widget-container\">\n\t\t\t\t\t<div class=\"elementor-social-icons-wrapper elementor-grid\">\n\t\t\t\t\t\t\t<span class=\"elementor-grid-item\">\n\t\t\t\t\t<a class=\"elementor-icon elementor-social-icon elementor-social-icon-instagram elementor-repeater-item-791d873\" href=\"https:\/\/www.instagram.com\/ackofestival\/\" target=\"_blank\">\n\t\t\t\t\t\t<span class=\"elementor-screen-only\">Instagram<\/span>\n\t\t\t\t\t\t<i class=\"fab fa-instagram\"><\/i>\t\t\t\t\t<\/a>\n\t\t\t\t<\/span>\n\t\t\t\t\t\t\t<span class=\"elementor-grid-item\">\n\t\t\t\t\t<a class=\"elementor-icon elementor-social-icon elementor-social-icon-facebook elementor-repeater-item-cead9e3\" href=\"https:\/\/www.facebook.com\/ackofestival\" target=\"_blank\">\n\t\t\t\t\t\t<span class=\"elementor-screen-only\">Facebook<\/span>\n\t\t\t\t\t\t<i class=\"fab fa-facebook\"><\/i>\t\t\t\t\t<\/a>\n\t\t\t\t<\/span>\n\t\t\t\t\t\t\t<span class=\"elementor-grid-item\">\n\t\t\t\t\t<a class=\"elementor-icon elementor-social-icon elementor-social-icon-youtube elementor-repeater-item-3f64cc1\" href=\"https:\/\/www.youtube.com\/user\/ackofestival\" target=\"_blank\">\n\t\t\t\t\t\t<span class=\"elementor-screen-only\">Youtube<\/span>\n\t\t\t\t\t\t<i class=\"fab fa-youtube\"><\/i>\t\t\t\t\t<\/a>\n\t\t\t\t<\/span>\n\t\t\t\t\t<\/div>\n\t\t\t\t<\/div>\n\t\t\t\t<\/div>\n\t\t\t\t\t\t<\/div>\n\t\t\t\t\t<\/div>\n\t\t<\/div>\n\t\t\t\t\t\t\t\t<\/div>\n\t\t\t\t\t<\/div>\n\t\t<\/section>\n\t\t\t\t\t\t<\/div>\n\t\t\t\t\t\t<\/div>\n\t\t\t\t\t<\/div>\n\t\t","protected":false},"excerpt":{"rendered":"<p>Festival \u00c1\u010dko 2020 je u konca a my by sme sa chceli po\u010fakova\u0165 v\u0161etk\u00fdm sponzorom a partnerom, \u017ee v\u00f4bec mohol by\u0165. \u010eakujeme menovite Audiovizu\u00e1lnemu fondu, Bratislavsk\u00e9mu samospr\u00e1vnemu kraju a Fondu architekta Weinwurma.&nbsp; \u010eakujeme aj Slovenskej asoci\u00e1cii producentov v audiov\u00edzii , Bluefaces, Liter\u00e1rnemu fondu, JUMPCATu a Soundsgood. Instagram Facebook Youtube<\/p>\n","protected":false},"author":1,"featured_media":0,"parent":0,"menu_order":0,"comment_status":"closed","ping_status":"closed","template":"","meta":{"_uag_custom_page_level_css":"","_monsterinsights_skip_tracking":false,"_monsterinsights_sitenote_active":false,"_monsterinsights_sitenote_note":"","_monsterinsights_sitenote_category":0},"uagb_featured_image_src":{"full":false,"thumbnail":false,"medium":false,"medium_large":false,"large":false,"master_addons_team_thumb":false,"1536x1536":false,"2048x2048":false,"post-thumbnail":false},"uagb_author_info":{"display_name":"festivalacko","author_link":"https:\/\/festivalacko.sk\/archiv\/2023\/author\/festivalacko\/"},"uagb_comment_info":0,"uagb_excerpt":"Festival \u00c1\u010dko 2020 je u konca a my by sme sa chceli po\u010fakova\u0165 v\u0161etk\u00fdm sponzorom a partnerom, \u017ee v\u00f4bec mohol by\u0165. \u010eakujeme menovite Audiovizu\u00e1lnemu fondu, Bratislavsk\u00e9mu samospr\u00e1vnemu kraju a Fondu architekta Weinwurma.&nbsp; \u010eakujeme aj Slovenskej asoci\u00e1cii producentov v audiov\u00edzii , Bluefaces, Liter\u00e1rnemu fondu, JUMPCATu a Soundsgood. Instagram Facebook Youtube","_links":{"self":[{"href":"https:\/\/festivalacko.sk\/archiv\/2023\/wp-json\/wp\/v2\/pages\/4459"}],"collection":[{"href":"https:\/\/festivalacko.sk\/archiv\/2023\/wp-json\/wp\/v2\/pages"}],"about":[{"href":"https:\/\/festivalacko.sk\/archiv\/2023\/wp-json\/wp\/v2\/types\/page"}],"author":[{"embeddable":true,"href":"https:\/\/festivalacko.sk\/archiv\/2023\/wp-json\/wp\/v2\/users\/1"}],"replies":[{"embeddable":true,"href":"https:\/\/festivalacko.sk\/archiv\/2023\/wp-json\/wp\/v2\/comments?post=4459"}],"version-history":[{"count":2,"href":"https:\/\/festivalacko.sk\/archiv\/2023\/wp-json\/wp\/v2\/pages\/4459\/revisions"}],"predecessor-version":[{"id":4462,"href":"https:\/\/festivalacko.sk\/archiv\/2023\/wp-json\/wp\/v2\/pages\/4459\/revisions\/4462"}],"wp:attachment":[{"href":"https:\/\/festivalacko.sk\/archiv\/2023\/wp-json\/wp\/v2\/media?parent=4459"}],"curies":[{"name":"wp","href":"https:\/\/api.w.org\/{rel}","templated":true}]}}