{"id":4645,"date":"2022-05-26T18:55:25","date_gmt":"2022-05-26T16:55:25","guid":{"rendered":"https:\/\/festivalacko.sk\/archiv\/2023\/?page_id=4645"},"modified":"2022-05-29T13:34:52","modified_gmt":"2022-05-29T11:34:52","slug":"o-festivale-2","status":"publish","type":"page","link":"https:\/\/festivalacko.sk\/archiv\/2023\/o-festivale-2\/","title":{"rendered":"O festivale"},"content":{"rendered":"\t\t<div data-elementor-type=\"wp-page\" data-elementor-id=\"4645\" class=\"elementor elementor-4645\" data-elementor-settings=\"[]\">\n\t\t\t\t\t\t<div class=\"elementor-inner\">\n\t\t\t\t\t\t\t<div class=\"elementor-section-wrap\">\n\t\t\t\t\t\t\t<section class=\"has_ma_el_bg_slider elementor-section elementor-top-section elementor-element elementor-element-3cf097a3 elementor-section-boxed elementor-section-height-default elementor-section-height-default\" data-id=\"3cf097a3\" data-element_type=\"section\" data-settings=\"{&quot;background_background&quot;:&quot;classic&quot;,&quot;_ha_eqh_enable&quot;:false}\">\n\t\t\t\t\t\t<div class=\"elementor-container elementor-column-gap-default\">\n\t\t\t\t\t\t\t<div class=\"elementor-row\">\n\t\t\t\t\t<div class=\"has_ma_el_bg_slider elementor-column elementor-col-100 elementor-top-column elementor-element elementor-element-3d9f7b00\" data-id=\"3d9f7b00\" data-element_type=\"column\">\n\t\t\t<div class=\"elementor-column-wrap elementor-element-populated\">\n\t\t\t\t\t\t\t<div class=\"elementor-widget-wrap\">\n\t\t\t\t\t\t<div class=\"elementor-element elementor-element-4076b8a elementor-widget elementor-widget-heading\" data-id=\"4076b8a\" data-element_type=\"widget\" data-widget_type=\"heading.default\">\n\t\t\t\t<div class=\"elementor-widget-container\">\n\t\t\t<h1 class=\"elementor-heading-title elementor-size-default\">O festivale<\/h1>\t\t<\/div>\n\t\t\t\t<\/div>\n\t\t\t\t\t\t<\/div>\n\t\t\t\t\t<\/div>\n\t\t<\/div>\n\t\t\t\t\t\t\t\t<\/div>\n\t\t\t\t\t<\/div>\n\t\t<\/section>\n\t\t\t\t<section class=\"has_ma_el_bg_slider elementor-section elementor-top-section elementor-element elementor-element-503cb89e elementor-section-boxed elementor-section-height-default elementor-section-height-default\" data-id=\"503cb89e\" data-element_type=\"section\" data-settings=\"{&quot;_ha_eqh_enable&quot;:false}\">\n\t\t\t\t\t\t<div class=\"elementor-container elementor-column-gap-default\">\n\t\t\t\t\t\t\t<div class=\"elementor-row\">\n\t\t\t\t\t<div class=\"has_ma_el_bg_slider elementor-column elementor-col-50 elementor-top-column elementor-element elementor-element-45f11c98\" data-id=\"45f11c98\" data-element_type=\"column\">\n\t\t\t<div class=\"elementor-column-wrap elementor-element-populated\">\n\t\t\t\t\t\t\t<div class=\"elementor-widget-wrap\">\n\t\t\t\t\t\t<div class=\"elementor-element elementor-element-4f6378 elementor-widget elementor-widget-image\" data-id=\"4f6378\" data-element_type=\"widget\" data-widget_type=\"image.default\">\n\t\t\t\t<div class=\"elementor-widget-container\">\n\t\t\t\t\t\t\t\t<div class=\"elementor-image\">\n\t\t\t\t\t\t\t\t\t\t\t\t<img decoding=\"async\" width=\"734\" height=\"1359\" src=\"https:\/\/festivalacko.sk\/archiv\/2023\/wp-content\/uploads\/2020\/11\/cropped-logo.png\" class=\"attachment-full size-full\" alt=\"\" loading=\"lazy\" srcset=\"https:\/\/festivalacko.sk\/archiv\/2023\/wp-content\/uploads\/2020\/11\/cropped-logo.png 734w, https:\/\/festivalacko.sk\/archiv\/2023\/wp-content\/uploads\/2020\/11\/cropped-logo-162x300.png 162w, https:\/\/festivalacko.sk\/archiv\/2023\/wp-content\/uploads\/2020\/11\/cropped-logo-553x1024.png 553w\" sizes=\"(max-width: 34.9rem) calc(100vw - 2rem), (max-width: 53rem) calc(8 * (100vw \/ 12)), (min-width: 53rem) calc(6 * (100vw \/ 12)), 100vw\" \/>\t\t\t\t\t\t\t\t\t\t\t\t\t\t<\/div>\n\t\t\t\t\t\t<\/div>\n\t\t\t\t<\/div>\n\t\t\t\t\t\t<\/div>\n\t\t\t\t\t<\/div>\n\t\t<\/div>\n\t\t\t\t<div class=\"has_ma_el_bg_slider elementor-column elementor-col-50 elementor-top-column elementor-element elementor-element-309651f\" data-id=\"309651f\" data-element_type=\"column\">\n\t\t\t<div class=\"elementor-column-wrap elementor-element-populated\">\n\t\t\t\t\t\t\t<div class=\"elementor-widget-wrap\">\n\t\t\t\t\t\t<div class=\"elementor-element elementor-element-396e8d9 elementor-widget elementor-widget-text-editor\" data-id=\"396e8d9\" data-element_type=\"widget\" data-widget_type=\"text-editor.default\">\n\t\t\t\t<div class=\"elementor-widget-container\">\n\t\t\t\t\t\t\t\t<div class=\"elementor-text-editor elementor-clearfix\">\n\t\t\t\t<p>Festival \u00c1\u010dko, ktor\u00fd sa ako jedin\u00fd festival tohto zamerania na Slovensku sna\u017e\u00ed upriami\u0165 pozornos\u0165 na \u0161tudentsk\u00fa tvorbu, patr\u00ed u\u017e k st\u00e1liciam na Slovenskom festivalom trhu. D\u00f4kazom je aj jeho u\u017e vy\u0161e 20-ro\u010dn\u00e1 existencia. Svojim programom sa prim\u00e1rne zameriava na prezent\u00e1ciu aktu\u00e1lnej kinematografickej tvorby \u0161tudentov nielen FTF V\u0160MU, ale aj in\u00fdch vzdel\u00e1vac\u00edch in\u0161tit\u00facii zameran\u00fdch na filmov\u00e9 umenie a multim\u00e9di\u00e1. Z\u00e1rove\u0148 otv\u00e1ra diskusiu medzi \u0161tudentmi \u2013 za\u010d\u00ednaj\u00facimi tvorcami a odborn\u00edkmi o aktu\u00e1lnom stave a smerovan\u00ed filmovej tvorby.<\/p>\n\n<p>Prim\u00e1rnou cie\u013eovou skupinou s\u00fa \u0161tudenti a pedag\u00f3govia vysok\u00fdch \u0161k\u00f4l zameran\u00fdch na film a audiov\u00edziu. Festival \u00c1\u010dko v\u0161ak nezab\u00fada ani na filmov\u00fdch nad\u0161encov, z\u00e1ujemcov o \u0161t\u00fadium na filmovej \u0161kole a \u0161irok\u00fa verejnos\u0165 so z\u00e1ujmom o filmov\u00fa kult\u00faru. V neposlednom rade by sme \u0161tudentsk\u00fa filmov\u00fa tvorbu radi predstavili potenci\u00e1lnym filmov\u00fdm producentom a distribut\u00e9rom na Slovensku.<\/p>\n\n<p>Hlavnou \u00falohou festivalu je in\u0161pirova\u0165, motivova\u0165 a podporova\u0165 mlad\u00fdch n\u00e1dejn\u00fdch tvorcov vo vytv\u00e1ran\u00ed nov\u00fdch projektov. Prostredn\u00edctvom projekci\u00ed a n\u00e1sledn\u00fdch diskusi\u00ed im vytv\u00e1rame priestor na vz\u00e1jomn\u00fa konfront\u00e1ciu a nadviazanie spolupr\u00e1ce nielen v r\u00e1mci SR aj v zahrani\u010d\u00ed. Z\u00e1rove\u0148 sa im touto prehliadkou otv\u00e1ra br\u00e1na k \u00fa\u010dasti na \u010fal\u0161\u00edch dom\u00e1cich a zahrani\u010dn\u00fdch festivaloch.<\/p>\t\t\t\t\t<\/div>\n\t\t\t\t\t\t<\/div>\n\t\t\t\t<\/div>\n\t\t\t\t\t\t<\/div>\n\t\t\t\t\t<\/div>\n\t\t<\/div>\n\t\t\t\t\t\t\t\t<\/div>\n\t\t\t\t\t<\/div>\n\t\t<\/section>\n\t\t\t\t\t\t<\/div>\n\t\t\t\t\t\t<\/div>\n\t\t\t\t\t<\/div>\n\t\t","protected":false},"excerpt":{"rendered":"<p>O festivale Festival \u00c1\u010dko, ktor\u00fd sa ako jedin\u00fd festival tohto zamerania na Slovensku sna\u017e\u00ed upriami\u0165 pozornos\u0165 na \u0161tudentsk\u00fa tvorbu, patr\u00ed u\u017e k st\u00e1liciam na Slovenskom festivalom trhu. D\u00f4kazom je aj jeho u\u017e vy\u0161e 20-ro\u010dn\u00e1 existencia. Svojim programom sa prim\u00e1rne zameriava na prezent\u00e1ciu aktu\u00e1lnej kinematografickej tvorby \u0161tudentov nielen FTF V\u0160MU, ale aj in\u00fdch vzdel\u00e1vac\u00edch in\u0161tit\u00facii zameran\u00fdch &hellip; <\/p>\n<p class=\"link-more\"><a href=\"https:\/\/festivalacko.sk\/archiv\/2023\/o-festivale-2\/\" class=\"more-link\">Pokra\u010dova\u0165 v \u010d\u00edtan\u00ed<span class=\"screen-reader-text\"> &#8220;O festivale&#8221;<\/span><\/a><\/p>\n","protected":false},"author":1,"featured_media":0,"parent":0,"menu_order":0,"comment_status":"closed","ping_status":"closed","template":"","meta":{"_uag_custom_page_level_css":"","_monsterinsights_skip_tracking":false,"_monsterinsights_sitenote_active":false,"_monsterinsights_sitenote_note":"","_monsterinsights_sitenote_category":0},"uagb_featured_image_src":{"full":false,"thumbnail":false,"medium":false,"medium_large":false,"large":false,"master_addons_team_thumb":false,"1536x1536":false,"2048x2048":false,"post-thumbnail":false},"uagb_author_info":{"display_name":"festivalacko","author_link":"https:\/\/festivalacko.sk\/archiv\/2023\/author\/festivalacko\/"},"uagb_comment_info":0,"uagb_excerpt":"O festivale Festival \u00c1\u010dko, ktor\u00fd sa ako jedin\u00fd festival tohto zamerania na Slovensku sna\u017e\u00ed upriami\u0165 pozornos\u0165 na \u0161tudentsk\u00fa tvorbu, patr\u00ed u\u017e k st\u00e1liciam na Slovenskom festivalom trhu. D\u00f4kazom je aj jeho u\u017e vy\u0161e 20-ro\u010dn\u00e1 existencia. Svojim programom sa prim\u00e1rne zameriava na prezent\u00e1ciu aktu\u00e1lnej kinematografickej tvorby \u0161tudentov nielen FTF V\u0160MU, ale aj in\u00fdch vzdel\u00e1vac\u00edch in\u0161tit\u00facii zameran\u00fdch&hellip;","_links":{"self":[{"href":"https:\/\/festivalacko.sk\/archiv\/2023\/wp-json\/wp\/v2\/pages\/4645"}],"collection":[{"href":"https:\/\/festivalacko.sk\/archiv\/2023\/wp-json\/wp\/v2\/pages"}],"about":[{"href":"https:\/\/festivalacko.sk\/archiv\/2023\/wp-json\/wp\/v2\/types\/page"}],"author":[{"embeddable":true,"href":"https:\/\/festivalacko.sk\/archiv\/2023\/wp-json\/wp\/v2\/users\/1"}],"replies":[{"embeddable":true,"href":"https:\/\/festivalacko.sk\/archiv\/2023\/wp-json\/wp\/v2\/comments?post=4645"}],"version-history":[{"count":6,"href":"https:\/\/festivalacko.sk\/archiv\/2023\/wp-json\/wp\/v2\/pages\/4645\/revisions"}],"predecessor-version":[{"id":4860,"href":"https:\/\/festivalacko.sk\/archiv\/2023\/wp-json\/wp\/v2\/pages\/4645\/revisions\/4860"}],"wp:attachment":[{"href":"https:\/\/festivalacko.sk\/archiv\/2023\/wp-json\/wp\/v2\/media?parent=4645"}],"curies":[{"name":"wp","href":"https:\/\/api.w.org\/{rel}","templated":true}]}}