{"id":4681,"date":"2022-05-26T19:35:06","date_gmt":"2022-05-26T17:35:06","guid":{"rendered":"https:\/\/festivalacko.sk\/archiv\/2023\/?page_id=4681"},"modified":"2022-09-20T08:53:18","modified_gmt":"2022-09-20T06:53:18","slug":"statut-2022","status":"publish","type":"page","link":"https:\/\/festivalacko.sk\/archiv\/2023\/statut-2022\/","title":{"rendered":"\u0160tat\u00fat"},"content":{"rendered":"\t\t<div data-elementor-type=\"wp-page\" data-elementor-id=\"4681\" class=\"elementor elementor-4681\" data-elementor-settings=\"[]\">\n\t\t\t\t\t\t<div class=\"elementor-inner\">\n\t\t\t\t\t\t\t<div class=\"elementor-section-wrap\">\n\t\t\t\t\t\t\t<section class=\"has_ma_el_bg_slider elementor-section elementor-top-section elementor-element elementor-element-0c2ac60 elementor-section-boxed elementor-section-height-default elementor-section-height-default\" data-id=\"0c2ac60\" data-element_type=\"section\" data-settings=\"{&quot;_ha_eqh_enable&quot;:false}\">\n\t\t\t\t\t\t<div class=\"elementor-container elementor-column-gap-default\">\n\t\t\t\t\t\t\t<div class=\"elementor-row\">\n\t\t\t\t\t<div class=\"has_ma_el_bg_slider elementor-column elementor-col-100 elementor-top-column elementor-element elementor-element-562c33c\" data-id=\"562c33c\" data-element_type=\"column\">\n\t\t\t<div class=\"elementor-column-wrap elementor-element-populated\">\n\t\t\t\t\t\t\t<div class=\"elementor-widget-wrap\">\n\t\t\t\t\t\t<div class=\"elementor-element elementor-element-c964112 statut elementor-widget elementor-widget-text-editor\" data-id=\"c964112\" data-element_type=\"widget\" data-widget_type=\"text-editor.default\">\n\t\t\t\t<div class=\"elementor-widget-container\">\n\t\t\t\t\t\t\t\t<div class=\"elementor-text-editor elementor-clearfix\">\n\t\t\t\t<h1><strong>\u0160tat\u00fat<\/strong><\/h1>\n<strong>\u00a0<\/strong><br>\n\n<strong>Preambula<\/strong><br><br>\n\n<strong>1.1<\/strong><br><br>\n\nFestival \u0161tudentsk\u00fdch filmov \u00c1\u010cKO, \u010falej iba ako \u201dfestival\u201d,\u00a0 je neoddelite\u013enou s\u00fa\u010das\u0165ou akademick\u00e9ho \u017eivota Filmovej a telev\u00edznej fakulty Vysokej \u0161koly m\u00fazick\u00fdch umen\u00ed v Bratislave a \u010fal\u0161\u00edch slovensk\u00fdch \u0161kolsk\u00fdch vzdel\u00e1vac\u00edch in\u0161tit\u00facii pripravuj\u00facich odborn\u00edkov pre oblas\u0165 audiovizu\u00e1lnej tvorby, ako aj celej akademickej obce. Organiz\u00e1torom festivalu \u00c1\u010dko je Filmov\u00e1 a telev\u00edzna fakulta V\u0160MU.<br><br>\n\n<strong>1.2<\/strong><br><br>\n\nFestival je jedin\u00fdm celoslovensk\u00fdm otvoren\u00fdm f\u00f3rom ur\u010den\u00fdm na prezent\u00e1ciu a vz\u00e1jomn\u00e9 porovn\u00e1vanie tvoriv\u00fdch v\u00fdsledkov \u0161tudentov odboru Filmov\u00e9 umenie a pr\u00edbuzn\u00fdch odborov, pri ktor\u00fdch je s\u00fa\u010das\u0165ou v\u00fdu\u010dby realiz\u00e1cia audiovizu\u00e1lnych diel r\u00f4zneho druhu a form\u00e1tu. Festival umo\u017e\u0148uje \u0161tudentom, pedag\u00f3gom, ako aj \u0161ir\u0161ej odbornej i laickej verejnosti pravidelne sa oboznamova\u0165 so \u0161tudentskou tvorbou a vytv\u00e1ra podmienky jednak na autoreflexiu samotn\u00fdm tvorcom a reflexiu aktu\u00e1lneho stavu tejto oblasti vzdel\u00e1vania a tvorby.<br><br>\n\n<strong>1.3<\/strong><br><br>\n\nOkrem toho je festival ur\u010den\u00fd aj \u0161ir\u0161ej verejnosti, pri\u010dom jeho z\u00e1merom je predstavi\u0165 talenty, ktor\u00e9 bud\u00fa spoluvytv\u00e1ra\u0165 kult\u00farny a umeleck\u00fd kontext slovenskej kinematografie, telev\u00edznej tvorby, fotografie a \u010fal\u0161\u00edch m\u00e9di\u00ed.<br><br>\n\n<strong>Z\u00e1kladn\u00e9 ustanovenia<\/strong><br><br>\n\n<strong>2.1<\/strong><br><br>\n\nFestival \u00c1\u010cKO (\u010falej len \u201efestival\u201c) je otvorenou n\u00e1rodnou s\u00fa\u0165a\u017enou prehliadkou \u0161kolsk\u00fdch audiovizu\u00e1lnych diel, ktor\u00e9 boli vytvoren\u00e9 ako neoddelite\u013en\u00e1 s\u00fa\u010das\u0165 v\u00fdu\u010dby \u0161tudijn\u00fdch programov v odbore umenie, alebo \u0161tudijn\u00fdch programov v pr\u00edbuzn\u00fdch odboroch, a to na vysokej \u0161kole so s\u00eddlom v Slovenskej republike.\n<br><br>\n<strong>2.2<\/strong><br><br>\n\nFestival sa kon\u00e1 v term\u00edne 19. 10. &#8211; 22. 10. 2022.<br><br>\n\n<strong>2.3 <\/strong><br><br>\n\nHlavn\u00fdm organiz\u00e1torom festivalu je Filmov\u00e1 a telev\u00edzna fakulta Vysokej \u0161koly m\u00fazick\u00fdch umen\u00ed v Bratislave (\u010falej len \u201eFTF V\u0160MU\u201c) a na jeho programovom, organiza\u010dnom aj produk\u010dnom zabezpe\u010den\u00ed sa podie\u013eaj\u00fa \u0161tudenti FTF V\u0160MU v r\u00e1mci svojich \u0161kolsk\u00fdch povinnost\u00ed. \u010eal\u0161\u00edmi spoluorganiz\u00e1tormi sa m\u00f4\u017eu sta\u0165 na z\u00e1klade zmluvy s FTF V\u0160MU aj \u010fal\u0161ie subjekty, ktor\u00e9 prispej\u00fa na festival finan\u010dn\u00fdm alebo vecn\u00fdm vkladom<br><br>\n\n<strong>2.4<\/strong><br><br>\n\nS\u00fa\u0165a\u017en\u00e1 programov\u00e1 sekcia m\u00f4\u017ee by\u0165 v pr\u00edslu\u0161nom ro\u010dn\u00edku festivalu doplnen\u00e1 pod\u013ea rozhodnutia organiz\u00e1tora festivalu aj o \u010fal\u0161ie programov\u00e9 sekcie. S\u00fa\u010das\u0165ou festivalu s\u00fa aj sprievodn\u00e9 podujatia (semin\u00e1re, tvoriv\u00e9 dielne a pod.), zameran\u00e9 najm\u00e4 na v\u00fdu\u010dbu a na tr\u00e9ningov\u00e9 aktivity v oblasti tvorby a produkcie filmov\u00fdch diel a multim\u00e9di\u00ed.<br><br>\n\n<strong>Podmienky s\u00fa\u0165a\u017ee<\/strong><br><br>\n\n<strong>3.1<\/strong><br><br>\n\nDo s\u00fa\u0165a\u017ee m\u00f4\u017eu by\u0165 prihl\u00e1sen\u00e9 audiovizu\u00e1lne diela a cvi\u010denia, ktor\u00e9 sp\u013a\u0148aj\u00fa nasleduj\u00face podmienky:\n<ul>\n \t<li>boli vytvoren\u00e9 ako \u0161kolsk\u00e9 diela v r\u00e1mci v\u00fdu\u010dby \u0161tudijn\u00fdch programov uveden\u00fdch v bode 2.1,<\/li>\n \t<li>boli vytvoren\u00e9 v obdob\u00ed medzi 01.09.2021 \u2013 31.08.2022,<\/li>\n \t<li>v\u00fdnimku tvoria AVD, ktor\u00e9 boli vo v\u00fdbere v\u00fdznamn\u00fdch medzin\u00e1rodn\u00fdch festivalov, ktor\u00fdch podmienkou je svetov\u00e1 premi\u00e9ra na danom festivale a boli vytvoren\u00e9 medzi 01.09.2020 \u2013 31.08.2022,<\/li>\n \t<li>v\u00fdrobcom zvukovo-obrazov\u00e9ho z\u00e1znamu t\u00fdchto diel mus\u00ed by\u0165 pr\u00edslu\u0161n\u00e1 vysok\u00e1 \u0161kola so s\u00eddlom na \u00fazem\u00ed Slovenskej republiky ako v\u00fdrobca,<\/li>\n \t<li>neboli prihl\u00e1sen\u00e9 do s\u00fa\u0165a\u017ee predo\u0161l\u00fdch ro\u010dn\u00edkov festivalu.<\/li>\n<\/ul><br><br>\n<strong>3.2<\/strong><br><br>\n\nDo s\u00fa\u0165a\u017ee prihlasuje audiovizu\u00e1lne dielo, pr\u00edpadne cvi\u010denie:\n<ul>\n \t<li>pr\u00edslu\u0161n\u00e1 \u0161kola, ktor\u00e1 potvrdzuje, \u017ee prihl\u00e1sen\u00e9 dielo bolo vytvoren\u00e9 ako \u0161kolsk\u00e9 dielo pod\u013ea bodu 2.1. a \u017ee je v\u00fdrobcom diela,<\/li>\n \t<li>alebo re\u017eis\u00e9r alebo v\u00fdkonn\u00fd producent audiovizu\u00e1lneho diela, ktor\u00fd upovedomil vedenie pr\u00edslu\u0161nej \u0161koly o prihl\u00e1sen\u00ed diela a\u00a0pr\u00edslu\u0161n\u00e1 \u0161kola potvrd\u00ed, \u017ee prihl\u00e1sen\u00e9 dielo bolo vytvoren\u00e9 ako \u0161kolsk\u00e9 dielo pod\u013ea bodu 2.1. a \u017ee je v\u00fdrobcom diela.<\/li>\n<\/ul><br><br>\n<strong>3.3<\/strong><br><br>\n\nVyplnen\u00fd z\u00e1v\u00e4zn\u00fd online formul\u00e1r treba zasla\u0165 do 12.9.2022. Na prihl\u00e1\u0161ky doru\u010den\u00e9 po term\u00edne sa neprihliada.<br><br>\n\n<strong>3.4<\/strong><br><br>\n\nTechnick\u00e9 parametre prihlasovan\u00fdch filmov musia sp\u013a\u0148a\u0165 tieto podmienky:\n<ul>\n \t<li>Rozl\u00ed\u0161enie: Full HD (1920\u00d71080),<\/li>\n \t<li>Video Codec: H264<\/li>\n \t<li>Audio Codec: AAC (stereo, 48 kHz \/ 24 bit),<\/li>\n \t<li>Frame rate: 25 fps<\/li>\n \t<li>Bitrate: min 16 max 20,<\/li>\n \t<li>Kontajner: DCP (2K alebo 4K)+ .mp4 alebo .mov<\/li>\n<\/ul><br><br>\n<strong>3.5<\/strong><br><br>\n\nOrganiza\u010dn\u00fd v\u00fdbor \u2013 riadite\u013e festivalu ozn\u00e1mi rozhodnutie o v\u00fdbere filmov do s\u00fa\u0165a\u017ee najnesk\u00f4r do 30.9.2022. Ozn\u00e1menie o nevybrat\u00ed filmu na festival bude zaslan\u00e9 prihlasovate\u013eom len emailom.<br><br>\n\n<strong>3.6<\/strong><br><br>\n\nV pr\u00edpade v\u00fdberu \u0161kolsk\u00e9ho cvi\u010denia do hlavnej s\u00fa\u0165a\u017ee festivalu sa prihlasovate\u013e zav\u00e4zuje preklasifikova\u0165 cvi\u010denie na \u0161kolsk\u00e9 audiovizu\u00e1lne dielo.<br><br>\n\n<strong>3.7<\/strong><br><br>\n\nOrganiz\u00e1tor festivalu si vyhradzuje pr\u00e1vo nezaradi\u0165 do s\u00fa\u0165a\u017ee ani do inej \u010dasti programu festivalu diela, ktor\u00e9 nesp\u013a\u0148aj\u00fa podmienky tohto \u0161tat\u00fatu alebo ktor\u00e9 propaguj\u00fa n\u00e1silie alebo ak\u00e9ko\u013evek formy n\u00e1rodnostnej \u010di inej diskrimin\u00e1cie, ako aj diela s prvkami pornografie alebo politickej reklamy.<br><br>\n\n<strong>3.8<\/strong><br><br>\n\nFTF V\u0160MU nehrad\u00ed \u00fa\u010dastn\u00edkom festivalu n\u00e1klady spojen\u00e9 s \u00fa\u010das\u0165ou jednotliv\u00fdch diel a ich autorov na festivale.<br><br>\n\n<strong>Hodnotenie s\u00fa\u0165a\u017en\u00fdch diel<\/strong><br><br>\n\n<strong>4.1<\/strong><br><br>\n\nMal\u00e1 porota rozhoduje o\u00a0zaraden\u00ed filmov\u00fdch diel do s\u00fa\u0165a\u017ee. Je zlo\u017een\u00e1 zo 7 \u0161tudentov a\u00a0doktorandov FTF V\u0160MU.<br><br>\n\n<strong>4.2<\/strong><br><br>\n\nVe\u013ek\u00e1 porota rozhoduje o udelen\u00ed cien filmom uveden\u00fdch v s\u00fa\u0165a\u017enej sekcii. Je zlo\u017een\u00e1 zo 6 os\u00f4b akt\u00edvne p\u00f4sobiacich v slovenskej audiov\u00edzii, ktor\u00fdch vyberie vedenie festivalu.<br><br>\n\n<strong>\u00a04.3<\/strong><br><br>\n\nVe\u013ek\u00e1 porota m\u00e1 pr\u00e1vo udeli\u0165 nasleduj\u00face ceny:\n<ul>\n \t<li>najlep\u0161\u00ed film (v\u00fdkonn\u00fd producent)<\/li>\n \t<li>najlep\u0161ia r\u00e9\u017eia hran\u00e9ho filmu (re\u017eis\u00e9r)<\/li>\n \t<li>najlep\u0161\u00ed dokument\u00e1rny film (re\u017eis\u00e9r)<\/li>\n \t<li>najlep\u0161\u00ed animovan\u00fd film (re\u017eis\u00e9r)<\/li>\n \t<li>najlep\u0161\u00ed scen\u00e1r (autor scen\u00e1ra)<\/li>\n \t<li>najlep\u0161ia kamera (kameraman)<\/li>\n \t<li>najlep\u0161\u00ed zvuk (zvukov\u00fd majster)<\/li>\n \t<li>najlep\u0161\u00ed strih (striha\u010d)<\/li>\n \t<li>najlep\u0161ie vizu\u00e1lne efekty<\/li>\n \t<li>Cena div\u00e1ka<\/li>\n<\/ul><br><br>\n<strong>4.4<\/strong><br><br>\n\nCeny m\u00f4\u017eu by\u0165 udelen\u00e9 iba osob\u00e1m, ktor\u00e9 boli po\u010das v\u00fdroby filmu \u0161tudentmi vysokej \u0161koly.<br><br>\n\n<strong>4.5<\/strong><br><br>\n\nVe\u013ek\u00e1 porota m\u00e1 povinnos\u0165 p\u00edsomne zd\u00f4vodni\u0165 svoje rozhodnutie o udelen\u00ed ceny. Toto zd\u00f4vodnenie bude ozn\u00e1men\u00e9 po\u010das sl\u00e1vnostn\u00e9ho odovzd\u00e1vania cien.<br><br>\n\n<strong>4.6<\/strong><br><br>\n\nVe\u013ek\u00e1 porota m\u00e1 pr\u00e1vo neudeli\u0165 niektor\u00fa z cien festivalu. Vo v\u00fdnimo\u010dnom pr\u00edpade m\u00f4\u017ee Ve\u013ek\u00e1 porota rozhodn\u00fa\u0165 o udelen\u00ed niektorej z profesijn\u00fdch cien ex aequo.\n<br><br>\n<strong>4.7<\/strong><br><br>\n\nPorota m\u00e1 pr\u00e1vo rozhodn\u00fa\u0165 spolu s organiz\u00e1torom festivalu o udelen\u00ed \u010fal\u0161\u00edch ne\u0161tatut\u00e1rnych cien alebo ocenen\u00ed.<br><br>\n\n<strong>4.8<\/strong><br><br>\n\nVyjadren\u00edm ka\u017edej udelenej ceny je v\u00fdtvarn\u00e9 dielo a diplom. Organiz\u00e1tor festivalu m\u00e1 pr\u00e1vo na z\u00e1klade dohody so spoluorganiz\u00e1tormi alebo sponzormi festivalu rozhodn\u00fa\u0165 aj o finan\u010dnej alebo o vecnej odmene pre jednotliv\u00e9 ocenen\u00e9 diela.<br><br>\n\n<strong>Organiz\u00e1cia festivalu<\/strong><br><br>\n\n<strong>5.1 <\/strong><br><br>\n\nFestival organiza\u010dne zabezpe\u010duje festivalov\u00fd \u0161t\u00e1b, ktor\u00e9ho povinnou s\u00fa\u010das\u0165ou s\u00fa \u0161tudenti tretieho ro\u010dn\u00edka bakal\u00e1rskeho stup\u0148a Katedry produkcie FTF V\u0160MU.<br><br>\n\n<strong>5.2<\/strong><br><br>\n\nNa \u010dele festivalov\u00e9ho \u0161t\u00e1bu je v\u00fdkonn\u00fd riadite\u013e festivalu, ktor\u00e9ho na pr\u00edslu\u0161n\u00fd ro\u010dn\u00edk festivalu vymen\u00fava prodekan pre v\u00fdrobu\u00a0 FTF V\u0160MU.<br><br>\n\n<strong>5.3<\/strong><br><br>\n\nFinancovanie festivalu FTF V\u0160MU sa zabezpe\u010duje z verejn\u00fdch i s\u00fakromn\u00fdch zdrojov. FTF V\u0160MU sa priamo podie\u013ea na financovan\u00ed konkr\u00e9tneho ro\u010dn\u00edka festivalu finan\u010dn\u00fdm aj vecn\u00fdm vkladom.<br><br>\n\n<strong>5.4<\/strong><br><br>\n\nV\u00fdkonn\u00fd riadite\u013e zodpoved\u00e1 prodekanovi pre v\u00fdrobu\u00a0 FTF V\u0160MU za cel\u00fd priebeh pr\u00edpravy a organiz\u00e1cie festivalu.<br><br>\n\n<strong>5.5<\/strong><br><br>\n\nV\u00fdkonn\u00fd riadite\u013e je povinn\u00fd odovzda\u0165 do 31.01.2023 produk\u010dn\u00e9mu centru Filmovej a telev\u00edznej fakulty V\u0160MU v Bratislave v\u0161etku p\u00edsomn\u00fa aj elektronick\u00fa dokument\u00e1ciu festivalu za \u00fa\u010delom archiv\u00e1cie.<br><br>\n\n<strong>Z\u00e1vere\u010dn\u00e9 ustanovenia<\/strong><br><br>\n\n<strong>6.1<\/strong><br><br>\n\nPrijat\u00edm tohto \u0161tat\u00fatu sa ru\u0161ia v\u0161etky doteraj\u0161ie vn\u00fatorn\u00e9 predpisy FTF V\u0160MU vz\u0165ahuj\u00face sa na organiz\u00e1ciu a riadenie festivalu.<br><br>\n\n<strong>6.2<\/strong><br><br>\n\nAk\u00e9ko\u013evek zmeny alebo doplnenia tohto \u0161tat\u00fatu schva\u013euje prodekan pre v\u00fdrobu FTF V\u0160MU.<br><br>\n\n<strong>6.3<\/strong><br><br>\n\nAktu\u00e1lne znenie \u0161tat\u00fatu zverejn\u00ed FTF V\u0160MU na svojej internetovej str\u00e1nke.<br><br>\n\n<strong>6.4<\/strong><br><br>\nTento \u0161tat\u00fat nadob\u00fada platnos\u0165 d\u0148om schv\u00e1lenia prodekanom pre v\u00fdrobu FTF V\u0160MU.<br><br><br><br><br><br>\n\nV Bratislave d\u0148a 25. m\u00e1ja 2022\n<br><br>\n<span style=\"float: right;margin-right: 200px;\">\ndoc. J\u00e1n Oparty, ArtD.,\n<br>\nprodekan pre v\u00fdrobu<\/span>\t\t\t\t\t<\/div>\n\t\t\t\t\t\t<\/div>\n\t\t\t\t<\/div>\n\t\t\t\t\t\t<\/div>\n\t\t\t\t\t<\/div>\n\t\t<\/div>\n\t\t\t\t\t\t\t\t<\/div>\n\t\t\t\t\t<\/div>\n\t\t<\/section>\n\t\t\t\t\t\t<\/div>\n\t\t\t\t\t\t<\/div>\n\t\t\t\t\t<\/div>\n\t\t","protected":false},"excerpt":{"rendered":"<p>\u0160tat\u00fat \u00a0 Preambula 1.1 Festival \u0161tudentsk\u00fdch filmov \u00c1\u010cKO, \u010falej iba ako \u201dfestival\u201d,\u00a0 je neoddelite\u013enou s\u00fa\u010das\u0165ou akademick\u00e9ho \u017eivota Filmovej a telev\u00edznej fakulty Vysokej \u0161koly m\u00fazick\u00fdch umen\u00ed v Bratislave a \u010fal\u0161\u00edch slovensk\u00fdch \u0161kolsk\u00fdch vzdel\u00e1vac\u00edch in\u0161tit\u00facii pripravuj\u00facich odborn\u00edkov pre oblas\u0165 audiovizu\u00e1lnej tvorby, ako aj celej akademickej obce. Organiz\u00e1torom festivalu \u00c1\u010dko je Filmov\u00e1 a telev\u00edzna fakulta V\u0160MU. 1.2 Festival &hellip; <\/p>\n<p class=\"link-more\"><a href=\"https:\/\/festivalacko.sk\/archiv\/2023\/statut-2022\/\" class=\"more-link\">Pokra\u010dova\u0165 v \u010d\u00edtan\u00ed<span class=\"screen-reader-text\"> &#8220;\u0160tat\u00fat&#8221;<\/span><\/a><\/p>\n","protected":false},"author":1,"featured_media":0,"parent":0,"menu_order":0,"comment_status":"closed","ping_status":"closed","template":"","meta":{"_uag_custom_page_level_css":"","_monsterinsights_skip_tracking":false,"_monsterinsights_sitenote_active":false,"_monsterinsights_sitenote_note":"","_monsterinsights_sitenote_category":0},"uagb_featured_image_src":{"full":false,"thumbnail":false,"medium":false,"medium_large":false,"large":false,"master_addons_team_thumb":false,"1536x1536":false,"2048x2048":false,"post-thumbnail":false},"uagb_author_info":{"display_name":"festivalacko","author_link":"https:\/\/festivalacko.sk\/archiv\/2023\/author\/festivalacko\/"},"uagb_comment_info":0,"uagb_excerpt":"\u0160tat\u00fat \u00a0 Preambula 1.1 Festival \u0161tudentsk\u00fdch filmov \u00c1\u010cKO, \u010falej iba ako \u201dfestival\u201d,\u00a0 je neoddelite\u013enou s\u00fa\u010das\u0165ou akademick\u00e9ho \u017eivota Filmovej a telev\u00edznej fakulty Vysokej \u0161koly m\u00fazick\u00fdch umen\u00ed v Bratislave a \u010fal\u0161\u00edch slovensk\u00fdch \u0161kolsk\u00fdch vzdel\u00e1vac\u00edch in\u0161tit\u00facii pripravuj\u00facich odborn\u00edkov pre oblas\u0165 audiovizu\u00e1lnej tvorby, ako aj celej akademickej obce. Organiz\u00e1torom festivalu \u00c1\u010dko je Filmov\u00e1 a telev\u00edzna fakulta V\u0160MU. 1.2 Festival&hellip;","_links":{"self":[{"href":"https:\/\/festivalacko.sk\/archiv\/2023\/wp-json\/wp\/v2\/pages\/4681"}],"collection":[{"href":"https:\/\/festivalacko.sk\/archiv\/2023\/wp-json\/wp\/v2\/pages"}],"about":[{"href":"https:\/\/festivalacko.sk\/archiv\/2023\/wp-json\/wp\/v2\/types\/page"}],"author":[{"embeddable":true,"href":"https:\/\/festivalacko.sk\/archiv\/2023\/wp-json\/wp\/v2\/users\/1"}],"replies":[{"embeddable":true,"href":"https:\/\/festivalacko.sk\/archiv\/2023\/wp-json\/wp\/v2\/comments?post=4681"}],"version-history":[{"count":6,"href":"https:\/\/festivalacko.sk\/archiv\/2023\/wp-json\/wp\/v2\/pages\/4681\/revisions"}],"predecessor-version":[{"id":4933,"href":"https:\/\/festivalacko.sk\/archiv\/2023\/wp-json\/wp\/v2\/pages\/4681\/revisions\/4933"}],"wp:attachment":[{"href":"https:\/\/festivalacko.sk\/archiv\/2023\/wp-json\/wp\/v2\/media?parent=4681"}],"curies":[{"name":"wp","href":"https:\/\/api.w.org\/{rel}","templated":true}]}}