{"id":5186,"date":"2022-10-18T19:48:14","date_gmt":"2022-10-18T17:48:14","guid":{"rendered":"https:\/\/festivalacko.sk\/archiv\/2023\/?page_id=5186"},"modified":"2022-10-19T13:02:46","modified_gmt":"2022-10-19T11:02:46","slug":"nesutazne-pasma","status":"publish","type":"page","link":"https:\/\/festivalacko.sk\/archiv\/2023\/nesutazne-pasma\/","title":{"rendered":"Nes\u00fa\u0165a\u017en\u00e9 p\u00e1sma"},"content":{"rendered":"\t\t<div data-elementor-type=\"wp-page\" data-elementor-id=\"5186\" class=\"elementor elementor-5186\" data-elementor-settings=\"[]\">\n\t\t\t\t\t\t<div class=\"elementor-inner\">\n\t\t\t\t\t\t\t<div class=\"elementor-section-wrap\">\n\t\t\t\t\t\t\t<section class=\"has_ma_el_bg_slider elementor-section elementor-top-section elementor-element elementor-element-4c5e1870 elementor-section-boxed elementor-section-height-default elementor-section-height-default\" data-id=\"4c5e1870\" data-element_type=\"section\" data-settings=\"{&quot;_ha_eqh_enable&quot;:false}\">\n\t\t\t\t\t\t<div class=\"elementor-container elementor-column-gap-default\">\n\t\t\t\t\t\t\t<div class=\"elementor-row\">\n\t\t\t\t\t<div class=\"has_ma_el_bg_slider elementor-column elementor-col-100 elementor-top-column elementor-element elementor-element-3a22bbfd\" data-id=\"3a22bbfd\" data-element_type=\"column\">\n\t\t\t<div class=\"elementor-column-wrap elementor-element-populated\">\n\t\t\t\t\t\t\t<div class=\"elementor-widget-wrap\">\n\t\t\t\t\t\t<div class=\"elementor-element elementor-element-8542821 elementor-widget elementor-widget-heading\" data-id=\"8542821\" data-element_type=\"widget\" data-widget_type=\"heading.default\">\n\t\t\t\t<div class=\"elementor-widget-container\">\n\t\t\t<h2 class=\"elementor-heading-title elementor-size-default\">FAMU p\u00e1sma<\/h2>\t\t<\/div>\n\t\t\t\t<\/div>\n\t\t\t\t<div class=\"elementor-element elementor-element-9dbe27e elementor-widget elementor-widget-heading\" data-id=\"9dbe27e\" data-element_type=\"widget\" data-widget_type=\"heading.default\">\n\t\t\t\t<div class=\"elementor-widget-container\">\n\t\t\t<h2 class=\"elementor-heading-title elementor-size-default\">Mimo s\u00fa\u0165a\u017enej sekcie prinesie festival e\u0161te dve p\u00e1sma filmov. Ohliadneme sa za hist\u00f3riou FAMU a \u0161tudentsk\u00fdmi rokmi zn\u00e1mych mien ako Du\u0161an Han\u00e1k, Vlastimil Vencl\u00edk, Viera Chytilov\u00e1, J\u00e1n Sve\u0159\u00e1k \u010di Juraj Jakubisko. Tak isto sa div\u00e1ci m\u00f4\u017eu te\u0161i\u0165 na v\u00fdberov\u00fa sekciu BEST OF FAMU\nFILMY<\/h2>\t\t<\/div>\n\t\t\t\t<\/div>\n\t\t\t\t<div class=\"elementor-element elementor-element-d0bada7 elementor-widget elementor-widget-heading\" data-id=\"d0bada7\" data-element_type=\"widget\" data-widget_type=\"heading.default\">\n\t\t\t\t<div class=\"elementor-widget-container\">\n\t\t\t<h2 class=\"elementor-heading-title elementor-size-default\">\u010cESKOSLOVENSK\u00c1 \u00c9RA:<br>Du\u0161an Han\u00e1k - U\u010denie (15min)<br>Viera Chytilov\u00e1 - Zelen\u00e1 ulica (8min)<br>Jan Sve\u0159\u00e1k - Rop\u00e1ci (20min)<br>Juraj Jakubisko - Ml\u010den\u00ed (22min)<br><br>BEST OF FAMU:<br>Adam Koloman Rybansk\u00fd - P\u0159\u00e1telsk\u00e9 setk\u00e1n\u00ed nad sportem (18min)<br>Eli\u0161ka Kova\u0159ikov\u00e1, Adam Struhala - P\u0159\u00edb\u011bh hr\u016fzostra\u0161n\u00e9 Eliz (28min)<br>Diana Cam Van Nguyen - Mil\u00fd tati (13min)<br>Tereza Kovandov\u00e1 - Krvav\u00e9 rozpr\u00e1vky (Bloody Fairy Tales) (8min)<br>Jan Saska - Happy End (6min)<br>Adam Martinec - Anatomie \u010desk\u00e9ho odpoledne (22min)<\/h2>\t\t<\/div>\n\t\t\t\t<\/div>\n\t\t\t\t\t\t<\/div>\n\t\t\t\t\t<\/div>\n\t\t<\/div>\n\t\t\t\t\t\t\t\t<\/div>\n\t\t\t\t\t<\/div>\n\t\t<\/section>\n\t\t\t\t\t\t<\/div>\n\t\t\t\t\t\t<\/div>\n\t\t\t\t\t<\/div>\n\t\t","protected":false},"excerpt":{"rendered":"<p>FAMU p\u00e1sma Mimo s\u00fa\u0165a\u017enej sekcie prinesie festival e\u0161te dve p\u00e1sma filmov. Ohliadneme sa za hist\u00f3riou FAMU a \u0161tudentsk\u00fdmi rokmi zn\u00e1mych mien ako Du\u0161an Han\u00e1k, Vlastimil Vencl\u00edk, Viera Chytilov\u00e1, J\u00e1n Sve\u0159\u00e1k \u010di Juraj Jakubisko. Tak isto sa div\u00e1ci m\u00f4\u017eu te\u0161i\u0165 na v\u00fdberov\u00fa sekciu BEST OF FAMU FILMY \u010cESKOSLOVENSK\u00c1 \u00c9RA:Du\u0161an Han\u00e1k &#8211; U\u010denie (15min)Viera Chytilov\u00e1 &#8211; Zelen\u00e1 &hellip; <\/p>\n<p class=\"link-more\"><a href=\"https:\/\/festivalacko.sk\/archiv\/2023\/nesutazne-pasma\/\" class=\"more-link\">Pokra\u010dova\u0165 v \u010d\u00edtan\u00ed<span class=\"screen-reader-text\"> &#8220;Nes\u00fa\u0165a\u017en\u00e9 p\u00e1sma&#8221;<\/span><\/a><\/p>\n","protected":false},"author":1,"featured_media":0,"parent":0,"menu_order":0,"comment_status":"closed","ping_status":"closed","template":"","meta":{"_uag_custom_page_level_css":"","_monsterinsights_skip_tracking":false,"_monsterinsights_sitenote_active":false,"_monsterinsights_sitenote_note":"","_monsterinsights_sitenote_category":0},"uagb_featured_image_src":{"full":false,"thumbnail":false,"medium":false,"medium_large":false,"large":false,"master_addons_team_thumb":false,"1536x1536":false,"2048x2048":false,"post-thumbnail":false},"uagb_author_info":{"display_name":"festivalacko","author_link":"https:\/\/festivalacko.sk\/archiv\/2023\/author\/festivalacko\/"},"uagb_comment_info":0,"uagb_excerpt":"FAMU p\u00e1sma Mimo s\u00fa\u0165a\u017enej sekcie prinesie festival e\u0161te dve p\u00e1sma filmov. Ohliadneme sa za hist\u00f3riou FAMU a \u0161tudentsk\u00fdmi rokmi zn\u00e1mych mien ako Du\u0161an Han\u00e1k, Vlastimil Vencl\u00edk, Viera Chytilov\u00e1, J\u00e1n Sve\u0159\u00e1k \u010di Juraj Jakubisko. Tak isto sa div\u00e1ci m\u00f4\u017eu te\u0161i\u0165 na v\u00fdberov\u00fa sekciu BEST OF FAMU FILMY \u010cESKOSLOVENSK\u00c1 \u00c9RA:Du\u0161an Han\u00e1k &#8211; U\u010denie (15min)Viera Chytilov\u00e1 &#8211; Zelen\u00e1&hellip;","_links":{"self":[{"href":"https:\/\/festivalacko.sk\/archiv\/2023\/wp-json\/wp\/v2\/pages\/5186"}],"collection":[{"href":"https:\/\/festivalacko.sk\/archiv\/2023\/wp-json\/wp\/v2\/pages"}],"about":[{"href":"https:\/\/festivalacko.sk\/archiv\/2023\/wp-json\/wp\/v2\/types\/page"}],"author":[{"embeddable":true,"href":"https:\/\/festivalacko.sk\/archiv\/2023\/wp-json\/wp\/v2\/users\/1"}],"replies":[{"embeddable":true,"href":"https:\/\/festivalacko.sk\/archiv\/2023\/wp-json\/wp\/v2\/comments?post=5186"}],"version-history":[{"count":6,"href":"https:\/\/festivalacko.sk\/archiv\/2023\/wp-json\/wp\/v2\/pages\/5186\/revisions"}],"predecessor-version":[{"id":5270,"href":"https:\/\/festivalacko.sk\/archiv\/2023\/wp-json\/wp\/v2\/pages\/5186\/revisions\/5270"}],"wp:attachment":[{"href":"https:\/\/festivalacko.sk\/archiv\/2023\/wp-json\/wp\/v2\/media?parent=5186"}],"curies":[{"name":"wp","href":"https:\/\/api.w.org\/{rel}","templated":true}]}}