{"id":5550,"date":"2023-05-13T12:11:41","date_gmt":"2023-05-13T10:11:41","guid":{"rendered":"https:\/\/festivalacko.sk\/archiv\/2023\/?page_id=5550"},"modified":"2023-06-10T20:50:36","modified_gmt":"2023-06-10T18:50:36","slug":"kontakt-2023","status":"publish","type":"page","link":"https:\/\/festivalacko.sk\/archiv\/2023\/kontakt-2023\/","title":{"rendered":"Kontakt"},"content":{"rendered":"\t\t<div data-elementor-type=\"wp-page\" data-elementor-id=\"5550\" class=\"elementor elementor-5550\" data-elementor-settings=\"[]\">\n\t\t\t\t\t\t<div class=\"elementor-inner\">\n\t\t\t\t\t\t\t<div class=\"elementor-section-wrap\">\n\t\t\t\t\t\t\t<section class=\"has_ma_el_bg_slider elementor-section elementor-top-section elementor-element elementor-element-fe5571c elementor-section-content-middle elementor-section-boxed elementor-section-height-default elementor-section-height-default\" data-id=\"fe5571c\" data-element_type=\"section\" data-settings=\"{&quot;background_background&quot;:&quot;video&quot;,&quot;background_motion_fx_translateY_effect&quot;:&quot;yes&quot;,&quot;background_motion_fx_translateY_direction&quot;:&quot;negative&quot;,&quot;background_motion_fx_translateY_speed&quot;:{&quot;unit&quot;:&quot;px&quot;,&quot;size&quot;:3.899999999999999911182158029987476766109466552734375,&quot;sizes&quot;:[]},&quot;background_motion_fx_devices&quot;:[&quot;tablet&quot;,&quot;mobile&quot;],&quot;background_video_link&quot;:&quot;https:\\\/\\\/festivalacko.sk\\\/archiv\\\/2023\\\/wp-content\\\/uploads\\\/2023\\\/06\\\/vesmir_2min.mp4&quot;,&quot;background_play_on_mobile&quot;:&quot;yes&quot;,&quot;background_motion_fx_translateY_affectedRange&quot;:{&quot;unit&quot;:&quot;%&quot;,&quot;size&quot;:&quot;&quot;,&quot;sizes&quot;:{&quot;start&quot;:0,&quot;end&quot;:100}},&quot;_ha_eqh_enable&quot;:false}\">\n\t\t\t\t\t\t\t\t<div class=\"elementor-background-video-container\">\n\t\t\t\t\t\t\t\t\t\t\t\t\t<video class=\"elementor-background-video-hosted elementor-html5-video\" autoplay muted playsinline loop><\/video>\n\t\t\t\t\t\t\t\t\t\t\t<\/div>\n\t\t\t\t\t\t\t\t<div class=\"elementor-container elementor-column-gap-no\">\n\t\t\t\t\t\t\t<div class=\"elementor-row\">\n\t\t\t\t\t<div class=\"has_ma_el_bg_slider elementor-column elementor-col-50 elementor-top-column elementor-element elementor-element-638abff\" data-id=\"638abff\" data-element_type=\"column\">\n\t\t\t<div class=\"elementor-column-wrap elementor-element-populated\">\n\t\t\t\t\t\t\t<div class=\"elementor-widget-wrap\">\n\t\t\t\t\t\t<div class=\"elementor-element elementor-element-5e5c738 elementor-widget elementor-widget-text-editor\" data-id=\"5e5c738\" data-element_type=\"widget\" data-settings=\"{&quot;_animation&quot;:&quot;none&quot;}\" data-widget_type=\"text-editor.default\">\n\t\t\t\t<div class=\"elementor-widget-container\">\n\t\t\t\t\t\t\t\t<div class=\"elementor-text-editor elementor-clearfix\">\n\t\t\t\t<h6><span class=\"zvetseny-text2\">KONTAKTUJTE N\u00c1S<\/span><\/h6><h6><strong>Email:<\/strong><br \/>acko.festival@vsmu.sk<\/h6><h6><strong>Organiz\u00e1tor:<\/strong><br \/><a style=\"color: #e6b6b9; text-decoration: underline;\" href=\"https:\/\/www.vsmu.sk\/ftf\/\">Filmov\u00e1 a telev\u00edzna fakulta V\u0160MU<\/a><\/h6><h6>Svoradova 2<\/h6><h6>81301 Bratislava<\/h6>\t\t\t\t\t<\/div>\n\t\t\t\t\t\t<\/div>\n\t\t\t\t<\/div>\n\t\t\t\t\t\t<\/div>\n\t\t\t\t\t<\/div>\n\t\t<\/div>\n\t\t\t\t<div class=\"has_ma_el_bg_slider elementor-column elementor-col-50 elementor-top-column elementor-element elementor-element-3c4dc26\" data-id=\"3c4dc26\" data-element_type=\"column\">\n\t\t\t<div class=\"elementor-column-wrap elementor-element-populated\">\n\t\t\t\t\t\t\t<div class=\"elementor-widget-wrap\">\n\t\t\t\t\t\t<div class=\"elementor-element elementor-element-f941478 elementor-widget elementor-widget-google_maps\" data-id=\"f941478\" data-element_type=\"widget\" data-widget_type=\"google_maps.default\">\n\t\t\t\t<div class=\"elementor-widget-container\">\n\t\t\t\t\t<div class=\"elementor-custom-embed\">\n\t\t\t<iframe frameborder=\"0\" scrolling=\"no\" marginheight=\"0\" marginwidth=\"0\"\n\t\t\t\t\tsrc=\"https:\/\/maps.google.com\/maps?q=Filmov%C3%A1%20a%20telev%C3%ADzna%20fakulta%20V%C5%A0MU%20Svoradova%206063%2F2A%2C%20811%2003%20Bratislava%2C%20Slovensko&#038;t=m&#038;z=13&#038;output=embed&#038;iwloc=near\"\n\t\t\t\t\ttitle=\"Filmov\u00e1 a telev\u00edzna fakulta V\u0160MU Svoradova 6063\/2A, 811 03 Bratislava, Slovensko\"\n\t\t\t\t\taria-label=\"Filmov\u00e1 a telev\u00edzna fakulta V\u0160MU Svoradova 6063\/2A, 811 03 Bratislava, Slovensko\"\n\t\t\t><\/iframe>\n\t\t<\/div>\n\t\t\t\t<\/div>\n\t\t\t\t<\/div>\n\t\t\t\t\t\t<\/div>\n\t\t\t\t\t<\/div>\n\t\t<\/div>\n\t\t\t\t\t\t\t\t<\/div>\n\t\t\t\t\t<\/div>\n\t\t<\/section>\n\t\t\t\t\t\t<\/div>\n\t\t\t\t\t\t<\/div>\n\t\t\t\t\t<\/div>\n\t\t","protected":false},"excerpt":{"rendered":"<p>KONTAKTUJTE N\u00c1S Email: acko.festival@vsmu.sk Organiz\u00e1tor: Filmov\u00e1 a telev\u00edzna fakulta V\u0160MU Svoradova 2 81301 Bratislava<\/p>\n","protected":false},"author":1,"featured_media":0,"parent":0,"menu_order":0,"comment_status":"closed","ping_status":"closed","template":"elementor_header_footer","meta":{"_uag_custom_page_level_css":"","_monsterinsights_skip_tracking":false,"_monsterinsights_sitenote_active":false,"_monsterinsights_sitenote_note":"","_monsterinsights_sitenote_category":0},"uagb_featured_image_src":{"full":false,"thumbnail":false,"medium":false,"medium_large":false,"large":false,"master_addons_team_thumb":false,"1536x1536":false,"2048x2048":false,"post-thumbnail":false},"uagb_author_info":{"display_name":"festivalacko","author_link":"https:\/\/festivalacko.sk\/archiv\/2023\/author\/festivalacko\/"},"uagb_comment_info":0,"uagb_excerpt":"KONTAKTUJTE N\u00c1S Email: acko.festival@vsmu.sk Organiz\u00e1tor: Filmov\u00e1 a telev\u00edzna fakulta V\u0160MU Svoradova 2 81301 Bratislava","_links":{"self":[{"href":"https:\/\/festivalacko.sk\/archiv\/2023\/wp-json\/wp\/v2\/pages\/5550"}],"collection":[{"href":"https:\/\/festivalacko.sk\/archiv\/2023\/wp-json\/wp\/v2\/pages"}],"about":[{"href":"https:\/\/festivalacko.sk\/archiv\/2023\/wp-json\/wp\/v2\/types\/page"}],"author":[{"embeddable":true,"href":"https:\/\/festivalacko.sk\/archiv\/2023\/wp-json\/wp\/v2\/users\/1"}],"replies":[{"embeddable":true,"href":"https:\/\/festivalacko.sk\/archiv\/2023\/wp-json\/wp\/v2\/comments?post=5550"}],"version-history":[{"count":6,"href":"https:\/\/festivalacko.sk\/archiv\/2023\/wp-json\/wp\/v2\/pages\/5550\/revisions"}],"predecessor-version":[{"id":6563,"href":"https:\/\/festivalacko.sk\/archiv\/2023\/wp-json\/wp\/v2\/pages\/5550\/revisions\/6563"}],"wp:attachment":[{"href":"https:\/\/festivalacko.sk\/archiv\/2023\/wp-json\/wp\/v2\/media?parent=5550"}],"curies":[{"name":"wp","href":"https:\/\/api.w.org\/{rel}","templated":true}]}}