{"id":2,"date":"2024-06-15T20:28:06","date_gmt":"2024-06-15T18:28:06","guid":{"rendered":"https:\/\/festivalacko.sk\/archiv\/2024\/?page_id=2"},"modified":"2024-10-28T00:14:27","modified_gmt":"2024-10-27T23:14:27","slug":"domov","status":"publish","type":"page","link":"https:\/\/festivalacko.sk\/archiv\/2024\/","title":{"rendered":"Domov"},"content":{"rendered":"\t\t<div data-elementor-type=\"wp-page\" data-elementor-id=\"2\" class=\"elementor elementor-2\" data-elementor-post-type=\"page\">\n\t\t\t\t<div class=\"elementor-element elementor-element-213cf2c e-flex e-con-boxed e-con e-parent\" data-id=\"213cf2c\" data-element_type=\"container\" data-settings=\"{&quot;background_background&quot;:&quot;classic&quot;}\">\n\t\t\t\t\t<div class=\"e-con-inner\">\n\t\t<div class=\"elementor-element elementor-element-0e6d6bf e-con-full e-flex e-con e-child\" data-id=\"0e6d6bf\" data-element_type=\"container\">\n\t\t<div class=\"elementor-element elementor-element-eacb7f8 e-con-full e-flex e-con e-child\" data-id=\"eacb7f8\" data-element_type=\"container\">\n\t\t\t\t<div class=\"elementor-element elementor-element-8a3ebac elementor-widget elementor-widget-heading\" data-id=\"8a3ebac\" data-element_type=\"widget\" data-widget_type=\"heading.default\">\n\t\t\t\t<div class=\"elementor-widget-container\">\n\t\t\t<style>\/*! elementor - v3.22.0 - 17-06-2024 *\/\n.elementor-heading-title{padding:0;margin:0;line-height:1}.elementor-widget-heading .elementor-heading-title[class*=elementor-size-]>a{color:inherit;font-size:inherit;line-height:inherit}.elementor-widget-heading .elementor-heading-title.elementor-size-small{font-size:15px}.elementor-widget-heading .elementor-heading-title.elementor-size-medium{font-size:19px}.elementor-widget-heading .elementor-heading-title.elementor-size-large{font-size:29px}.elementor-widget-heading .elementor-heading-title.elementor-size-xl{font-size:39px}.elementor-widget-heading .elementor-heading-title.elementor-size-xxl{font-size:59px}<\/style><h1 class=\"elementor-heading-title elementor-size-default\">Festival \u00c1\u010dko<\/h1>\t\t<\/div>\n\t\t\t\t<\/div>\n\t\t\t\t<div class=\"elementor-element elementor-element-e1066e2 elementor-hidden-desktop elementor-widget elementor-widget-image\" data-id=\"e1066e2\" data-element_type=\"widget\" data-widget_type=\"image.default\">\n\t\t\t\t<div class=\"elementor-widget-container\">\n\t\t\t<style>\/*! elementor - v3.22.0 - 17-06-2024 *\/\n.elementor-widget-image{text-align:center}.elementor-widget-image a{display:inline-block}.elementor-widget-image a img[src$=\".svg\"]{width:48px}.elementor-widget-image img{vertical-align:middle;display:inline-block}<\/style>\t\t\t\t\t\t\t\t\t\t<img fetchpriority=\"high\" decoding=\"async\" width=\"800\" height=\"543\" src=\"https:\/\/festivalacko.sk\/archiv\/2024\/wp-content\/uploads\/2024\/06\/acko-logo-inverzne@2x.png\" class=\"attachment-large size-large wp-image-45\" alt=\"Festival \u00c1\u010dko logo\" srcset=\"https:\/\/festivalacko.sk\/archiv\/2024\/wp-content\/uploads\/2024\/06\/acko-logo-inverzne@2x.png 988w, https:\/\/festivalacko.sk\/archiv\/2024\/wp-content\/uploads\/2024\/06\/acko-logo-inverzne@2x-300x204.png 300w, https:\/\/festivalacko.sk\/archiv\/2024\/wp-content\/uploads\/2024\/06\/acko-logo-inverzne@2x-768x522.png 768w\" sizes=\"(max-width: 800px) 100vw, 800px\" \/>\t\t\t\t\t\t\t\t\t\t\t\t\t<\/div>\n\t\t\t\t<\/div>\n\t\t\t\t<div class=\"elementor-element elementor-element-61f262c elementor-widget elementor-widget-heading\" data-id=\"61f262c\" data-element_type=\"widget\" data-widget_type=\"heading.default\">\n\t\t\t\t<div class=\"elementor-widget-container\">\n\t\t\t<h2 class=\"elementor-heading-title elementor-size-default\">Festival \u0161tudentsk\u00fdch filmov \u00c1\u010dko<\/h2>\t\t<\/div>\n\t\t\t\t<\/div>\n\t\t\t\t<div class=\"elementor-element elementor-element-561fc29 elementor-widget__width-inherit elementor-widget elementor-widget-text-editor\" data-id=\"561fc29\" data-element_type=\"widget\" data-widget_type=\"text-editor.default\">\n\t\t\t\t<div class=\"elementor-widget-container\">\n\t\t\t<style>\/*! elementor - v3.22.0 - 17-06-2024 *\/\n.elementor-widget-text-editor.elementor-drop-cap-view-stacked .elementor-drop-cap{background-color:#69727d;color:#fff}.elementor-widget-text-editor.elementor-drop-cap-view-framed .elementor-drop-cap{color:#69727d;border:3px solid;background-color:transparent}.elementor-widget-text-editor:not(.elementor-drop-cap-view-default) .elementor-drop-cap{margin-top:8px}.elementor-widget-text-editor:not(.elementor-drop-cap-view-default) .elementor-drop-cap-letter{width:1em;height:1em}.elementor-widget-text-editor .elementor-drop-cap{float:left;text-align:center;line-height:1;font-size:50px}.elementor-widget-text-editor .elementor-drop-cap-letter{display:inline-block}<\/style>\t\t\t\t<p>23-26\/10\/24<\/p>\t\t\t\t\t\t<\/div>\n\t\t\t\t<\/div>\n\t\t\t\t<div class=\"elementor-element elementor-element-97185ed elementor-widget__width-inherit elementor-widget elementor-widget-text-editor\" data-id=\"97185ed\" data-element_type=\"widget\" data-widget_type=\"text-editor.default\">\n\t\t\t\t<div class=\"elementor-widget-container\">\n\t\t\t\t\t\t\t<p>Svoradova 2 FTF V\u0160MU<\/p>\t\t\t\t\t\t<\/div>\n\t\t\t\t<\/div>\n\t\t\t\t<\/div>\n\t\t<div class=\"elementor-element elementor-element-8c50324 e-con-full elementor-hidden-tablet elementor-hidden-mobile e-flex e-con e-child\" data-id=\"8c50324\" data-element_type=\"container\">\n\t\t\t\t<div class=\"elementor-element elementor-element-68b5a63 elementor-widget elementor-widget-image\" data-id=\"68b5a63\" data-element_type=\"widget\" data-widget_type=\"image.default\">\n\t\t\t\t<div class=\"elementor-widget-container\">\n\t\t\t\t\t\t\t\t\t\t\t\t\t<img fetchpriority=\"high\" decoding=\"async\" width=\"800\" height=\"543\" src=\"https:\/\/festivalacko.sk\/archiv\/2024\/wp-content\/uploads\/2024\/06\/acko-logo-inverzne@2x.png\" class=\"attachment-large size-large wp-image-45\" alt=\"Festival \u00c1\u010dko logo\" srcset=\"https:\/\/festivalacko.sk\/archiv\/2024\/wp-content\/uploads\/2024\/06\/acko-logo-inverzne@2x.png 988w, https:\/\/festivalacko.sk\/archiv\/2024\/wp-content\/uploads\/2024\/06\/acko-logo-inverzne@2x-300x204.png 300w, https:\/\/festivalacko.sk\/archiv\/2024\/wp-content\/uploads\/2024\/06\/acko-logo-inverzne@2x-768x522.png 768w\" sizes=\"(max-width: 800px) 100vw, 800px\" \/>\t\t\t\t\t\t\t\t\t\t\t\t\t<\/div>\n\t\t\t\t<\/div>\n\t\t\t\t<\/div>\n\t\t\t\t<\/div>\n\t\t<div class=\"elementor-element elementor-element-857cdff e-con-full e-flex e-con e-child\" data-id=\"857cdff\" data-element_type=\"container\">\n\t\t\t\t<div class=\"elementor-element elementor-element-09ab363 elementor-widget__width-inherit elementor-widget elementor-widget-text-editor\" data-id=\"09ab363\" data-element_type=\"widget\" data-widget_type=\"text-editor.default\">\n\t\t\t\t<div class=\"elementor-widget-container\">\n\t\t\t\t\t\t\t<p>\u010eakujeme za n\u00e1v\u0161tevu<\/p>\t\t\t\t\t\t<\/div>\n\t\t\t\t<\/div>\n\t\t\t\t<div class=\"elementor-element elementor-element-be16395 elementor-align-center elementor-widget elementor-widget-button\" data-id=\"be16395\" data-element_type=\"widget\" data-widget_type=\"button.default\">\n\t\t\t\t<div class=\"elementor-widget-container\">\n\t\t\t\t\t<div class=\"elementor-button-wrapper\">\n\t\t\t<a class=\"elementor-button elementor-button-link elementor-size-sm\" href=\"https:\/\/festivalacko.sk\/archiv\/2024\/ocenene-filmy\/\">\n\t\t\t\t\t\t<span class=\"elementor-button-content-wrapper\">\n\t\t\t\t\t\t\t\t\t<span class=\"elementor-button-text\">Ocenen\u00e9 filmy<\/span>\n\t\t\t\t\t<\/span>\n\t\t\t\t\t<\/a>\n\t\t<\/div>\n\t\t\t\t<\/div>\n\t\t\t\t<\/div>\n\t\t\t\t<\/div>\n\t\t\t\t\t<\/div>\n\t\t\t\t<\/div>\n\t\t\t\t<\/div>\n\t\t","protected":false},"excerpt":{"rendered":"<p>Festival \u00c1\u010dko Festival \u0161tudentsk\u00fdch filmov \u00c1\u010dko 23-26\/10\/24 Svoradova 2 FTF V\u0160MU \u010eakujeme za n\u00e1v\u0161tevu Ocenen\u00e9 filmy<\/p>\n","protected":false},"author":1,"featured_media":0,"parent":0,"menu_order":0,"comment_status":"closed","ping_status":"closed","template":"","meta":{"footnotes":""},"class_list":["post-2","page","type-page","status-publish","hentry"],"acf":[],"_links":{"self":[{"href":"https:\/\/festivalacko.sk\/archiv\/2024\/wp-json\/wp\/v2\/pages\/2","targetHints":{"allow":["GET"]}}],"collection":[{"href":"https:\/\/festivalacko.sk\/archiv\/2024\/wp-json\/wp\/v2\/pages"}],"about":[{"href":"https:\/\/festivalacko.sk\/archiv\/2024\/wp-json\/wp\/v2\/types\/page"}],"author":[{"embeddable":true,"href":"https:\/\/festivalacko.sk\/archiv\/2024\/wp-json\/wp\/v2\/users\/1"}],"replies":[{"embeddable":true,"href":"https:\/\/festivalacko.sk\/archiv\/2024\/wp-json\/wp\/v2\/comments?post=2"}],"version-history":[{"count":92,"href":"https:\/\/festivalacko.sk\/archiv\/2024\/wp-json\/wp\/v2\/pages\/2\/revisions"}],"predecessor-version":[{"id":938,"href":"https:\/\/festivalacko.sk\/archiv\/2024\/wp-json\/wp\/v2\/pages\/2\/revisions\/938"}],"wp:attachment":[{"href":"https:\/\/festivalacko.sk\/archiv\/2024\/wp-json\/wp\/v2\/media?parent=2"}],"curies":[{"name":"wp","href":"https:\/\/api.w.org\/{rel}","templated":true}]}}