{"id":276,"date":"2024-08-10T15:28:52","date_gmt":"2024-08-10T13:28:52","guid":{"rendered":"https:\/\/festivalacko.sk\/archiv\/2024\/?page_id=276"},"modified":"2024-08-15T22:29:35","modified_gmt":"2024-08-15T20:29:35","slug":"vizualna-identita","status":"publish","type":"page","link":"https:\/\/festivalacko.sk\/archiv\/2024\/vizualna-identita\/","title":{"rendered":"Vizu\u00e1lna identita"},"content":{"rendered":"\t\t<div data-elementor-type=\"wp-page\" data-elementor-id=\"276\" class=\"elementor elementor-276\" data-elementor-post-type=\"page\">\n\t\t\t\t<div class=\"elementor-element elementor-element-70343a1 e-flex e-con-boxed e-con e-parent\" data-id=\"70343a1\" data-element_type=\"container\">\n\t\t\t\t\t<div class=\"e-con-inner\">\n\t\t<div class=\"elementor-element elementor-element-286479f e-flex e-con-boxed e-con e-child\" data-id=\"286479f\" data-element_type=\"container\">\n\t\t\t\t\t<div class=\"e-con-inner\">\n\t\t\t\t<div class=\"elementor-element elementor-element-b6b2d1f elementor-hidden-tablet elementor-hidden-mobile elementor-widget elementor-widget-heading\" data-id=\"b6b2d1f\" data-element_type=\"widget\" data-widget_type=\"heading.default\">\n\t\t\t\t<div class=\"elementor-widget-container\">\n\t\t\t<style>\/*! elementor - v3.22.0 - 17-06-2024 *\/\n.elementor-heading-title{padding:0;margin:0;line-height:1}.elementor-widget-heading .elementor-heading-title[class*=elementor-size-]>a{color:inherit;font-size:inherit;line-height:inherit}.elementor-widget-heading .elementor-heading-title.elementor-size-small{font-size:15px}.elementor-widget-heading .elementor-heading-title.elementor-size-medium{font-size:19px}.elementor-widget-heading .elementor-heading-title.elementor-size-large{font-size:29px}.elementor-widget-heading .elementor-heading-title.elementor-size-xl{font-size:39px}.elementor-widget-heading .elementor-heading-title.elementor-size-xxl{font-size:59px}<\/style><h1 class=\"elementor-heading-title elementor-size-default\">Vizu\u00e1lna identita<\/h1>\t\t<\/div>\n\t\t\t\t<\/div>\n\t\t\t\t<div class=\"elementor-element elementor-element-ace49de elementor-widget elementor-widget-heading\" data-id=\"ace49de\" data-element_type=\"widget\" data-widget_type=\"heading.default\">\n\t\t\t\t<div class=\"elementor-widget-container\">\n\t\t\t<h2 class=\"elementor-heading-title elementor-size-default\">Logo<\/h2>\t\t<\/div>\n\t\t\t\t<\/div>\n\t\t<div class=\"elementor-element elementor-element-d605243 e-con-full e-flex e-con e-child\" data-id=\"d605243\" data-element_type=\"container\">\n\t\t\t\t<div class=\"elementor-element elementor-element-4b24c99 elementor-widget__width-initial elementor-widget elementor-widget-text-editor\" data-id=\"4b24c99\" data-element_type=\"widget\" data-widget_type=\"text-editor.default\">\n\t\t\t\t<div class=\"elementor-widget-container\">\n\t\t\t<style>\/*! elementor - v3.22.0 - 17-06-2024 *\/\n.elementor-widget-text-editor.elementor-drop-cap-view-stacked .elementor-drop-cap{background-color:#69727d;color:#fff}.elementor-widget-text-editor.elementor-drop-cap-view-framed .elementor-drop-cap{color:#69727d;border:3px solid;background-color:transparent}.elementor-widget-text-editor:not(.elementor-drop-cap-view-default) .elementor-drop-cap{margin-top:8px}.elementor-widget-text-editor:not(.elementor-drop-cap-view-default) .elementor-drop-cap-letter{width:1em;height:1em}.elementor-widget-text-editor .elementor-drop-cap{float:left;text-align:center;line-height:1;font-size:50px}.elementor-widget-text-editor .elementor-drop-cap-letter{display:inline-block}<\/style>\t\t\t\t<p>Tvorba loga za\u010dala skicovan\u00edm p\u00edsmena A, ktor\u00e9 by malo byt\u030c zrete\u013ene\u0301, ale z\u00e1rove\u0148 kreat\u00edvne spracovane\u0301. Spodn\u00e1 \u010das\u0165 p\u00edsmena A zn\u00e1zor\u0148uje telo akejko\u013evek kamery &#8211; variabilnos\u0165 je podstatn\u00e1, preto\u017ee mo\u017enosti tvorby filmov, m\u00f4\u017eu byt\u030c r\u00f4znorod\u00e9 a mali by byt\u030c reprezentovane\u0301 v logu.<\/p><p>Vrchn\u00e1\u0301 \u010das\u0165\u030c p\u00edsmena zn\u00e1zor\u0148uje top handle, ktor\u00fd\u0301 odkazuje na ur\u010dit\u00fa profesion\u00e1lnos\u0165\u030c, technick\u00fa zru\u010dnos\u0165\u030c a v\u00fdraznej\u0161ie ilustruje kameru. K p\u00edsmenu je pridan\u00fd trojuholn\u00edk, ktor\u00fd zn\u00e1zor\u0148uje objekt\u00edv kamery. Taktie\u017e\u030c funguje ako samostatn\u00fd\u0301 prvok &#8211; znak PLAY &#8211; ktor\u00fd po oto\u010den\u00fd m\u00f4\u017ee zastava\u0165 samostatn\u00fd\u0301 element v grafickom preveden\u00ed (napr\u00edklad pomocou anim\u00e1cie).<\/p><p>Logo je vytvoren\u00e9 pomocou gridu, ktor\u00fd zaru\u010duje geometricky vyv\u00e1\u017een\u00fd pomer. Taktie\u017e zaru\u010duje rovnos\u0165 liniek. V\u010faka tomuto logo p\u00f4sob\u00ed staticky a sebaisto. Predstavuje hlavn\u00fa vizu\u00e1lnu zlo\u017eku identity a mal by byt\u030c \u013eahko zapam\u00e4tate\u013en\u00fd &#8211; v \u010dom mu napom\u00e1ha jeho geometrick\u00e9 zostavenie.<\/p>\t\t\t\t\t\t<\/div>\n\t\t\t\t<\/div>\n\t\t\t\t<div class=\"elementor-element elementor-element-f50c04c elementor-widget elementor-widget-image\" data-id=\"f50c04c\" data-element_type=\"widget\" data-widget_type=\"image.default\">\n\t\t\t\t<div class=\"elementor-widget-container\">\n\t\t\t<style>\/*! elementor - v3.22.0 - 17-06-2024 *\/\n.elementor-widget-image{text-align:center}.elementor-widget-image a{display:inline-block}.elementor-widget-image a img[src$=\".svg\"]{width:48px}.elementor-widget-image img{vertical-align:middle;display:inline-block}<\/style>\t\t\t\t\t\t\t\t\t\t<img fetchpriority=\"high\" decoding=\"async\" width=\"474\" height=\"473\" src=\"https:\/\/festivalacko.sk\/archiv\/2024\/wp-content\/uploads\/2024\/08\/vizualna-identita-logo.png\" class=\"attachment-large size-large wp-image-280\" alt=\"Vizu\u00e1lna identita Festival \u00c1\u010dko\" srcset=\"https:\/\/festivalacko.sk\/archiv\/2024\/wp-content\/uploads\/2024\/08\/vizualna-identita-logo.png 474w, https:\/\/festivalacko.sk\/archiv\/2024\/wp-content\/uploads\/2024\/08\/vizualna-identita-logo-300x300.png 300w, https:\/\/festivalacko.sk\/archiv\/2024\/wp-content\/uploads\/2024\/08\/vizualna-identita-logo-150x150.png 150w\" sizes=\"(max-width: 474px) 100vw, 474px\" \/>\t\t\t\t\t\t\t\t\t\t\t\t\t<\/div>\n\t\t\t\t<\/div>\n\t\t\t\t<\/div>\n\t\t\t\t<div class=\"elementor-element elementor-element-c44e024 elementor-widget elementor-widget-heading\" data-id=\"c44e024\" data-element_type=\"widget\" data-widget_type=\"heading.default\">\n\t\t\t\t<div class=\"elementor-widget-container\">\n\t\t\t<h2 class=\"elementor-heading-title elementor-size-default\">Logotyp<\/h2>\t\t<\/div>\n\t\t\t\t<\/div>\n\t\t<div class=\"elementor-element elementor-element-1f4bd71 e-con-full e-flex e-con e-child\" data-id=\"1f4bd71\" data-element_type=\"container\">\n\t\t\t\t<div class=\"elementor-element elementor-element-ac63994 elementor-widget__width-initial elementor-widget elementor-widget-text-editor\" data-id=\"ac63994\" data-element_type=\"widget\" data-widget_type=\"text-editor.default\">\n\t\t\t\t<div class=\"elementor-widget-container\">\n\t\t\t\t\t\t\t<p>Logotyp je navrhnut\u00fd tak, aby vyzdvihoval samotne\u0301 logo festivalu. Oddelenie od zbytku textu je z\u00e1merne rozlo\u017eene\u0301 tak, aby podporoval ideu \u010d\u00edtania textu s dlh\u00fdm A\u0301 &#8211; A\u0301a\u0301a\u0301a\u0301-c\u030cko. Taktie\u017e zn\u00e1zor\u0148uje rovinu predstavuj\u00facu nieko\u013eko elementov &#8211; l\u00fa\u010d svetla vch\u00e1dzaj\u00faci do kamery, horizont, ktor\u00fd kamera zachyt\u00e1va, alebo materi\u00e1l, ktor\u00fd\u0301 vch\u00e1dza do kamery.<\/p><p>Dlh\u00e9 \u010d\u00edtanie textu taktie\u017e odkazuje na fr\u00e1zu \u201eA\u0301 AKCIA\u201d (AND ACTION), kedy sa predl\u017euje prv\u00e1 samohl\u00e1ska. V\u010faka tomu taktie\u017e funguje logotyp rozdelene kedy logo A\u0301 stoji\u0301 samostatne a C\u030cKO za n\u00edm nasleduje nesk\u00f4r v s\u00favislosti s kompoz\u00edciou obrazu.<\/p>\t\t\t\t\t\t<\/div>\n\t\t\t\t<\/div>\n\t\t\t\t<div class=\"elementor-element elementor-element-fa47149 elementor-widget elementor-widget-image\" data-id=\"fa47149\" data-element_type=\"widget\" data-widget_type=\"image.default\">\n\t\t\t\t<div class=\"elementor-widget-container\">\n\t\t\t\t\t\t\t\t\t\t\t\t\t<img decoding=\"async\" width=\"632\" height=\"402\" src=\"https:\/\/festivalacko.sk\/archiv\/2024\/wp-content\/uploads\/2024\/08\/vizualna-identita-logotyp.png\" class=\"attachment-large size-large wp-image-281\" alt=\"Vizu\u00e1lna identita logotyp Festival \u00c1\u010dko\" srcset=\"https:\/\/festivalacko.sk\/archiv\/2024\/wp-content\/uploads\/2024\/08\/vizualna-identita-logotyp.png 632w, https:\/\/festivalacko.sk\/archiv\/2024\/wp-content\/uploads\/2024\/08\/vizualna-identita-logotyp-300x191.png 300w\" sizes=\"(max-width: 632px) 100vw, 632px\" \/>\t\t\t\t\t\t\t\t\t\t\t\t\t<\/div>\n\t\t\t\t<\/div>\n\t\t\t\t<\/div>\n\t\t<div class=\"elementor-element elementor-element-8f00efd e-con-full e-flex e-con e-child\" data-id=\"8f00efd\" data-element_type=\"container\">\n\t\t<div class=\"elementor-element elementor-element-83b991a e-con-full e-flex e-con e-child\" data-id=\"83b991a\" data-element_type=\"container\">\n\t\t\t\t<div class=\"elementor-element elementor-element-e610114 elementor-widget elementor-widget-heading\" data-id=\"e610114\" data-element_type=\"widget\" data-widget_type=\"heading.default\">\n\t\t\t\t<div class=\"elementor-widget-container\">\n\t\t\t<h2 class=\"elementor-heading-title elementor-size-default\">Vizu\u00e1lny element<\/h2>\t\t<\/div>\n\t\t\t\t<\/div>\n\t\t\t\t<div class=\"elementor-element elementor-element-32ec4cc elementor-widget__width-initial elementor-widget elementor-widget-text-editor\" data-id=\"32ec4cc\" data-element_type=\"widget\" data-widget_type=\"text-editor.default\">\n\t\t\t\t<div class=\"elementor-widget-container\">\n\t\t\t\t\t\t\t<p>Ke\u010f\u017ee tohto ro\u010dn\u00e1 t\u00e9ma festivalu je KONTRAST, pre vizu\u00e1lny element, ktor\u00fd bude sprev\u00e1dza\u0165 logo a celu\u0301 vizu\u00e1lnu identitu. Tento element je in\u0161pirovan\u00fd CRT monitorom. Odkazuje na RGB pixely, tvoriace cely\u0301 obraz, a ich pomal\u00e9 rozpadanie sa. Mo\u017enosti s\u00fa taktiez\u030c v anima\u0301cii a rozpohybovania t\u00fdchto elementov v \u0161t\u00fdle zlievaj\u00facich sa farieb a vytvorenie tak dynamick\u00e9ho prvku.<\/p>\t\t\t\t\t\t<\/div>\n\t\t\t\t<\/div>\n\t\t\t\t<\/div>\n\t\t\t\t<div class=\"elementor-element elementor-element-f42cd22 elementor-widget elementor-widget-image\" data-id=\"f42cd22\" data-element_type=\"widget\" data-widget_type=\"image.default\">\n\t\t\t\t<div class=\"elementor-widget-container\">\n\t\t\t\t\t\t\t\t\t\t\t\t\t<img decoding=\"async\" width=\"345\" height=\"348\" src=\"https:\/\/festivalacko.sk\/archiv\/2024\/wp-content\/uploads\/2024\/08\/vizualna-identita-vizualny-element.png\" class=\"attachment-large size-large wp-image-282\" alt=\"Vizu\u00e1lny element Festival \u00c1\u010dko\" srcset=\"https:\/\/festivalacko.sk\/archiv\/2024\/wp-content\/uploads\/2024\/08\/vizualna-identita-vizualny-element.png 345w, https:\/\/festivalacko.sk\/archiv\/2024\/wp-content\/uploads\/2024\/08\/vizualna-identita-vizualny-element-297x300.png 297w, https:\/\/festivalacko.sk\/archiv\/2024\/wp-content\/uploads\/2024\/08\/vizualna-identita-vizualny-element-150x150.png 150w\" sizes=\"(max-width: 345px) 100vw, 345px\" \/>\t\t\t\t\t\t\t\t\t\t\t\t\t<\/div>\n\t\t\t\t<\/div>\n\t\t\t\t<\/div>\n\t\t<div class=\"elementor-element elementor-element-32fbaea e-con-full e-flex e-con e-child\" data-id=\"32fbaea\" data-element_type=\"container\">\n\t\t<div class=\"elementor-element elementor-element-c51187d e-con-full e-flex e-con e-child\" data-id=\"c51187d\" data-element_type=\"container\">\n\t\t\t\t<div class=\"elementor-element elementor-element-fedc599 elementor-widget elementor-widget-heading\" data-id=\"fedc599\" data-element_type=\"widget\" data-widget_type=\"heading.default\">\n\t\t\t\t<div class=\"elementor-widget-container\">\n\t\t\t<h2 class=\"elementor-heading-title elementor-size-default\">Element a Logo<\/h2>\t\t<\/div>\n\t\t\t\t<\/div>\n\t\t\t\t<div class=\"elementor-element elementor-element-24e2b80 elementor-widget elementor-widget-image\" data-id=\"24e2b80\" data-element_type=\"widget\" data-widget_type=\"image.default\">\n\t\t\t\t<div class=\"elementor-widget-container\">\n\t\t\t\t\t\t\t\t\t\t\t\t\t<img loading=\"lazy\" decoding=\"async\" width=\"634\" height=\"317\" src=\"https:\/\/festivalacko.sk\/archiv\/2024\/wp-content\/uploads\/2024\/08\/element-a-logo.png\" class=\"attachment-full size-full wp-image-283\" alt=\"Element a logo Festival \u00c1\u010dko\" srcset=\"https:\/\/festivalacko.sk\/archiv\/2024\/wp-content\/uploads\/2024\/08\/element-a-logo.png 634w, https:\/\/festivalacko.sk\/archiv\/2024\/wp-content\/uploads\/2024\/08\/element-a-logo-300x150.png 300w\" sizes=\"(max-width: 634px) 100vw, 634px\" \/>\t\t\t\t\t\t\t\t\t\t\t\t\t<\/div>\n\t\t\t\t<\/div>\n\t\t\t\t<div class=\"elementor-element elementor-element-a7261a5 elementor-widget elementor-widget-image\" data-id=\"a7261a5\" data-element_type=\"widget\" data-widget_type=\"image.default\">\n\t\t\t\t<div class=\"elementor-widget-container\">\n\t\t\t\t\t\t\t\t\t\t\t\t\t<img loading=\"lazy\" decoding=\"async\" width=\"191\" height=\"68\" src=\"https:\/\/festivalacko.sk\/archiv\/2024\/wp-content\/uploads\/2024\/08\/made-by-hood.png\" class=\"attachment-large size-large wp-image-284\" alt=\"\" \/>\t\t\t\t\t\t\t\t\t\t\t\t\t<\/div>\n\t\t\t\t<\/div>\n\t\t\t\t<\/div>\n\t\t\t\t<\/div>\n\t\t\t\t\t<\/div>\n\t\t\t\t<\/div>\n\t\t<div class=\"elementor-element elementor-element-b7297bc e-con-full elementor-hidden-desktop e-flex e-con e-child\" data-id=\"b7297bc\" data-element_type=\"container\" data-settings=\"{&quot;background_background&quot;:&quot;classic&quot;}\">\n\t\t\t\t<div class=\"elementor-element elementor-element-59d20b7 elementor-absolute elementor-hidden-tablet elementor-hidden-mobile elementor-widget elementor-widget-image\" data-id=\"59d20b7\" data-element_type=\"widget\" data-settings=\"{&quot;_position&quot;:&quot;absolute&quot;}\" data-widget_type=\"image.default\">\n\t\t\t\t<div class=\"elementor-widget-container\">\n\t\t\t\t\t\t\t\t\t\t\t\t\t<img loading=\"lazy\" decoding=\"async\" width=\"650\" height=\"934\" src=\"https:\/\/festivalacko.sk\/archiv\/2024\/wp-content\/uploads\/2024\/07\/Screenshot-2024-06-17-at-16.51.09@2x.png\" class=\"attachment-large size-large wp-image-90\" alt=\"\" srcset=\"https:\/\/festivalacko.sk\/archiv\/2024\/wp-content\/uploads\/2024\/07\/Screenshot-2024-06-17-at-16.51.09@2x.png 650w, https:\/\/festivalacko.sk\/archiv\/2024\/wp-content\/uploads\/2024\/07\/Screenshot-2024-06-17-at-16.51.09@2x-209x300.png 209w\" sizes=\"(max-width: 650px) 100vw, 650px\" \/>\t\t\t\t\t\t\t\t\t\t\t\t\t<\/div>\n\t\t\t\t<\/div>\n\t\t\t\t<div class=\"elementor-element elementor-element-ce6a2d8 elementor-absolute elementor-hidden-tablet elementor-hidden-mobile elementor-widget elementor-widget-image\" data-id=\"ce6a2d8\" data-element_type=\"widget\" data-settings=\"{&quot;_position&quot;:&quot;absolute&quot;}\" data-widget_type=\"image.default\">\n\t\t\t\t<div class=\"elementor-widget-container\">\n\t\t\t\t\t\t\t\t\t\t\t\t\t<img loading=\"lazy\" decoding=\"async\" width=\"800\" height=\"431\" src=\"https:\/\/festivalacko.sk\/archiv\/2024\/wp-content\/uploads\/2024\/07\/draniev_33890_projecting_room_of_people_watching_movie_from_the_9c438e88-a4ea-4dbe-95af-bce1948ac7ef@2x-1024x552.png\" class=\"attachment-large size-large wp-image-89\" alt=\"\" srcset=\"https:\/\/festivalacko.sk\/archiv\/2024\/wp-content\/uploads\/2024\/07\/draniev_33890_projecting_room_of_people_watching_movie_from_the_9c438e88-a4ea-4dbe-95af-bce1948ac7ef@2x-1024x552.png 1024w, https:\/\/festivalacko.sk\/archiv\/2024\/wp-content\/uploads\/2024\/07\/draniev_33890_projecting_room_of_people_watching_movie_from_the_9c438e88-a4ea-4dbe-95af-bce1948ac7ef@2x-300x162.png 300w, https:\/\/festivalacko.sk\/archiv\/2024\/wp-content\/uploads\/2024\/07\/draniev_33890_projecting_room_of_people_watching_movie_from_the_9c438e88-a4ea-4dbe-95af-bce1948ac7ef@2x-768x414.png 768w, https:\/\/festivalacko.sk\/archiv\/2024\/wp-content\/uploads\/2024\/07\/draniev_33890_projecting_room_of_people_watching_movie_from_the_9c438e88-a4ea-4dbe-95af-bce1948ac7ef@2x.png 1094w\" sizes=\"(max-width: 800px) 100vw, 800px\" \/>\t\t\t\t\t\t\t\t\t\t\t\t\t<\/div>\n\t\t\t\t<\/div>\n\t\t\t\t<div class=\"elementor-element elementor-element-feab0ed elementor-widget elementor-widget-heading\" data-id=\"feab0ed\" data-element_type=\"widget\" data-widget_type=\"heading.default\">\n\t\t\t\t<div class=\"elementor-widget-container\">\n\t\t\t<h1 class=\"elementor-heading-title elementor-size-default\">Vizu\u00e1lna identita<\/h1>\t\t<\/div>\n\t\t\t\t<\/div>\n\t\t\t\t<\/div>\n\t\t\t\t\t<\/div>\n\t\t\t\t<\/div>\n\t\t\t\t<\/div>\n\t\t","protected":false},"excerpt":{"rendered":"<p>Vizu\u00e1lna identita Logo Tvorba loga za\u010dala skicovan\u00edm p\u00edsmena A, ktor\u00e9 by malo byt\u030c zrete\u013ene\u0301, ale z\u00e1rove\u0148 kreat\u00edvne spracovane\u0301. Spodn\u00e1 \u010das\u0165 p\u00edsmena A zn\u00e1zor\u0148uje telo akejko\u013evek kamery &#8211; variabilnos\u0165 je podstatn\u00e1, preto\u017ee mo\u017enosti tvorby filmov, m\u00f4\u017eu byt\u030c r\u00f4znorod\u00e9 a mali by byt\u030c reprezentovane\u0301 v logu. Vrchn\u00e1\u0301 \u010das\u0165\u030c p\u00edsmena zn\u00e1zor\u0148uje top handle, ktor\u00fd\u0301 odkazuje na ur\u010dit\u00fa profesion\u00e1lnos\u0165\u030c, [&hellip;]<\/p>\n","protected":false},"author":1,"featured_media":0,"parent":0,"menu_order":0,"comment_status":"closed","ping_status":"closed","template":"","meta":{"footnotes":""},"class_list":["post-276","page","type-page","status-publish","hentry"],"acf":[],"_links":{"self":[{"href":"https:\/\/festivalacko.sk\/archiv\/2024\/wp-json\/wp\/v2\/pages\/276","targetHints":{"allow":["GET"]}}],"collection":[{"href":"https:\/\/festivalacko.sk\/archiv\/2024\/wp-json\/wp\/v2\/pages"}],"about":[{"href":"https:\/\/festivalacko.sk\/archiv\/2024\/wp-json\/wp\/v2\/types\/page"}],"author":[{"embeddable":true,"href":"https:\/\/festivalacko.sk\/archiv\/2024\/wp-json\/wp\/v2\/users\/1"}],"replies":[{"embeddable":true,"href":"https:\/\/festivalacko.sk\/archiv\/2024\/wp-json\/wp\/v2\/comments?post=276"}],"version-history":[{"count":10,"href":"https:\/\/festivalacko.sk\/archiv\/2024\/wp-json\/wp\/v2\/pages\/276\/revisions"}],"predecessor-version":[{"id":297,"href":"https:\/\/festivalacko.sk\/archiv\/2024\/wp-json\/wp\/v2\/pages\/276\/revisions\/297"}],"wp:attachment":[{"href":"https:\/\/festivalacko.sk\/archiv\/2024\/wp-json\/wp\/v2\/media?parent=276"}],"curies":[{"name":"wp","href":"https:\/\/api.w.org\/{rel}","templated":true}]}}