{"id":29,"date":"2024-07-20T08:30:52","date_gmt":"2024-07-20T06:30:52","guid":{"rendered":"https:\/\/festivalacko.sk\/archiv\/2024\/?page_id=29"},"modified":"2024-08-15T22:27:52","modified_gmt":"2024-08-15T20:27:52","slug":"o-festivale","status":"publish","type":"page","link":"https:\/\/festivalacko.sk\/archiv\/2024\/o-festivale\/","title":{"rendered":"O Festivale"},"content":{"rendered":"\t\t<div data-elementor-type=\"wp-page\" data-elementor-id=\"29\" class=\"elementor elementor-29\" data-elementor-post-type=\"page\">\n\t\t\t\t<div class=\"elementor-element elementor-element-d2644f2 e-flex e-con-boxed e-con e-parent\" data-id=\"d2644f2\" data-element_type=\"container\">\n\t\t\t\t\t<div class=\"e-con-inner\">\n\t\t<div class=\"elementor-element elementor-element-afe741e e-con-full e-flex e-con e-child\" data-id=\"afe741e\" data-element_type=\"container\">\n\t\t\t\t<div class=\"elementor-element elementor-element-f6fa783 elementor-widget elementor-widget-heading\" data-id=\"f6fa783\" data-element_type=\"widget\" data-widget_type=\"heading.default\">\n\t\t\t\t<div class=\"elementor-widget-container\">\n\t\t\t<style>\/*! elementor - v3.22.0 - 17-06-2024 *\/\n.elementor-heading-title{padding:0;margin:0;line-height:1}.elementor-widget-heading .elementor-heading-title[class*=elementor-size-]>a{color:inherit;font-size:inherit;line-height:inherit}.elementor-widget-heading .elementor-heading-title.elementor-size-small{font-size:15px}.elementor-widget-heading .elementor-heading-title.elementor-size-medium{font-size:19px}.elementor-widget-heading .elementor-heading-title.elementor-size-large{font-size:29px}.elementor-widget-heading .elementor-heading-title.elementor-size-xl{font-size:39px}.elementor-widget-heading .elementor-heading-title.elementor-size-xxl{font-size:59px}<\/style><h2 class=\"elementor-heading-title elementor-size-default\">Festival \u00c1\u010dko<\/h2>\t\t<\/div>\n\t\t\t\t<\/div>\n\t\t\t\t<div class=\"elementor-element elementor-element-5ff4017 elementor-widget elementor-widget-text-editor\" data-id=\"5ff4017\" data-element_type=\"widget\" data-widget_type=\"text-editor.default\">\n\t\t\t\t<div class=\"elementor-widget-container\">\n\t\t\t<style>\/*! elementor - v3.22.0 - 17-06-2024 *\/\n.elementor-widget-text-editor.elementor-drop-cap-view-stacked .elementor-drop-cap{background-color:#69727d;color:#fff}.elementor-widget-text-editor.elementor-drop-cap-view-framed .elementor-drop-cap{color:#69727d;border:3px solid;background-color:transparent}.elementor-widget-text-editor:not(.elementor-drop-cap-view-default) .elementor-drop-cap{margin-top:8px}.elementor-widget-text-editor:not(.elementor-drop-cap-view-default) .elementor-drop-cap-letter{width:1em;height:1em}.elementor-widget-text-editor .elementor-drop-cap{float:left;text-align:center;line-height:1;font-size:50px}.elementor-widget-text-editor .elementor-drop-cap-letter{display:inline-block}<\/style>\t\t\t\t<p>Filmov\u00fd <strong>festival \u00c1\u010dko<\/strong> so svojou u\u017e <strong>28 ro\u010dnou<\/strong> existenciou svojim form\u00e1tom a charakterom predstavuje jedin\u00e9 podujatie svojho druhu na na\u0161om \u00fazem\u00ed. Vznikol so z\u00e1merom realizova\u0165 s\u00fa\u0165a\u017en\u00fa prehliadku, ktor\u00e1 bude ka\u017ed\u00fd rok mapova\u0165 kr\u00e1tkometr\u00e1\u017enu tvorbu \u0161tudentov*tiek vysok\u00fdch filmov\u00fdch \u0161k\u00f4l na Slovensku a v bl\u00edzkom zahrani\u010d\u00ed. Na\u0161ou v\u00edziou je prezentova\u0165 umelecky hodnotn\u00e9 \u0161tudentsk\u00e9 filmy, ktor\u00e9 maj\u00fa potenci\u00e1l oslovi\u0165 aj \u0161ir\u0161iu verejnos\u0165.<\/p>\t\t\t\t\t\t<\/div>\n\t\t\t\t<\/div>\n\t\t\t\t<div class=\"elementor-element elementor-element-ba1b782 elementor-widget elementor-widget-heading\" data-id=\"ba1b782\" data-element_type=\"widget\" data-widget_type=\"heading.default\">\n\t\t\t\t<div class=\"elementor-widget-container\">\n\t\t\t<h2 class=\"elementor-heading-title elementor-size-default\">\u00c1\u010dko 2024<\/h2>\t\t<\/div>\n\t\t\t\t<\/div>\n\t\t\t\t<div class=\"elementor-element elementor-element-b785172 elementor-widget elementor-widget-text-editor\" data-id=\"b785172\" data-element_type=\"widget\" data-widget_type=\"text-editor.default\">\n\t\t\t\t<div class=\"elementor-widget-container\">\n\t\t\t\t\t\t\t<p>Tohtoro\u010dnou t\u00e9mou festivalu s\u00fa <strong>KONTRASTY<\/strong> &#8211; vytv\u00e1raj\u00fa bohat\u00fa a in\u0161pirat\u00edvnu sk\u00fasenos\u0165 pre div\u00e1kov a poskytuj\u00fa priestor na objavovanie nov\u00fdch foriem a pr\u00edstupov k umeniu, s\u00fa kontrastmi v \u017e\u00e1nroch, t\u00e9mach a pr\u00edstupoch. Nie v\u0161ak sp\u00f4sobom separ\u00e1cie, ale pr\u00e1ve zbli\u017eovanie skrze rozdielnos\u0165. <strong>28. ro\u010dn\u00edk festivalu \u00c1\u010dko sa uskuto\u010dn\u00ed od 23. do 26. okt\u00f3bra 2024<\/strong>.<\/p><p>Kontrasty na filmovom festivale m\u00f4\u017eu by\u0165 pestr\u00fdm a fascinuj\u00facim prvkom, ktor\u00fd prid\u00e1va festivalovej atmosf\u00e9re h\u013abku a rozmanitos\u0165. Tieto kontrasty sa m\u00f4\u017eu prejavova\u0165 r\u00f4znymi sp\u00f4sobmi, vr\u00e1tane kontrastov v \u017e\u00e1nroch, \u0161t\u00fdloch, t\u00e9mach a pr\u00edstupoch tvorcov.<\/p>\t\t\t\t\t\t<\/div>\n\t\t\t\t<\/div>\n\t\t\t\t<div class=\"elementor-element elementor-element-f90173a elementor-widget elementor-widget-heading\" data-id=\"f90173a\" data-element_type=\"widget\" data-widget_type=\"heading.default\">\n\t\t\t\t<div class=\"elementor-widget-container\">\n\t\t\t<h2 class=\"elementor-heading-title elementor-size-default\">Ocenenia<\/h2>\t\t<\/div>\n\t\t\t\t<\/div>\n\t\t<div class=\"elementor-element elementor-element-77a9633 e-con-full e-flex e-con e-child\" data-id=\"77a9633\" data-element_type=\"container\">\n\t\t<div class=\"elementor-element elementor-element-87b68b2 e-con-full e-flex e-con e-child\" data-id=\"87b68b2\" data-element_type=\"container\">\n\t\t\t\t<div class=\"elementor-element elementor-element-d325e09 elementor-widget elementor-widget-text-editor\" data-id=\"d325e09\" data-element_type=\"widget\" data-widget_type=\"text-editor.default\">\n\t\t\t\t<div class=\"elementor-widget-container\">\n\t\t\t\t\t\t\t<p>Najlep\u0161\u00ed film<\/p>\t\t\t\t\t\t<\/div>\n\t\t\t\t<\/div>\n\t\t\t\t<div class=\"elementor-element elementor-element-20bbe66 elementor-widget elementor-widget-text-editor\" data-id=\"20bbe66\" data-element_type=\"widget\" data-widget_type=\"text-editor.default\">\n\t\t\t\t<div class=\"elementor-widget-container\">\n\t\t\t\t\t\t\t<p>Najlep\u0161ia r\u00e9\u017eia hran\u00e9ho filmu<\/p>\t\t\t\t\t\t<\/div>\n\t\t\t\t<\/div>\n\t\t\t\t<div class=\"elementor-element elementor-element-a79bb56 elementor-widget elementor-widget-text-editor\" data-id=\"a79bb56\" data-element_type=\"widget\" data-widget_type=\"text-editor.default\">\n\t\t\t\t<div class=\"elementor-widget-container\">\n\t\t\t\t\t\t\t<p>Najlep\u0161\u00ed dokument\u00e1rny film<\/p>\t\t\t\t\t\t<\/div>\n\t\t\t\t<\/div>\n\t\t\t\t<div class=\"elementor-element elementor-element-8110356 elementor-widget elementor-widget-text-editor\" data-id=\"8110356\" data-element_type=\"widget\" data-widget_type=\"text-editor.default\">\n\t\t\t\t<div class=\"elementor-widget-container\">\n\t\t\t\t\t\t\t<p>Najlep\u0161\u00ed animovan\u00fd film<\/p>\t\t\t\t\t\t<\/div>\n\t\t\t\t<\/div>\n\t\t\t\t<div class=\"elementor-element elementor-element-92ec33c elementor-widget elementor-widget-text-editor\" data-id=\"92ec33c\" data-element_type=\"widget\" data-widget_type=\"text-editor.default\">\n\t\t\t\t<div class=\"elementor-widget-container\">\n\t\t\t\t\t\t\t<p>Najlep\u0161\u00ed scen\u00e1r<\/p>\t\t\t\t\t\t<\/div>\n\t\t\t\t<\/div>\n\t\t\t\t<\/div>\n\t\t<div class=\"elementor-element elementor-element-b69742b e-con-full e-flex e-con e-child\" data-id=\"b69742b\" data-element_type=\"container\">\n\t\t\t\t<div class=\"elementor-element elementor-element-3ae94be elementor-widget elementor-widget-text-editor\" data-id=\"3ae94be\" data-element_type=\"widget\" data-widget_type=\"text-editor.default\">\n\t\t\t\t<div class=\"elementor-widget-container\">\n\t\t\t\t\t\t\t<p>Najlep\u0161ia kamera<\/p>\t\t\t\t\t\t<\/div>\n\t\t\t\t<\/div>\n\t\t\t\t<div class=\"elementor-element elementor-element-a727d45 elementor-widget elementor-widget-text-editor\" data-id=\"a727d45\" data-element_type=\"widget\" data-widget_type=\"text-editor.default\">\n\t\t\t\t<div class=\"elementor-widget-container\">\n\t\t\t\t\t\t\t<p>Najlep\u0161\u00ed zvuk\u00a0<\/p>\t\t\t\t\t\t<\/div>\n\t\t\t\t<\/div>\n\t\t\t\t<div class=\"elementor-element elementor-element-e47bdef elementor-widget elementor-widget-text-editor\" data-id=\"e47bdef\" data-element_type=\"widget\" data-widget_type=\"text-editor.default\">\n\t\t\t\t<div class=\"elementor-widget-container\">\n\t\t\t\t\t\t\t<p>Najlep\u0161\u00ed strih<\/p>\t\t\t\t\t\t<\/div>\n\t\t\t\t<\/div>\n\t\t\t\t<div class=\"elementor-element elementor-element-317588e elementor-widget elementor-widget-text-editor\" data-id=\"317588e\" data-element_type=\"widget\" data-widget_type=\"text-editor.default\">\n\t\t\t\t<div class=\"elementor-widget-container\">\n\t\t\t\t\t\t\t<p>Najlep\u0161ie vizu\u00e1lne efekty<\/p>\t\t\t\t\t\t<\/div>\n\t\t\t\t<\/div>\n\t\t\t\t<div class=\"elementor-element elementor-element-b5876e3 elementor-widget elementor-widget-text-editor\" data-id=\"b5876e3\" data-element_type=\"widget\" data-widget_type=\"text-editor.default\">\n\t\t\t\t<div class=\"elementor-widget-container\">\n\t\t\t\t\t\t\t<p>Najlep\u0161ia hudba<\/p>\t\t\t\t\t\t<\/div>\n\t\t\t\t<\/div>\n\t\t\t\t<\/div>\n\t\t\t\t<\/div>\n\t\t\t\t<div class=\"elementor-element elementor-element-d796f2a elementor-hidden-desktop elementor-widget elementor-widget-image\" data-id=\"d796f2a\" data-element_type=\"widget\" data-widget_type=\"image.default\">\n\t\t\t\t<div class=\"elementor-widget-container\">\n\t\t\t<style>\/*! elementor - v3.22.0 - 17-06-2024 *\/\n.elementor-widget-image{text-align:center}.elementor-widget-image a{display:inline-block}.elementor-widget-image a img[src$=\".svg\"]{width:48px}.elementor-widget-image img{vertical-align:middle;display:inline-block}<\/style>\t\t\t\t\t\t\t\t\t\t<img fetchpriority=\"high\" decoding=\"async\" width=\"800\" height=\"431\" src=\"https:\/\/festivalacko.sk\/archiv\/2024\/wp-content\/uploads\/2024\/07\/draniev_33890_projecting_room_of_people_watching_movie_from_the_9c438e88-a4ea-4dbe-95af-bce1948ac7ef@2x-1024x552.png\" class=\"attachment-large size-large wp-image-89\" alt=\"\" srcset=\"https:\/\/festivalacko.sk\/archiv\/2024\/wp-content\/uploads\/2024\/07\/draniev_33890_projecting_room_of_people_watching_movie_from_the_9c438e88-a4ea-4dbe-95af-bce1948ac7ef@2x-1024x552.png 1024w, https:\/\/festivalacko.sk\/archiv\/2024\/wp-content\/uploads\/2024\/07\/draniev_33890_projecting_room_of_people_watching_movie_from_the_9c438e88-a4ea-4dbe-95af-bce1948ac7ef@2x-300x162.png 300w, https:\/\/festivalacko.sk\/archiv\/2024\/wp-content\/uploads\/2024\/07\/draniev_33890_projecting_room_of_people_watching_movie_from_the_9c438e88-a4ea-4dbe-95af-bce1948ac7ef@2x-768x414.png 768w, https:\/\/festivalacko.sk\/archiv\/2024\/wp-content\/uploads\/2024\/07\/draniev_33890_projecting_room_of_people_watching_movie_from_the_9c438e88-a4ea-4dbe-95af-bce1948ac7ef@2x.png 1094w\" sizes=\"(max-width: 800px) 100vw, 800px\" \/>\t\t\t\t\t\t\t\t\t\t\t\t\t<\/div>\n\t\t\t\t<\/div>\n\t\t\t\t<div class=\"elementor-element elementor-element-69ac743 elementor-hidden-desktop elementor-widget elementor-widget-image\" data-id=\"69ac743\" data-element_type=\"widget\" data-widget_type=\"image.default\">\n\t\t\t\t<div class=\"elementor-widget-container\">\n\t\t\t\t\t\t\t\t\t\t\t\t\t<img decoding=\"async\" width=\"650\" height=\"934\" src=\"https:\/\/festivalacko.sk\/archiv\/2024\/wp-content\/uploads\/2024\/07\/Screenshot-2024-06-17-at-16.51.09@2x.png\" class=\"attachment-large size-large wp-image-90\" alt=\"\" srcset=\"https:\/\/festivalacko.sk\/archiv\/2024\/wp-content\/uploads\/2024\/07\/Screenshot-2024-06-17-at-16.51.09@2x.png 650w, https:\/\/festivalacko.sk\/archiv\/2024\/wp-content\/uploads\/2024\/07\/Screenshot-2024-06-17-at-16.51.09@2x-209x300.png 209w\" sizes=\"(max-width: 650px) 100vw, 650px\" \/>\t\t\t\t\t\t\t\t\t\t\t\t\t<\/div>\n\t\t\t\t<\/div>\n\t\t\t\t<div class=\"elementor-element elementor-element-a150cc2 elementor-widget elementor-widget-image\" data-id=\"a150cc2\" data-element_type=\"widget\" data-widget_type=\"image.default\">\n\t\t\t\t<div class=\"elementor-widget-container\">\n\t\t\t\t\t\t\t\t\t\t\t\t\t<img decoding=\"async\" width=\"800\" height=\"428\" src=\"https:\/\/festivalacko.sk\/archiv\/2024\/wp-content\/uploads\/2024\/07\/Screenshot-2024-06-17-at-16.51.33@2x-1024x548.png\" class=\"attachment-large size-large wp-image-91\" alt=\"\" srcset=\"https:\/\/festivalacko.sk\/archiv\/2024\/wp-content\/uploads\/2024\/07\/Screenshot-2024-06-17-at-16.51.33@2x-1024x548.png 1024w, https:\/\/festivalacko.sk\/archiv\/2024\/wp-content\/uploads\/2024\/07\/Screenshot-2024-06-17-at-16.51.33@2x-300x161.png 300w, https:\/\/festivalacko.sk\/archiv\/2024\/wp-content\/uploads\/2024\/07\/Screenshot-2024-06-17-at-16.51.33@2x-768x411.png 768w, https:\/\/festivalacko.sk\/archiv\/2024\/wp-content\/uploads\/2024\/07\/Screenshot-2024-06-17-at-16.51.33@2x.png 1042w\" sizes=\"(max-width: 800px) 100vw, 800px\" \/>\t\t\t\t\t\t\t\t\t\t\t\t\t<\/div>\n\t\t\t\t<\/div>\n\t\t\t\t<\/div>\n\t\t<div class=\"elementor-element elementor-element-c4a8212 e-con-full e-flex e-con e-child\" data-id=\"c4a8212\" data-element_type=\"container\" data-settings=\"{&quot;background_background&quot;:&quot;classic&quot;}\">\n\t\t\t\t<div class=\"elementor-element elementor-element-4631576 elementor-absolute elementor-hidden-tablet elementor-hidden-mobile elementor-widget elementor-widget-image\" data-id=\"4631576\" data-element_type=\"widget\" data-settings=\"{&quot;_position&quot;:&quot;absolute&quot;}\" data-widget_type=\"image.default\">\n\t\t\t\t<div class=\"elementor-widget-container\">\n\t\t\t\t\t\t\t\t\t\t\t\t\t<img decoding=\"async\" width=\"650\" height=\"934\" src=\"https:\/\/festivalacko.sk\/archiv\/2024\/wp-content\/uploads\/2024\/07\/Screenshot-2024-06-17-at-16.51.09@2x.png\" class=\"attachment-large size-large wp-image-90\" alt=\"\" srcset=\"https:\/\/festivalacko.sk\/archiv\/2024\/wp-content\/uploads\/2024\/07\/Screenshot-2024-06-17-at-16.51.09@2x.png 650w, https:\/\/festivalacko.sk\/archiv\/2024\/wp-content\/uploads\/2024\/07\/Screenshot-2024-06-17-at-16.51.09@2x-209x300.png 209w\" sizes=\"(max-width: 650px) 100vw, 650px\" \/>\t\t\t\t\t\t\t\t\t\t\t\t\t<\/div>\n\t\t\t\t<\/div>\n\t\t\t\t<div class=\"elementor-element elementor-element-a63dcad elementor-absolute elementor-hidden-tablet elementor-hidden-mobile elementor-widget elementor-widget-image\" data-id=\"a63dcad\" data-element_type=\"widget\" data-settings=\"{&quot;_position&quot;:&quot;absolute&quot;}\" data-widget_type=\"image.default\">\n\t\t\t\t<div class=\"elementor-widget-container\">\n\t\t\t\t\t\t\t\t\t\t\t\t\t<img fetchpriority=\"high\" decoding=\"async\" width=\"800\" height=\"431\" src=\"https:\/\/festivalacko.sk\/archiv\/2024\/wp-content\/uploads\/2024\/07\/draniev_33890_projecting_room_of_people_watching_movie_from_the_9c438e88-a4ea-4dbe-95af-bce1948ac7ef@2x-1024x552.png\" class=\"attachment-large size-large wp-image-89\" alt=\"\" srcset=\"https:\/\/festivalacko.sk\/archiv\/2024\/wp-content\/uploads\/2024\/07\/draniev_33890_projecting_room_of_people_watching_movie_from_the_9c438e88-a4ea-4dbe-95af-bce1948ac7ef@2x-1024x552.png 1024w, https:\/\/festivalacko.sk\/archiv\/2024\/wp-content\/uploads\/2024\/07\/draniev_33890_projecting_room_of_people_watching_movie_from_the_9c438e88-a4ea-4dbe-95af-bce1948ac7ef@2x-300x162.png 300w, https:\/\/festivalacko.sk\/archiv\/2024\/wp-content\/uploads\/2024\/07\/draniev_33890_projecting_room_of_people_watching_movie_from_the_9c438e88-a4ea-4dbe-95af-bce1948ac7ef@2x-768x414.png 768w, https:\/\/festivalacko.sk\/archiv\/2024\/wp-content\/uploads\/2024\/07\/draniev_33890_projecting_room_of_people_watching_movie_from_the_9c438e88-a4ea-4dbe-95af-bce1948ac7ef@2x.png 1094w\" sizes=\"(max-width: 800px) 100vw, 800px\" \/>\t\t\t\t\t\t\t\t\t\t\t\t\t<\/div>\n\t\t\t\t<\/div>\n\t\t\t\t<div class=\"elementor-element elementor-element-23ff73f elementor-widget elementor-widget-heading\" data-id=\"23ff73f\" data-element_type=\"widget\" data-widget_type=\"heading.default\">\n\t\t\t\t<div class=\"elementor-widget-container\">\n\t\t\t<h1 class=\"elementor-heading-title elementor-size-default\">O festivale<\/h1>\t\t<\/div>\n\t\t\t\t<\/div>\n\t\t\t\t<\/div>\n\t\t\t\t\t<\/div>\n\t\t\t\t<\/div>\n\t\t\t\t<\/div>\n\t\t","protected":false},"excerpt":{"rendered":"<p>Festival \u00c1\u010dko Filmov\u00fd festival \u00c1\u010dko so svojou u\u017e 28 ro\u010dnou existenciou svojim form\u00e1tom a charakterom predstavuje jedin\u00e9 podujatie svojho druhu na na\u0161om \u00fazem\u00ed. Vznikol so z\u00e1merom realizova\u0165 s\u00fa\u0165a\u017en\u00fa prehliadku, ktor\u00e1 bude ka\u017ed\u00fd rok mapova\u0165 kr\u00e1tkometr\u00e1\u017enu tvorbu \u0161tudentov*tiek vysok\u00fdch filmov\u00fdch \u0161k\u00f4l na Slovensku a v bl\u00edzkom zahrani\u010d\u00ed. Na\u0161ou v\u00edziou je prezentova\u0165 umelecky hodnotn\u00e9 \u0161tudentsk\u00e9 filmy, ktor\u00e9 [&hellip;]<\/p>\n","protected":false},"author":1,"featured_media":0,"parent":0,"menu_order":0,"comment_status":"closed","ping_status":"closed","template":"","meta":{"footnotes":""},"class_list":["post-29","page","type-page","status-publish","hentry"],"acf":[],"_links":{"self":[{"href":"https:\/\/festivalacko.sk\/archiv\/2024\/wp-json\/wp\/v2\/pages\/29","targetHints":{"allow":["GET"]}}],"collection":[{"href":"https:\/\/festivalacko.sk\/archiv\/2024\/wp-json\/wp\/v2\/pages"}],"about":[{"href":"https:\/\/festivalacko.sk\/archiv\/2024\/wp-json\/wp\/v2\/types\/page"}],"author":[{"embeddable":true,"href":"https:\/\/festivalacko.sk\/archiv\/2024\/wp-json\/wp\/v2\/users\/1"}],"replies":[{"embeddable":true,"href":"https:\/\/festivalacko.sk\/archiv\/2024\/wp-json\/wp\/v2\/comments?post=29"}],"version-history":[{"count":34,"href":"https:\/\/festivalacko.sk\/archiv\/2024\/wp-json\/wp\/v2\/pages\/29\/revisions"}],"predecessor-version":[{"id":370,"href":"https:\/\/festivalacko.sk\/archiv\/2024\/wp-json\/wp\/v2\/pages\/29\/revisions\/370"}],"wp:attachment":[{"href":"https:\/\/festivalacko.sk\/archiv\/2024\/wp-json\/wp\/v2\/media?parent=29"}],"curies":[{"name":"wp","href":"https:\/\/api.w.org\/{rel}","templated":true}]}}