{"id":33,"date":"2024-07-20T08:31:08","date_gmt":"2024-07-20T06:31:08","guid":{"rendered":"https:\/\/festivalacko.sk\/archiv\/2024\/?page_id=33"},"modified":"2024-10-10T20:48:34","modified_gmt":"2024-10-10T18:48:34","slug":"organizacny-tim","status":"publish","type":"page","link":"https:\/\/festivalacko.sk\/archiv\/2024\/organizacny-tim\/","title":{"rendered":"Organiza\u010dn\u00fd t\u00edm"},"content":{"rendered":"\t\t<div data-elementor-type=\"wp-page\" data-elementor-id=\"33\" class=\"elementor elementor-33\" data-elementor-post-type=\"page\">\n\t\t\t\t<div class=\"elementor-element elementor-element-2b658c6 e-flex e-con-boxed e-con e-parent\" data-id=\"2b658c6\" data-element_type=\"container\">\n\t\t\t\t\t<div class=\"e-con-inner\">\n\t\t<div class=\"elementor-element elementor-element-902e24b e-con-full e-grid e-con e-child\" data-id=\"902e24b\" data-element_type=\"container\">\n\t\t<div class=\"elementor-element elementor-element-31785f7 e-con-full e-flex e-con e-child\" data-id=\"31785f7\" data-element_type=\"container\">\n\t\t\t\t<div class=\"elementor-element elementor-element-07ca0d9 elementor-widget elementor-widget-image\" data-id=\"07ca0d9\" data-element_type=\"widget\" data-widget_type=\"image.default\">\n\t\t\t\t<div class=\"elementor-widget-container\">\n\t\t\t<style>\/*! elementor - v3.22.0 - 17-06-2024 *\/\n.elementor-widget-image{text-align:center}.elementor-widget-image a{display:inline-block}.elementor-widget-image a img[src$=\".svg\"]{width:48px}.elementor-widget-image img{vertical-align:middle;display:inline-block}<\/style>\t\t\t\t\t\t\t\t\t\t<img fetchpriority=\"high\" decoding=\"async\" width=\"800\" height=\"800\" src=\"https:\/\/festivalacko.sk\/archiv\/2024\/wp-content\/uploads\/2024\/10\/Rebeka-1024x1024.jpg\" class=\"attachment-large size-large wp-image-613\" alt=\"Rebeka Ondov\u00e1\" srcset=\"https:\/\/festivalacko.sk\/archiv\/2024\/wp-content\/uploads\/2024\/10\/Rebeka-1024x1024.jpg 1024w, https:\/\/festivalacko.sk\/archiv\/2024\/wp-content\/uploads\/2024\/10\/Rebeka-300x300.jpg 300w, https:\/\/festivalacko.sk\/archiv\/2024\/wp-content\/uploads\/2024\/10\/Rebeka-150x150.jpg 150w, https:\/\/festivalacko.sk\/archiv\/2024\/wp-content\/uploads\/2024\/10\/Rebeka-768x768.jpg 768w, https:\/\/festivalacko.sk\/archiv\/2024\/wp-content\/uploads\/2024\/10\/Rebeka-1536x1536.jpg 1536w, https:\/\/festivalacko.sk\/archiv\/2024\/wp-content\/uploads\/2024\/10\/Rebeka-2048x2048.jpg 2048w\" sizes=\"(max-width: 800px) 100vw, 800px\" \/>\t\t\t\t\t\t\t\t\t\t\t\t\t<\/div>\n\t\t\t\t<\/div>\n\t\t\t\t<div class=\"elementor-element elementor-element-7212226 elementor-widget elementor-widget-heading\" data-id=\"7212226\" data-element_type=\"widget\" data-widget_type=\"heading.default\">\n\t\t\t\t<div class=\"elementor-widget-container\">\n\t\t\t<style>\/*! elementor - v3.22.0 - 17-06-2024 *\/\n.elementor-heading-title{padding:0;margin:0;line-height:1}.elementor-widget-heading .elementor-heading-title[class*=elementor-size-]>a{color:inherit;font-size:inherit;line-height:inherit}.elementor-widget-heading .elementor-heading-title.elementor-size-small{font-size:15px}.elementor-widget-heading .elementor-heading-title.elementor-size-medium{font-size:19px}.elementor-widget-heading .elementor-heading-title.elementor-size-large{font-size:29px}.elementor-widget-heading .elementor-heading-title.elementor-size-xl{font-size:39px}.elementor-widget-heading .elementor-heading-title.elementor-size-xxl{font-size:59px}<\/style><h2 class=\"elementor-heading-title elementor-size-default\">Rebeka Ondov\u00e1<\/h2>\t\t<\/div>\n\t\t\t\t<\/div>\n\t\t\t\t<div class=\"elementor-element elementor-element-294f187 elementor-widget elementor-widget-heading\" data-id=\"294f187\" data-element_type=\"widget\" data-widget_type=\"heading.default\">\n\t\t\t\t<div class=\"elementor-widget-container\">\n\t\t\t<h2 class=\"elementor-heading-title elementor-size-default\">v\u00fdkonn\u00e1 riadite\u013eka<\/h2>\t\t<\/div>\n\t\t\t\t<\/div>\n\t\t\t\t<\/div>\n\t\t<div class=\"elementor-element elementor-element-fbafa6b e-con-full e-flex e-con e-child\" data-id=\"fbafa6b\" data-element_type=\"container\">\n\t\t\t\t<div class=\"elementor-element elementor-element-ccab956 elementor-widget elementor-widget-image\" data-id=\"ccab956\" data-element_type=\"widget\" data-widget_type=\"image.default\">\n\t\t\t\t<div class=\"elementor-widget-container\">\n\t\t\t\t\t\t\t\t\t\t\t\t\t<img decoding=\"async\" width=\"800\" height=\"800\" src=\"https:\/\/festivalacko.sk\/archiv\/2024\/wp-content\/uploads\/2024\/10\/Naty-1024x1024.jpg\" class=\"attachment-large size-large wp-image-612\" alt=\"Naty Uhrinov\u00e1\" srcset=\"https:\/\/festivalacko.sk\/archiv\/2024\/wp-content\/uploads\/2024\/10\/Naty-1024x1024.jpg 1024w, https:\/\/festivalacko.sk\/archiv\/2024\/wp-content\/uploads\/2024\/10\/Naty-300x300.jpg 300w, https:\/\/festivalacko.sk\/archiv\/2024\/wp-content\/uploads\/2024\/10\/Naty-150x150.jpg 150w, https:\/\/festivalacko.sk\/archiv\/2024\/wp-content\/uploads\/2024\/10\/Naty-768x768.jpg 768w, https:\/\/festivalacko.sk\/archiv\/2024\/wp-content\/uploads\/2024\/10\/Naty-1536x1536.jpg 1536w, https:\/\/festivalacko.sk\/archiv\/2024\/wp-content\/uploads\/2024\/10\/Naty-2048x2048.jpg 2048w\" sizes=\"(max-width: 800px) 100vw, 800px\" \/>\t\t\t\t\t\t\t\t\t\t\t\t\t<\/div>\n\t\t\t\t<\/div>\n\t\t\t\t<div class=\"elementor-element elementor-element-8285482 elementor-widget elementor-widget-heading\" data-id=\"8285482\" data-element_type=\"widget\" data-widget_type=\"heading.default\">\n\t\t\t\t<div class=\"elementor-widget-container\">\n\t\t\t<h2 class=\"elementor-heading-title elementor-size-default\">Nat\u00e1lia Uhrinov\u00e1<\/h2>\t\t<\/div>\n\t\t\t\t<\/div>\n\t\t\t\t<div class=\"elementor-element elementor-element-b1fb07f elementor-widget elementor-widget-heading\" data-id=\"b1fb07f\" data-element_type=\"widget\" data-widget_type=\"heading.default\">\n\t\t\t\t<div class=\"elementor-widget-container\">\n\t\t\t<h2 class=\"elementor-heading-title elementor-size-default\">finan\u010dn\u00e1 riadite\u013eka<\/h2>\t\t<\/div>\n\t\t\t\t<\/div>\n\t\t\t\t<\/div>\n\t\t<div class=\"elementor-element elementor-element-5594b92 e-con-full e-flex e-con e-child\" data-id=\"5594b92\" data-element_type=\"container\">\n\t\t\t\t<div class=\"elementor-element elementor-element-e5f6c60 elementor-widget elementor-widget-image\" data-id=\"e5f6c60\" data-element_type=\"widget\" data-widget_type=\"image.default\">\n\t\t\t\t<div class=\"elementor-widget-container\">\n\t\t\t\t\t\t\t\t\t\t\t\t\t<img decoding=\"async\" width=\"800\" height=\"800\" src=\"https:\/\/festivalacko.sk\/archiv\/2024\/wp-content\/uploads\/2024\/10\/Laco-1024x1024.jpg\" class=\"attachment-large size-large wp-image-610\" alt=\"Laco Barta\" srcset=\"https:\/\/festivalacko.sk\/archiv\/2024\/wp-content\/uploads\/2024\/10\/Laco-1024x1024.jpg 1024w, https:\/\/festivalacko.sk\/archiv\/2024\/wp-content\/uploads\/2024\/10\/Laco-300x300.jpg 300w, https:\/\/festivalacko.sk\/archiv\/2024\/wp-content\/uploads\/2024\/10\/Laco-150x150.jpg 150w, https:\/\/festivalacko.sk\/archiv\/2024\/wp-content\/uploads\/2024\/10\/Laco-768x768.jpg 768w, https:\/\/festivalacko.sk\/archiv\/2024\/wp-content\/uploads\/2024\/10\/Laco-1536x1536.jpg 1536w, https:\/\/festivalacko.sk\/archiv\/2024\/wp-content\/uploads\/2024\/10\/Laco-2048x2048.jpg 2048w\" sizes=\"(max-width: 800px) 100vw, 800px\" \/>\t\t\t\t\t\t\t\t\t\t\t\t\t<\/div>\n\t\t\t\t<\/div>\n\t\t\t\t<div class=\"elementor-element elementor-element-b45e572 elementor-widget elementor-widget-heading\" data-id=\"b45e572\" data-element_type=\"widget\" data-widget_type=\"heading.default\">\n\t\t\t\t<div class=\"elementor-widget-container\">\n\t\t\t<h2 class=\"elementor-heading-title elementor-size-default\">Laco Barta<\/h2>\t\t<\/div>\n\t\t\t\t<\/div>\n\t\t\t\t<div class=\"elementor-element elementor-element-091206b elementor-widget elementor-widget-heading\" data-id=\"091206b\" data-element_type=\"widget\" data-widget_type=\"heading.default\">\n\t\t\t\t<div class=\"elementor-widget-container\">\n\t\t\t<h2 class=\"elementor-heading-title elementor-size-default\">finan\u010dn\u00fd mana\u017e\u00e9r<\/h2>\t\t<\/div>\n\t\t\t\t<\/div>\n\t\t\t\t<\/div>\n\t\t<div class=\"elementor-element elementor-element-2d46d5a e-con-full e-flex e-con e-child\" data-id=\"2d46d5a\" data-element_type=\"container\">\n\t\t\t\t<div class=\"elementor-element elementor-element-3b3fe8f elementor-widget elementor-widget-image\" data-id=\"3b3fe8f\" data-element_type=\"widget\" data-widget_type=\"image.default\">\n\t\t\t\t<div class=\"elementor-widget-container\">\n\t\t\t\t\t\t\t\t\t\t\t\t\t<img loading=\"lazy\" decoding=\"async\" width=\"800\" height=\"800\" src=\"https:\/\/festivalacko.sk\/archiv\/2024\/wp-content\/uploads\/2024\/10\/Hanka-1024x1024.jpg\" class=\"attachment-large size-large wp-image-607\" alt=\"Hana Ad\u00e1mikov\u00e1\" srcset=\"https:\/\/festivalacko.sk\/archiv\/2024\/wp-content\/uploads\/2024\/10\/Hanka-1024x1024.jpg 1024w, https:\/\/festivalacko.sk\/archiv\/2024\/wp-content\/uploads\/2024\/10\/Hanka-300x300.jpg 300w, https:\/\/festivalacko.sk\/archiv\/2024\/wp-content\/uploads\/2024\/10\/Hanka-150x150.jpg 150w, https:\/\/festivalacko.sk\/archiv\/2024\/wp-content\/uploads\/2024\/10\/Hanka-768x768.jpg 768w, https:\/\/festivalacko.sk\/archiv\/2024\/wp-content\/uploads\/2024\/10\/Hanka-1536x1536.jpg 1536w, https:\/\/festivalacko.sk\/archiv\/2024\/wp-content\/uploads\/2024\/10\/Hanka-2048x2048.jpg 2048w\" sizes=\"(max-width: 800px) 100vw, 800px\" \/>\t\t\t\t\t\t\t\t\t\t\t\t\t<\/div>\n\t\t\t\t<\/div>\n\t\t\t\t<div class=\"elementor-element elementor-element-383a033 elementor-widget elementor-widget-heading\" data-id=\"383a033\" data-element_type=\"widget\" data-widget_type=\"heading.default\">\n\t\t\t\t<div class=\"elementor-widget-container\">\n\t\t\t<h2 class=\"elementor-heading-title elementor-size-default\">Hana Ad\u00e1mikov\u00e1<\/h2>\t\t<\/div>\n\t\t\t\t<\/div>\n\t\t\t\t<div class=\"elementor-element elementor-element-8bae09c elementor-widget elementor-widget-heading\" data-id=\"8bae09c\" data-element_type=\"widget\" data-widget_type=\"heading.default\">\n\t\t\t\t<div class=\"elementor-widget-container\">\n\t\t\t<h2 class=\"elementor-heading-title elementor-size-default\">programov\u00e1 riadite\u013eka<\/h2>\t\t<\/div>\n\t\t\t\t<\/div>\n\t\t\t\t<\/div>\n\t\t<div class=\"elementor-element elementor-element-beb5ba7 e-con-full e-flex e-con e-child\" data-id=\"beb5ba7\" data-element_type=\"container\">\n\t\t\t\t<div class=\"elementor-element elementor-element-53056f3 elementor-widget elementor-widget-image\" data-id=\"53056f3\" data-element_type=\"widget\" data-widget_type=\"image.default\">\n\t\t\t\t<div class=\"elementor-widget-container\">\n\t\t\t\t\t\t\t\t\t\t\t\t\t<img loading=\"lazy\" decoding=\"async\" width=\"800\" height=\"800\" src=\"https:\/\/festivalacko.sk\/archiv\/2024\/wp-content\/uploads\/2024\/10\/Klaudia-1024x1024.jpg\" class=\"attachment-large size-large wp-image-609\" alt=\"Klaudia Kolekov\u00e1\" srcset=\"https:\/\/festivalacko.sk\/archiv\/2024\/wp-content\/uploads\/2024\/10\/Klaudia-1024x1024.jpg 1024w, https:\/\/festivalacko.sk\/archiv\/2024\/wp-content\/uploads\/2024\/10\/Klaudia-300x300.jpg 300w, https:\/\/festivalacko.sk\/archiv\/2024\/wp-content\/uploads\/2024\/10\/Klaudia-150x150.jpg 150w, https:\/\/festivalacko.sk\/archiv\/2024\/wp-content\/uploads\/2024\/10\/Klaudia-768x768.jpg 768w, https:\/\/festivalacko.sk\/archiv\/2024\/wp-content\/uploads\/2024\/10\/Klaudia-1536x1536.jpg 1536w, https:\/\/festivalacko.sk\/archiv\/2024\/wp-content\/uploads\/2024\/10\/Klaudia-2048x2048.jpg 2048w\" sizes=\"(max-width: 800px) 100vw, 800px\" \/>\t\t\t\t\t\t\t\t\t\t\t\t\t<\/div>\n\t\t\t\t<\/div>\n\t\t\t\t<div class=\"elementor-element elementor-element-72f29b8 elementor-widget elementor-widget-heading\" data-id=\"72f29b8\" data-element_type=\"widget\" data-widget_type=\"heading.default\">\n\t\t\t\t<div class=\"elementor-widget-container\">\n\t\t\t<h2 class=\"elementor-heading-title elementor-size-default\">Klaudia Kolekov\u00e1<\/h2>\t\t<\/div>\n\t\t\t\t<\/div>\n\t\t\t\t<div class=\"elementor-element elementor-element-5b4b86f elementor-widget elementor-widget-heading\" data-id=\"5b4b86f\" data-element_type=\"widget\" data-widget_type=\"heading.default\">\n\t\t\t\t<div class=\"elementor-widget-container\">\n\t\t\t<h2 class=\"elementor-heading-title elementor-size-default\">programov\u00e1 mana\u017e\u00e9rka<\/h2>\t\t<\/div>\n\t\t\t\t<\/div>\n\t\t\t\t<\/div>\n\t\t<div class=\"elementor-element elementor-element-2f62947 e-con-full e-flex e-con e-child\" data-id=\"2f62947\" data-element_type=\"container\">\n\t\t\t\t<div class=\"elementor-element elementor-element-2e60bbf elementor-widget elementor-widget-image\" data-id=\"2e60bbf\" data-element_type=\"widget\" data-widget_type=\"image.default\">\n\t\t\t\t<div class=\"elementor-widget-container\">\n\t\t\t\t\t\t\t\t\t\t\t\t\t<img loading=\"lazy\" decoding=\"async\" width=\"800\" height=\"800\" src=\"https:\/\/festivalacko.sk\/archiv\/2024\/wp-content\/uploads\/2024\/10\/Emily-1024x1024.jpg\" class=\"attachment-large size-large wp-image-606\" alt=\"Em\u00edlia \u0160irotn\u00edkov\u00e1\" srcset=\"https:\/\/festivalacko.sk\/archiv\/2024\/wp-content\/uploads\/2024\/10\/Emily-1024x1024.jpg 1024w, https:\/\/festivalacko.sk\/archiv\/2024\/wp-content\/uploads\/2024\/10\/Emily-300x300.jpg 300w, https:\/\/festivalacko.sk\/archiv\/2024\/wp-content\/uploads\/2024\/10\/Emily-150x150.jpg 150w, https:\/\/festivalacko.sk\/archiv\/2024\/wp-content\/uploads\/2024\/10\/Emily-768x768.jpg 768w, https:\/\/festivalacko.sk\/archiv\/2024\/wp-content\/uploads\/2024\/10\/Emily-1536x1536.jpg 1536w, https:\/\/festivalacko.sk\/archiv\/2024\/wp-content\/uploads\/2024\/10\/Emily-2048x2048.jpg 2048w\" sizes=\"(max-width: 800px) 100vw, 800px\" \/>\t\t\t\t\t\t\t\t\t\t\t\t\t<\/div>\n\t\t\t\t<\/div>\n\t\t\t\t<div class=\"elementor-element elementor-element-fa74239 elementor-widget elementor-widget-heading\" data-id=\"fa74239\" data-element_type=\"widget\" data-widget_type=\"heading.default\">\n\t\t\t\t<div class=\"elementor-widget-container\">\n\t\t\t<h2 class=\"elementor-heading-title elementor-size-default\">Em\u00edlia \u0160irotn\u00edkov\u00e1<\/h2>\t\t<\/div>\n\t\t\t\t<\/div>\n\t\t\t\t<div class=\"elementor-element elementor-element-71df174 elementor-widget elementor-widget-heading\" data-id=\"71df174\" data-element_type=\"widget\" data-widget_type=\"heading.default\">\n\t\t\t\t<div class=\"elementor-widget-container\">\n\t\t\t<h2 class=\"elementor-heading-title elementor-size-default\">marketingov\u00e1 a PR mana\u017e\u00e9rka<\/h2>\t\t<\/div>\n\t\t\t\t<\/div>\n\t\t\t\t<\/div>\n\t\t<div class=\"elementor-element elementor-element-842bd55 e-con-full e-flex e-con e-child\" data-id=\"842bd55\" data-element_type=\"container\">\n\t\t\t\t<div class=\"elementor-element elementor-element-f7e2da5 elementor-widget elementor-widget-image\" data-id=\"f7e2da5\" data-element_type=\"widget\" data-widget_type=\"image.default\">\n\t\t\t\t<div class=\"elementor-widget-container\">\n\t\t\t\t\t\t\t\t\t\t\t\t\t<img loading=\"lazy\" decoding=\"async\" width=\"800\" height=\"852\" src=\"https:\/\/festivalacko.sk\/archiv\/2024\/wp-content\/uploads\/2024\/10\/Julka-962x1024.jpg\" class=\"attachment-large size-large wp-image-608\" alt=\"Juliana Stra\u010dinov\u00e1\" srcset=\"https:\/\/festivalacko.sk\/archiv\/2024\/wp-content\/uploads\/2024\/10\/Julka-962x1024.jpg 962w, https:\/\/festivalacko.sk\/archiv\/2024\/wp-content\/uploads\/2024\/10\/Julka-282x300.jpg 282w, https:\/\/festivalacko.sk\/archiv\/2024\/wp-content\/uploads\/2024\/10\/Julka-768x818.jpg 768w, https:\/\/festivalacko.sk\/archiv\/2024\/wp-content\/uploads\/2024\/10\/Julka-1443x1536.jpg 1443w, https:\/\/festivalacko.sk\/archiv\/2024\/wp-content\/uploads\/2024\/10\/Julka-1924x2048.jpg 1924w\" sizes=\"(max-width: 800px) 100vw, 800px\" \/>\t\t\t\t\t\t\t\t\t\t\t\t\t<\/div>\n\t\t\t\t<\/div>\n\t\t\t\t<div class=\"elementor-element elementor-element-5a71842 elementor-widget elementor-widget-heading\" data-id=\"5a71842\" data-element_type=\"widget\" data-widget_type=\"heading.default\">\n\t\t\t\t<div class=\"elementor-widget-container\">\n\t\t\t<h2 class=\"elementor-heading-title elementor-size-default\">Juliana Stra\u010dinov\u00e1<\/h2>\t\t<\/div>\n\t\t\t\t<\/div>\n\t\t\t\t<div class=\"elementor-element elementor-element-0cd6674 elementor-widget elementor-widget-heading\" data-id=\"0cd6674\" data-element_type=\"widget\" data-widget_type=\"heading.default\">\n\t\t\t\t<div class=\"elementor-widget-container\">\n\t\t\t<h2 class=\"elementor-heading-title elementor-size-default\">technick\u00e1 mana\u017e\u00e9rka<\/h2>\t\t<\/div>\n\t\t\t\t<\/div>\n\t\t\t\t<\/div>\n\t\t<div class=\"elementor-element elementor-element-90d2966 e-con-full e-flex e-con e-child\" data-id=\"90d2966\" data-element_type=\"container\">\n\t\t\t\t<div class=\"elementor-element elementor-element-5b8440a elementor-widget elementor-widget-image\" data-id=\"5b8440a\" data-element_type=\"widget\" data-widget_type=\"image.default\">\n\t\t\t\t<div class=\"elementor-widget-container\">\n\t\t\t\t\t\t\t\t\t\t\t\t\t<img loading=\"lazy\" decoding=\"async\" width=\"800\" height=\"800\" src=\"https:\/\/festivalacko.sk\/archiv\/2024\/wp-content\/uploads\/2024\/10\/Simon-1024x1024.jpg\" class=\"attachment-large size-large wp-image-614\" alt=\"\u0160imon Hud\u00e1k\" srcset=\"https:\/\/festivalacko.sk\/archiv\/2024\/wp-content\/uploads\/2024\/10\/Simon-1024x1024.jpg 1024w, https:\/\/festivalacko.sk\/archiv\/2024\/wp-content\/uploads\/2024\/10\/Simon-300x300.jpg 300w, https:\/\/festivalacko.sk\/archiv\/2024\/wp-content\/uploads\/2024\/10\/Simon-150x150.jpg 150w, https:\/\/festivalacko.sk\/archiv\/2024\/wp-content\/uploads\/2024\/10\/Simon-768x768.jpg 768w, https:\/\/festivalacko.sk\/archiv\/2024\/wp-content\/uploads\/2024\/10\/Simon-1536x1536.jpg 1536w, https:\/\/festivalacko.sk\/archiv\/2024\/wp-content\/uploads\/2024\/10\/Simon-2048x2048.jpg 2048w\" sizes=\"(max-width: 800px) 100vw, 800px\" \/>\t\t\t\t\t\t\t\t\t\t\t\t\t<\/div>\n\t\t\t\t<\/div>\n\t\t\t\t<div class=\"elementor-element elementor-element-9ddbc7e elementor-widget elementor-widget-heading\" data-id=\"9ddbc7e\" data-element_type=\"widget\" data-widget_type=\"heading.default\">\n\t\t\t\t<div class=\"elementor-widget-container\">\n\t\t\t<h2 class=\"elementor-heading-title elementor-size-default\">\u0160imon Hud\u00e1k<\/h2>\t\t<\/div>\n\t\t\t\t<\/div>\n\t\t\t\t<div class=\"elementor-element elementor-element-e165e84 elementor-widget elementor-widget-heading\" data-id=\"e165e84\" data-element_type=\"widget\" data-widget_type=\"heading.default\">\n\t\t\t\t<div class=\"elementor-widget-container\">\n\t\t\t<h2 class=\"elementor-heading-title elementor-size-default\">produkcia<\/h2>\t\t<\/div>\n\t\t\t\t<\/div>\n\t\t\t\t<\/div>\n\t\t<div class=\"elementor-element elementor-element-f82b3aa e-con-full e-flex e-con e-child\" data-id=\"f82b3aa\" data-element_type=\"container\">\n\t\t\t\t<div class=\"elementor-element elementor-element-b47dd55 elementor-widget elementor-widget-image\" data-id=\"b47dd55\" data-element_type=\"widget\" data-widget_type=\"image.default\">\n\t\t\t\t<div class=\"elementor-widget-container\">\n\t\t\t\t\t\t\t\t\t\t\t\t\t<img loading=\"lazy\" decoding=\"async\" width=\"800\" height=\"800\" src=\"https:\/\/festivalacko.sk\/archiv\/2024\/wp-content\/uploads\/2024\/10\/Mata-1024x1024.jpg\" class=\"attachment-large size-large wp-image-611\" alt=\"Martina Bob\u00e1\u0148ov\u00e1\" srcset=\"https:\/\/festivalacko.sk\/archiv\/2024\/wp-content\/uploads\/2024\/10\/Mata-1024x1024.jpg 1024w, https:\/\/festivalacko.sk\/archiv\/2024\/wp-content\/uploads\/2024\/10\/Mata-300x300.jpg 300w, https:\/\/festivalacko.sk\/archiv\/2024\/wp-content\/uploads\/2024\/10\/Mata-150x150.jpg 150w, https:\/\/festivalacko.sk\/archiv\/2024\/wp-content\/uploads\/2024\/10\/Mata-768x768.jpg 768w, https:\/\/festivalacko.sk\/archiv\/2024\/wp-content\/uploads\/2024\/10\/Mata-1536x1536.jpg 1536w, https:\/\/festivalacko.sk\/archiv\/2024\/wp-content\/uploads\/2024\/10\/Mata-2048x2048.jpg 2048w\" sizes=\"(max-width: 800px) 100vw, 800px\" \/>\t\t\t\t\t\t\t\t\t\t\t\t\t<\/div>\n\t\t\t\t<\/div>\n\t\t\t\t<div class=\"elementor-element elementor-element-e482e6a elementor-widget elementor-widget-heading\" data-id=\"e482e6a\" data-element_type=\"widget\" data-widget_type=\"heading.default\">\n\t\t\t\t<div class=\"elementor-widget-container\">\n\t\t\t<h2 class=\"elementor-heading-title elementor-size-default\">Martina Bob\u00e1\u0148ov\u00e1<\/h2>\t\t<\/div>\n\t\t\t\t<\/div>\n\t\t\t\t<div class=\"elementor-element elementor-element-e4e9b16 elementor-widget elementor-widget-heading\" data-id=\"e4e9b16\" data-element_type=\"widget\" data-widget_type=\"heading.default\">\n\t\t\t\t<div class=\"elementor-widget-container\">\n\t\t\t<h2 class=\"elementor-heading-title elementor-size-default\">sponzoring<\/h2>\t\t<\/div>\n\t\t\t\t<\/div>\n\t\t\t\t<\/div>\n\t\t\t\t<\/div>\n\t\t<div class=\"elementor-element elementor-element-5656092 e-con-full e-flex e-con e-child\" data-id=\"5656092\" data-element_type=\"container\" data-settings=\"{&quot;background_background&quot;:&quot;classic&quot;}\">\n\t\t\t\t<div class=\"elementor-element elementor-element-c6d6b8f elementor-widget elementor-widget-heading\" data-id=\"c6d6b8f\" data-element_type=\"widget\" data-widget_type=\"heading.default\">\n\t\t\t\t<div class=\"elementor-widget-container\">\n\t\t\t<h1 class=\"elementor-heading-title elementor-size-default\">Organiza\u010dn\u00fd t\u00edm<\/h1>\t\t<\/div>\n\t\t\t\t<\/div>\n\t\t\t\t<\/div>\n\t\t\t\t\t<\/div>\n\t\t\t\t<\/div>\n\t\t\t\t<\/div>\n\t\t","protected":false},"excerpt":{"rendered":"<p>Rebeka Ondov\u00e1 v\u00fdkonn\u00e1 riadite\u013eka Nat\u00e1lia Uhrinov\u00e1 finan\u010dn\u00e1 riadite\u013eka Laco Barta finan\u010dn\u00fd mana\u017e\u00e9r Hana Ad\u00e1mikov\u00e1 programov\u00e1 riadite\u013eka Klaudia Kolekov\u00e1 programov\u00e1 mana\u017e\u00e9rka Em\u00edlia \u0160irotn\u00edkov\u00e1 marketingov\u00e1 a PR mana\u017e\u00e9rka Juliana Stra\u010dinov\u00e1 technick\u00e1 mana\u017e\u00e9rka \u0160imon Hud\u00e1k produkcia Martina Bob\u00e1\u0148ov\u00e1 sponzoring Organiza\u010dn\u00fd t\u00edm<\/p>\n","protected":false},"author":1,"featured_media":0,"parent":0,"menu_order":0,"comment_status":"closed","ping_status":"closed","template":"","meta":{"footnotes":""},"class_list":["post-33","page","type-page","status-publish","hentry"],"acf":[],"_links":{"self":[{"href":"https:\/\/festivalacko.sk\/archiv\/2024\/wp-json\/wp\/v2\/pages\/33","targetHints":{"allow":["GET"]}}],"collection":[{"href":"https:\/\/festivalacko.sk\/archiv\/2024\/wp-json\/wp\/v2\/pages"}],"about":[{"href":"https:\/\/festivalacko.sk\/archiv\/2024\/wp-json\/wp\/v2\/types\/page"}],"author":[{"embeddable":true,"href":"https:\/\/festivalacko.sk\/archiv\/2024\/wp-json\/wp\/v2\/users\/1"}],"replies":[{"embeddable":true,"href":"https:\/\/festivalacko.sk\/archiv\/2024\/wp-json\/wp\/v2\/comments?post=33"}],"version-history":[{"count":26,"href":"https:\/\/festivalacko.sk\/archiv\/2024\/wp-json\/wp\/v2\/pages\/33\/revisions"}],"predecessor-version":[{"id":625,"href":"https:\/\/festivalacko.sk\/archiv\/2024\/wp-json\/wp\/v2\/pages\/33\/revisions\/625"}],"wp:attachment":[{"href":"https:\/\/festivalacko.sk\/archiv\/2024\/wp-json\/wp\/v2\/media?parent=33"}],"curies":[{"name":"wp","href":"https:\/\/api.w.org\/{rel}","templated":true}]}}