{"id":927,"date":"2024-10-26T16:48:26","date_gmt":"2024-10-26T14:48:26","guid":{"rendered":"https:\/\/festivalacko.sk\/archiv\/2024\/?page_id=927"},"modified":"2024-10-28T00:09:21","modified_gmt":"2024-10-27T23:09:21","slug":"ocenene-filmy","status":"publish","type":"page","link":"https:\/\/festivalacko.sk\/archiv\/2024\/ocenene-filmy\/","title":{"rendered":"Ocenen\u00e9 filmy"},"content":{"rendered":"\t\t<div data-elementor-type=\"wp-page\" data-elementor-id=\"927\" class=\"elementor elementor-927\" data-elementor-post-type=\"page\">\n\t\t\t\t<div class=\"elementor-element elementor-element-9e32c58 e-flex e-con-boxed e-con e-parent\" data-id=\"9e32c58\" data-element_type=\"container\">\n\t\t\t\t\t<div class=\"e-con-inner\">\n\t\t<div class=\"elementor-element elementor-element-7249df4 e-con-full e-flex e-con e-child\" data-id=\"7249df4\" data-element_type=\"container\">\n\t\t\t\t<div class=\"elementor-element elementor-element-06dc91d elementor-widget elementor-widget-heading\" data-id=\"06dc91d\" data-element_type=\"widget\" data-widget_type=\"heading.default\">\n\t\t\t\t<div class=\"elementor-widget-container\">\n\t\t\t<style>\/*! elementor - v3.22.0 - 17-06-2024 *\/\n.elementor-heading-title{padding:0;margin:0;line-height:1}.elementor-widget-heading .elementor-heading-title[class*=elementor-size-]>a{color:inherit;font-size:inherit;line-height:inherit}.elementor-widget-heading .elementor-heading-title.elementor-size-small{font-size:15px}.elementor-widget-heading .elementor-heading-title.elementor-size-medium{font-size:19px}.elementor-widget-heading .elementor-heading-title.elementor-size-large{font-size:29px}.elementor-widget-heading .elementor-heading-title.elementor-size-xl{font-size:39px}.elementor-widget-heading .elementor-heading-title.elementor-size-xxl{font-size:59px}<\/style><h1 class=\"elementor-heading-title elementor-size-default\">Ocenen\u00e9 filmy<\/h1>\t\t<\/div>\n\t\t\t\t<\/div>\n\t\t<div class=\"elementor-element elementor-element-6a8419e e-grid e-con-full e-con e-child\" data-id=\"6a8419e\" data-element_type=\"container\">\n\t\t<div class=\"elementor-element elementor-element-3db95f6 e-con-full e-flex e-con e-child\" data-id=\"3db95f6\" data-element_type=\"container\">\n\t\t<div class=\"elementor-element elementor-element-73b51e9 e-con-full e-flex e-con e-child\" data-id=\"73b51e9\" data-element_type=\"container\" data-settings=\"{&quot;background_background&quot;:&quot;classic&quot;}\">\n\t\t\t\t<div class=\"elementor-element elementor-element-407c067 elementor-widget elementor-widget-heading\" data-id=\"407c067\" data-element_type=\"widget\" data-widget_type=\"heading.default\">\n\t\t\t\t<div class=\"elementor-widget-container\">\n\t\t\t<h2 class=\"elementor-heading-title elementor-size-default\">Najlep\u0161\u00ed film<\/h2>\t\t<\/div>\n\t\t\t\t<\/div>\n\t\t\t\t<\/div>\n\t\t\t\t<div class=\"elementor-element elementor-element-3ad1c77 elementor-widget elementor-widget-heading\" data-id=\"3ad1c77\" data-element_type=\"widget\" data-widget_type=\"heading.default\">\n\t\t\t\t<div class=\"elementor-widget-container\">\n\t\t\t<h3 class=\"elementor-heading-title elementor-size-default\"><a href=\"\/movie\/tak-zajtra\/\">Tak zajtra<\/a><\/h3>\t\t<\/div>\n\t\t\t\t<\/div>\n\t\t\t\t<\/div>\n\t\t<div class=\"elementor-element elementor-element-5852e31 e-con-full e-flex e-con e-child\" data-id=\"5852e31\" data-element_type=\"container\">\n\t\t<div class=\"elementor-element elementor-element-8d29ace e-con-full e-flex e-con e-child\" data-id=\"8d29ace\" data-element_type=\"container\" data-settings=\"{&quot;background_background&quot;:&quot;classic&quot;}\">\n\t\t\t\t<div class=\"elementor-element elementor-element-72099d4 elementor-widget elementor-widget-heading\" data-id=\"72099d4\" data-element_type=\"widget\" data-widget_type=\"heading.default\">\n\t\t\t\t<div class=\"elementor-widget-container\">\n\t\t\t<h2 class=\"elementor-heading-title elementor-size-default\">Najlep\u0161ia r\u00e9\u017eia hran\u00e9ho filmu<\/h2>\t\t<\/div>\n\t\t\t\t<\/div>\n\t\t\t\t<\/div>\n\t\t\t\t<div class=\"elementor-element elementor-element-061515f elementor-widget elementor-widget-heading\" data-id=\"061515f\" data-element_type=\"widget\" data-widget_type=\"heading.default\">\n\t\t\t\t<div class=\"elementor-widget-container\">\n\t\t\t<h3 class=\"elementor-heading-title elementor-size-default\"><a href=\"\/movie\/tak-zajtra\/\">Tak zajtra<\/a><\/h3>\t\t<\/div>\n\t\t\t\t<\/div>\n\t\t\t\t<\/div>\n\t\t<div class=\"elementor-element elementor-element-b2675ea e-con-full e-flex e-con e-child\" data-id=\"b2675ea\" data-element_type=\"container\">\n\t\t<div class=\"elementor-element elementor-element-04ba06a e-con-full e-flex e-con e-child\" data-id=\"04ba06a\" data-element_type=\"container\" data-settings=\"{&quot;background_background&quot;:&quot;classic&quot;}\">\n\t\t\t\t<div class=\"elementor-element elementor-element-8f2c107 elementor-widget elementor-widget-heading\" data-id=\"8f2c107\" data-element_type=\"widget\" data-widget_type=\"heading.default\">\n\t\t\t\t<div class=\"elementor-widget-container\">\n\t\t\t<h2 class=\"elementor-heading-title elementor-size-default\">Najlep\u0161\u00ed dokument\u00e1rny film<\/h2>\t\t<\/div>\n\t\t\t\t<\/div>\n\t\t\t\t<\/div>\n\t\t\t\t<div class=\"elementor-element elementor-element-551521b elementor-widget elementor-widget-heading\" data-id=\"551521b\" data-element_type=\"widget\" data-widget_type=\"heading.default\">\n\t\t\t\t<div class=\"elementor-widget-container\">\n\t\t\t<h3 class=\"elementor-heading-title elementor-size-default\"><a href=\"\/movie\/umco-alebo-na-vychode-nic-nie-je\/\">Um\u010do alebo na v\u00fdchode ni\u010d nie je<\/a><\/h3>\t\t<\/div>\n\t\t\t\t<\/div>\n\t\t\t\t<\/div>\n\t\t<div class=\"elementor-element elementor-element-f9e0f04 e-con-full e-flex e-con e-child\" data-id=\"f9e0f04\" data-element_type=\"container\">\n\t\t<div class=\"elementor-element elementor-element-ff3f651 e-con-full e-flex e-con e-child\" data-id=\"ff3f651\" data-element_type=\"container\" data-settings=\"{&quot;background_background&quot;:&quot;classic&quot;}\">\n\t\t\t\t<div class=\"elementor-element elementor-element-bfb0a97 elementor-widget elementor-widget-heading\" data-id=\"bfb0a97\" data-element_type=\"widget\" data-widget_type=\"heading.default\">\n\t\t\t\t<div class=\"elementor-widget-container\">\n\t\t\t<h2 class=\"elementor-heading-title elementor-size-default\">Najlep\u0161\u00ed animovan\u00fd film<\/h2>\t\t<\/div>\n\t\t\t\t<\/div>\n\t\t\t\t<\/div>\n\t\t\t\t<div class=\"elementor-element elementor-element-1f2442b elementor-widget elementor-widget-heading\" data-id=\"1f2442b\" data-element_type=\"widget\" data-widget_type=\"heading.default\">\n\t\t\t\t<div class=\"elementor-widget-container\">\n\t\t\t<h3 class=\"elementor-heading-title elementor-size-default\"><a href=\"\/movie\/hostina\/\">Hostina<\/a><\/h3>\t\t<\/div>\n\t\t\t\t<\/div>\n\t\t\t\t<\/div>\n\t\t<div class=\"elementor-element elementor-element-444581e e-con-full e-flex e-con e-child\" data-id=\"444581e\" data-element_type=\"container\">\n\t\t<div class=\"elementor-element elementor-element-04f317d e-con-full e-flex e-con e-child\" data-id=\"04f317d\" data-element_type=\"container\" data-settings=\"{&quot;background_background&quot;:&quot;classic&quot;}\">\n\t\t\t\t<div class=\"elementor-element elementor-element-c488b70 elementor-widget elementor-widget-heading\" data-id=\"c488b70\" data-element_type=\"widget\" data-widget_type=\"heading.default\">\n\t\t\t\t<div class=\"elementor-widget-container\">\n\t\t\t<h2 class=\"elementor-heading-title elementor-size-default\">Najlep\u0161\u00ed scen\u00e1r<\/h2>\t\t<\/div>\n\t\t\t\t<\/div>\n\t\t\t\t<\/div>\n\t\t\t\t<div class=\"elementor-element elementor-element-d809c03 elementor-widget elementor-widget-heading\" data-id=\"d809c03\" data-element_type=\"widget\" data-widget_type=\"heading.default\">\n\t\t\t\t<div class=\"elementor-widget-container\">\n\t\t\t<h3 class=\"elementor-heading-title elementor-size-default\"><a href=\"\/movie\/na-popole-zaklady\/\">Na popole z\u00e1klady<\/a><\/h3>\t\t<\/div>\n\t\t\t\t<\/div>\n\t\t\t\t<\/div>\n\t\t<div class=\"elementor-element elementor-element-b6dd27a e-con-full e-flex e-con e-child\" data-id=\"b6dd27a\" data-element_type=\"container\">\n\t\t<div class=\"elementor-element elementor-element-77b0d0f e-con-full e-flex e-con e-child\" data-id=\"77b0d0f\" data-element_type=\"container\" data-settings=\"{&quot;background_background&quot;:&quot;classic&quot;}\">\n\t\t\t\t<div class=\"elementor-element elementor-element-6b2f575 elementor-widget elementor-widget-heading\" data-id=\"6b2f575\" data-element_type=\"widget\" data-widget_type=\"heading.default\">\n\t\t\t\t<div class=\"elementor-widget-container\">\n\t\t\t<h2 class=\"elementor-heading-title elementor-size-default\">Najlep\u0161ia kamera<\/h2>\t\t<\/div>\n\t\t\t\t<\/div>\n\t\t\t\t<\/div>\n\t\t\t\t<div class=\"elementor-element elementor-element-00953c3 elementor-widget elementor-widget-heading\" data-id=\"00953c3\" data-element_type=\"widget\" data-widget_type=\"heading.default\">\n\t\t\t\t<div class=\"elementor-widget-container\">\n\t\t\t<h3 class=\"elementor-heading-title elementor-size-default\"><a href=\"\/movie\/a-nebo-ma-dve-poschodia\/\">...a nebo m\u00e1 dve poschodia<\/a><\/h3>\t\t<\/div>\n\t\t\t\t<\/div>\n\t\t\t\t<\/div>\n\t\t<div class=\"elementor-element elementor-element-92d831c e-con-full e-flex e-con e-child\" data-id=\"92d831c\" data-element_type=\"container\">\n\t\t<div class=\"elementor-element elementor-element-23c56f8 e-con-full e-flex e-con e-child\" data-id=\"23c56f8\" data-element_type=\"container\" data-settings=\"{&quot;background_background&quot;:&quot;classic&quot;}\">\n\t\t\t\t<div class=\"elementor-element elementor-element-676dc1a elementor-widget elementor-widget-heading\" data-id=\"676dc1a\" data-element_type=\"widget\" data-widget_type=\"heading.default\">\n\t\t\t\t<div class=\"elementor-widget-container\">\n\t\t\t<h2 class=\"elementor-heading-title elementor-size-default\">Najlep\u0161\u00ed zvuk<\/h2>\t\t<\/div>\n\t\t\t\t<\/div>\n\t\t\t\t<\/div>\n\t\t\t\t<div class=\"elementor-element elementor-element-2dafa4d elementor-widget elementor-widget-heading\" data-id=\"2dafa4d\" data-element_type=\"widget\" data-widget_type=\"heading.default\">\n\t\t\t\t<div class=\"elementor-widget-container\">\n\t\t\t<h3 class=\"elementor-heading-title elementor-size-default\"><a href=\"\/movie\/hostina\/\">Hostina<\/a><\/h3>\t\t<\/div>\n\t\t\t\t<\/div>\n\t\t\t\t<\/div>\n\t\t<div class=\"elementor-element elementor-element-ac19d7e e-con-full e-flex e-con e-child\" data-id=\"ac19d7e\" data-element_type=\"container\">\n\t\t<div class=\"elementor-element elementor-element-620a517 e-con-full e-flex e-con e-child\" data-id=\"620a517\" data-element_type=\"container\" data-settings=\"{&quot;background_background&quot;:&quot;classic&quot;}\">\n\t\t\t\t<div class=\"elementor-element elementor-element-791dbd6 elementor-widget elementor-widget-heading\" data-id=\"791dbd6\" data-element_type=\"widget\" data-widget_type=\"heading.default\">\n\t\t\t\t<div class=\"elementor-widget-container\">\n\t\t\t<h2 class=\"elementor-heading-title elementor-size-default\">Najlep\u0161\u00ed strih<\/h2>\t\t<\/div>\n\t\t\t\t<\/div>\n\t\t\t\t<\/div>\n\t\t\t\t<div class=\"elementor-element elementor-element-e9309de elementor-widget elementor-widget-heading\" data-id=\"e9309de\" data-element_type=\"widget\" data-widget_type=\"heading.default\">\n\t\t\t\t<div class=\"elementor-widget-container\">\n\t\t\t<h3 class=\"elementor-heading-title elementor-size-default\"><a href=\"\/movie\/ah-ca-ira\/\">Ah! \u00e7a ira!<\/a><\/h3>\t\t<\/div>\n\t\t\t\t<\/div>\n\t\t\t\t<\/div>\n\t\t<div class=\"elementor-element elementor-element-125f80e e-con-full e-flex e-con e-child\" data-id=\"125f80e\" data-element_type=\"container\">\n\t\t<div class=\"elementor-element elementor-element-0c6f792 e-con-full e-flex e-con e-child\" data-id=\"0c6f792\" data-element_type=\"container\" data-settings=\"{&quot;background_background&quot;:&quot;classic&quot;}\">\n\t\t\t\t<div class=\"elementor-element elementor-element-7308f4d elementor-widget elementor-widget-heading\" data-id=\"7308f4d\" data-element_type=\"widget\" data-widget_type=\"heading.default\">\n\t\t\t\t<div class=\"elementor-widget-container\">\n\t\t\t<h2 class=\"elementor-heading-title elementor-size-default\">Najlep\u0161ie vizu\u00e1lne efekty<\/h2>\t\t<\/div>\n\t\t\t\t<\/div>\n\t\t\t\t<\/div>\n\t\t\t\t<div class=\"elementor-element elementor-element-5217be5 elementor-widget elementor-widget-heading\" data-id=\"5217be5\" data-element_type=\"widget\" data-widget_type=\"heading.default\">\n\t\t\t\t<div class=\"elementor-widget-container\">\n\t\t\t<h3 class=\"elementor-heading-title elementor-size-default\"><a href=\"\/movie\/putnik\/\">P\u00fatnik<\/a><\/h3>\t\t<\/div>\n\t\t\t\t<\/div>\n\t\t\t\t<\/div>\n\t\t<div class=\"elementor-element elementor-element-e844640 e-con-full e-flex e-con e-child\" data-id=\"e844640\" data-element_type=\"container\" data-settings=\"{&quot;background_background&quot;:&quot;classic&quot;}\">\n\t\t<div class=\"elementor-element elementor-element-b4c91dc e-con-full e-flex e-con e-child\" data-id=\"b4c91dc\" data-element_type=\"container\" data-settings=\"{&quot;background_background&quot;:&quot;classic&quot;}\">\n\t\t\t\t<div class=\"elementor-element elementor-element-c2a2a33 elementor-widget elementor-widget-heading\" data-id=\"c2a2a33\" data-element_type=\"widget\" data-widget_type=\"heading.default\">\n\t\t\t\t<div class=\"elementor-widget-container\">\n\t\t\t<h2 class=\"elementor-heading-title elementor-size-default\">Najlep\u0161ia hudba<\/h2>\t\t<\/div>\n\t\t\t\t<\/div>\n\t\t\t\t<\/div>\n\t\t\t\t<div class=\"elementor-element elementor-element-86bd2de elementor-widget elementor-widget-heading\" data-id=\"86bd2de\" data-element_type=\"widget\" data-widget_type=\"heading.default\">\n\t\t\t\t<div class=\"elementor-widget-container\">\n\t\t\t<h3 class=\"elementor-heading-title elementor-size-default\"><a href=\"\/movie\/35-milimetrov-od-burky\/\">35 milimetrov od b\u00farky<\/a><\/h3>\t\t<\/div>\n\t\t\t\t<\/div>\n\t\t\t\t<\/div>\n\t\t\t\t<\/div>\n\t\t\t\t<\/div>\n\t\t\t\t\t<\/div>\n\t\t\t\t<\/div>\n\t\t\t\t<\/div>\n\t\t","protected":false},"excerpt":{"rendered":"<p>Ocenen\u00e9 filmy Najlep\u0161\u00ed film Tak zajtra Najlep\u0161ia r\u00e9\u017eia hran\u00e9ho filmu Tak zajtra Najlep\u0161\u00ed dokument\u00e1rny film Um\u010do alebo na v\u00fdchode ni\u010d nie je Najlep\u0161\u00ed animovan\u00fd film Hostina Najlep\u0161\u00ed scen\u00e1r Na popole z\u00e1klady Najlep\u0161ia kamera &#8230;a nebo m\u00e1 dve poschodia Najlep\u0161\u00ed zvuk Hostina Najlep\u0161\u00ed strih Ah! \u00e7a ira! Najlep\u0161ie vizu\u00e1lne efekty P\u00fatnik Najlep\u0161ia hudba 35 milimetrov od [&hellip;]<\/p>\n","protected":false},"author":1,"featured_media":0,"parent":0,"menu_order":0,"comment_status":"closed","ping_status":"closed","template":"","meta":{"footnotes":""},"class_list":["post-927","page","type-page","status-publish","hentry"],"acf":[],"_links":{"self":[{"href":"https:\/\/festivalacko.sk\/archiv\/2024\/wp-json\/wp\/v2\/pages\/927","targetHints":{"allow":["GET"]}}],"collection":[{"href":"https:\/\/festivalacko.sk\/archiv\/2024\/wp-json\/wp\/v2\/pages"}],"about":[{"href":"https:\/\/festivalacko.sk\/archiv\/2024\/wp-json\/wp\/v2\/types\/page"}],"author":[{"embeddable":true,"href":"https:\/\/festivalacko.sk\/archiv\/2024\/wp-json\/wp\/v2\/users\/1"}],"replies":[{"embeddable":true,"href":"https:\/\/festivalacko.sk\/archiv\/2024\/wp-json\/wp\/v2\/comments?post=927"}],"version-history":[{"count":8,"href":"https:\/\/festivalacko.sk\/archiv\/2024\/wp-json\/wp\/v2\/pages\/927\/revisions"}],"predecessor-version":[{"id":935,"href":"https:\/\/festivalacko.sk\/archiv\/2024\/wp-json\/wp\/v2\/pages\/927\/revisions\/935"}],"wp:attachment":[{"href":"https:\/\/festivalacko.sk\/archiv\/2024\/wp-json\/wp\/v2\/media?parent=927"}],"curies":[{"name":"wp","href":"https:\/\/api.w.org\/{rel}","templated":true}]}}