{"id":1127,"date":"2025-08-25T18:58:53","date_gmt":"2025-08-25T16:58:53","guid":{"rendered":"https:\/\/festivalacko.sk\/archiv\/2025\/?page_id=1127"},"modified":"2025-08-25T19:16:20","modified_gmt":"2025-08-25T17:16:20","slug":"statut-sutaze-best-acko-pitch-award","status":"publish","type":"page","link":"https:\/\/festivalacko.sk\/archiv\/2025\/statut-sutaze-best-acko-pitch-award\/","title":{"rendered":"\u0160tat\u00fat s\u00fa\u0165a\u017ee BEST \u00c1\u010cKO PITCH AWARD"},"content":{"rendered":"\t\t<div data-elementor-type=\"wp-page\" data-elementor-id=\"1127\" class=\"elementor elementor-1127\" data-elementor-post-type=\"page\">\n\t\t\t\t<div class=\"elementor-element elementor-element-4e07f15 e-flex e-con-boxed e-con e-parent\" data-id=\"4e07f15\" data-element_type=\"container\">\n\t\t\t\t\t<div class=\"e-con-inner\">\n\t\t\t\t<div class=\"elementor-element elementor-element-167432b elementor-widget elementor-widget-heading\" data-id=\"167432b\" data-element_type=\"widget\" data-widget_type=\"heading.default\">\n\t\t\t\t<div class=\"elementor-widget-container\">\n\t\t\t\t\t<h2 class=\"elementor-heading-title elementor-size-default\">\u0160tat\u00fat s\u00fa\u0165a\u017ee BEST \u00c1\u010cKO PITCH AWARD<\/h2>\t\t\t\t<\/div>\n\t\t\t\t<\/div>\n\t\t\t\t<div class=\"elementor-element elementor-element-c08043d elementor-widget elementor-widget-text-editor\" data-id=\"c08043d\" data-element_type=\"widget\" data-widget_type=\"text-editor.default\">\n\t\t\t\t<div class=\"elementor-widget-container\">\n\t\t\t\t\t\t\t\t\t<p>v r\u00e1mci Festivalu \u0161tudentsk\u00fdch filmov \u00c1\u010cKO organizovan\u00e9ho Filmovou a telev\u00edznou fakultou V\u0160MU Bratislava (\u010falej aj len \u201e\u0161tat\u00fat\u201c)<\/p>\t\t\t\t\t\t\t\t<\/div>\n\t\t\t\t<\/div>\n\t\t\t\t<div class=\"elementor-element elementor-element-a07a2f9 elementor-widget elementor-widget-text-editor\" data-id=\"a07a2f9\" data-element_type=\"widget\" data-widget_type=\"text-editor.default\">\n\t\t\t\t<div class=\"elementor-widget-container\">\n\t\t\t\t\t\t\t\t\t<h4>1. Preambula<\/h4><p>1.1.\u00a0 \u00a0Z\u00e1merom s\u00fa\u0165a\u017ee Best \u00c1\u010dko Pitch Award (\u010falej len \u201es\u00fa\u0165a\u017e\u201c) je upozorni\u0165 na bakal\u00e1rske a magistersk\u00e9 filmov\u00e9 projekty (\u010falej len \u201eFP\u201c) \u0161tudentov a \u0161tudentiek a poskytn\u00fa\u0165 im sk\u00fasenos\u0165 s verejnou prezent\u00e1ciou. S\u00fa\u0165a\u017e sa uskuto\u010dn\u00ed formou prezenta\u010dn\u00e9ho f\u00f3ra, ktor\u00e9 je ur\u010den\u00e9 predov\u0161etk\u00fdm odbornej verejnosti a akademickej obci.<\/p><p>\u00a0<\/p><h4>2. Z\u00e1kladn\u00e9 ustanovenia<\/h4><p>2.1.\u00a0 \u00a0Hlavn\u00fdm organiz\u00e1torom Best \u00c1\u010dko Pitch Award je Filmov\u00e1 a telev\u00edzna fakulta Vysokej \u0161koly m\u00fazick\u00fdch umen\u00ed v Bratislave (\u010falej len \u201eFTF V\u0160MU\u201c). Na programovom, organiza\u010dnom a produk\u010dnom zabezpe\u010den\u00ed festivalu sa podie\u013eaj\u00fa \u0161tudenti FTF V\u0160MU v r\u00e1mci svojich \u0161kolsk\u00fdch povinnost\u00ed. \u010eal\u0161\u00edmi spoluorganiz\u00e1tormi sa m\u00f4\u017eu sta\u0165 na z\u00e1klade zmluvy s FTF V\u0160MU aj \u010fal\u0161ie subjekty, ktor\u00e9 prispej\u00fa na prezenta\u010dn\u00e9 f\u00f3rum, alebo Festival \u0161tudentsk\u00fdch filmov \u00c1\u010cKO, finan\u010dn\u00fdm alebo vecn\u00fdm vkladom.<\/p><p>\u00a0<\/p><p>2.2.\u00a0 \u00a0Prezenta\u010dn\u00e9 f\u00f3rum sa uskuto\u010dn\u00ed 16. \u2013 17. okt\u00f3bra 2025 po\u010das Festivalu \u0161tudentsk\u00fdch filmov \u00c1\u010cKO.<\/p><p>\u00a0<\/p><h4>3. Podmienky s\u00fa\u0165a\u017ee<\/h4><p>3.1.\u00a0 \u00a0 Do s\u00fa\u0165a\u017ee m\u00f4\u017eu by\u0165 prihl\u00e1sen\u00e9 iba FP vo v\u00fdvoji, ktor\u00e9 sp\u013a\u0148aj\u00fa tieto podmienky:<\/p><p>a) ide o bakal\u00e1rske alebo magistersk\u00e9 projekty \u0161tudentov a \u0161tudentiek v akademickom roku 2025\/2026 na FTF V\u0160MU,<\/p><p>b) FP prihlasuje tvoriv\u00fd t\u00edm v zlo\u017een\u00ed:<\/p><ul><li>re\u017eis\u00e9r\/re\u017eis\u00e9rka, ktor\u00fd\/ktor\u00e1 je \u0161tudentom alebo \u0161tudentkou 3. ro\u010dn\u00edka bakal\u00e1rskeho \u0161t\u00fadia alebo 2. ro\u010dn\u00edka magistersk\u00e9ho \u0161t\u00fadia jedn\u00e9ho z nasleduj\u00facich ateli\u00e9rov: Ateli\u00e9r animovanej tvorby, Ateli\u00e9r r\u00e9\u017eie dokument\u00e1rneho filmu, Ateli\u00e9r filmovej a telev\u00edznej r\u00e9\u017eie alebo Ateli\u00e9r vizu\u00e1lnych efektov a hern\u00e9ho dizajnu,<\/li><li>v\u00fdkonn\u00fd producent\/v\u00fdkonn\u00e1 producentka, ktor\u00fd\/ktor\u00e1 je \u0161tudentom alebo \u0161tudentkou Katedry produkcie a distrib\u00facie.<\/li><\/ul><p>\u00a0<\/p><p>3.2.\u00a0 \u00a0 Prihlasovanie do s\u00fa\u0165a\u017ee prebieha vyplnen\u00edm z\u00e1v\u00e4zn\u00e9ho online formul\u00e1ra najnesk\u00f4r do 8. septembra 2025. Prihl\u00e1\u0161ky doru\u010den\u00e9 po term\u00edne alebo ne\u00fapln\u00e9 bud\u00fa vyraden\u00e9. Formul\u00e1r bude zverejnen\u00fd na webovej str\u00e1nke festivalu (www.festivalacko.sk).<\/p><p><br \/>3.3.\u00a0 \u00a0 Organiza\u010dn\u00fd v\u00fdbor (riadite\u013e festivalu) ozn\u00e1mi rozhodnutie o v\u00fdbere FP do s\u00fa\u0165a\u017ee najnesk\u00f4r do 18. septembra 2025. Ozn\u00e1menie o nevybrat\u00ed FP do s\u00fa\u0165a\u017ee bude zaslan\u00e9 prihlasovate\u013eom len emailom.<\/p><p>\u00a0<\/p><p>3.4.\u00a0 \u00a0 Vyplnen\u00edm prihlasovacieho formul\u00e1ra sa prihlasovatelia zav\u00e4zuj\u00fa osobne z\u00fa\u010dastni\u0165 prezenta\u010dn\u00e9ho f\u00f3ra v pr\u00edpade, \u017ee ich filmov\u00fd projekt bude vybran\u00fd do s\u00fa\u0165a\u017ee.<\/p><p><br \/>3.5.\u00a0 \u00a0 Organiza\u010dn\u00fd v\u00fdbor \u2013 riadite\u013e festivalu ozn\u00e1mi rozhodnutie o v\u00fdbere filmov\u00fdch projektov do s\u00fa\u0165a\u017ee najnesk\u00f4r do 18. 9. 2025. Ozn\u00e1menie o nevybrat\u00ed filmu na festival bude zaslan\u00e9 prihlasovate\u013eom len emailom.<\/p><p>\u00a0<\/p><h4>4. Hodnotenie s\u00fa\u0165a\u017en\u00fdch filmov\u00fdch projektov<\/h4><p>4.1.\u00a0 \u00a0 O v\u00fdbere FP do s\u00fa\u0165a\u017ee v po\u010dte 8 bakal\u00e1rskych a 8 magistersk\u00fdch rozhoduje V\u00fdberov\u00e1 komisia, ktor\u00fa tvoria 2 osoby akt\u00edvne p\u00f4sobiace v slovenskej audiov\u00edzii. \u010clenovia komisie nesm\u00fa by\u0165 po\u010das festivalu v \u0161tudijnom ani pracovnom vz\u0165ahu s FTF V\u0160MU (nie s\u00fa \u0161tudentmi, pedag\u00f3gmi ani in\u00fdmi zamestnancami fakulty).<\/p><p>\u00a0<\/p><p>4.2.\u00a0 \u00a0O udelen\u00ed cien v r\u00e1mci s\u00fa\u0165a\u017ee FP na prezenta\u010dnom f\u00f3re rozhoduje Porota prezenta\u010dn\u00e9ho f\u00f3ra, ktor\u00fa tvoria 3 osoby akt\u00edvne p\u00f4sobiace v slovenskej audiov\u00edzii. \u010clenov a \u010dlenky tejto poroty ur\u010duje vedenie festivalu po konzult\u00e1cii s pedagogick\u00fdm veden\u00edm predmetu Realiz\u00e1cia festivalu \u00c1\u010dko.<\/p><p><br \/>4.4.\u00a0 \u00a0Porota prezenta\u010dn\u00e9ho f\u00f3ra ude\u013euje tieto ocenenia:<\/p><ul><li>Best \u00c1\u010dko Pitch Award \u2013 bakal\u00e1rsky stupe\u0148 (v\u00fdkonn\u00fd producent\/ka + re\u017eis\u00e9r\/ka),<\/li><li>Best \u00c1\u010dko Pitch Award \u2013 magistersk\u00fd stupe\u0148 (v\u00fdkonn\u00fd producent\/ka + re\u017eis\u00e9r\/ka).<\/li><\/ul><p>4.3.\u00a0 Cena m\u00f4\u017ee by\u0165 udelen\u00e1 iba osobe, ktor\u00e1 zast\u00e1vala konkr\u00e9tnu funkciu vo FP, pre ktor\u00fa je cena ur\u010den\u00e1 (uveden\u00fa v z\u00e1tvorke pri ocenen\u00ed). V pr\u00edpade ne\u00fa\u010dasti na z\u00e1vere\u010dnom ceremoni\u00e1li m\u00f4\u017ee cenu prevzia\u0165 splnomocnen\u00e1 osoba z tej istej zlo\u017eky \u0161t\u00e1bu.<\/p><p><br \/>4.4.\u00a0 Ve\u013ek\u00e1 porota m\u00e1 pr\u00e1vo neudeli\u0165 niektor\u00fa z cien festivalu. Vo v\u00fdnimo\u010dn\u00fdch pr\u00edpadoch m\u00f4\u017ee rozhodn\u00fa\u0165 o udelen\u00ed ceny ex aequo.<\/p><p>\u00a0<\/p><p>4.5.\u00a0 Porota m\u00e1 pr\u00e1vo v spolupr\u00e1ci s organiz\u00e1torom rozhodn\u00fa\u0165 o udelen\u00ed \u010fal\u0161\u00edch ne\u0161tatut\u00e1rnych cien alebo ocenen\u00ed.<\/p><p>\u00a0<\/p><p>4.6.\u00a0 V\u00ed\u0165azn\u00e9 FP bud\u00fa ofici\u00e1lne vyhl\u00e1sen\u00e9 po\u010das Z\u00e1vere\u010dn\u00e9ho ceremoni\u00e1lu Filmov\u00e9ho festivalu \u00c1\u010dko, ktor\u00fd sa uskuto\u010dn\u00ed v sobotu 18. okt\u00f3bra 2025.<\/p><p>\u00a0<\/p><p>4.7.\u00a0 Vyjadren\u00edm ka\u017edej ceny je diplom. Organiz\u00e1tor festivalu m\u00f4\u017ee po dohode so spoluorganiz\u00e1tormi alebo sponzormi rozhodn\u00fa\u0165 aj o udelen\u00ed finan\u010dnej alebo vecnej odmeny.<\/p><p><br \/>4.8.\u00a0 \u00a0Organiz\u00e1tor festivalu si vyhradzuje pr\u00e1vo nezaradi\u0165 do s\u00fa\u0165a\u017ee ani do inej \u010dasti programu FP, ktor\u00e9 nesp\u013a\u0148aj\u00fa podmienky tohto \u0161tat\u00fatu, alebo FP propaguj\u00face n\u00e1silie, ak\u00e9ko\u013evek formy n\u00e1rodnostnej \u010di inej diskrimin\u00e1cie, ako aj FP s prvkami pornografie alebo politickej reklamy.<\/p><p>\u00a0<\/p><h4>5. Prezent\u00e1cia s\u00fa\u0165a\u017en\u00fdch filmov\u00fdch projektov<\/h4><p>5.1.\u00a0 \u00a0 Vybran\u00fd FP sa mus\u00ed z\u00fa\u010dastni\u0165 verejnej, na\u017eivo moderovanej prezent\u00e1cie (tzv. pitching), ktor\u00e1 sa kon\u00e1 v r\u00e1mci programu Filmov\u00e9ho festivalu \u00c1\u010dko, vo vopred ur\u010denom term\u00edne. Prezent\u00e1cia sa spravidla uskuto\u010dn\u00ed v kinos\u00e1le KLAP za \u00fa\u010dasti poroty a verejnosti.<\/p><p><br \/>5.2.\u00a0 \u00a0V\u0161etky FP maj\u00fa zabezpe\u010den\u00e9 rovnak\u00e9 technick\u00e9 podmienky a \u010dasov\u00fd limit. Bakal\u00e1rske FP sa prezentuj\u00fa v slovenskom jazyku. Magistersk\u00e9 FP sa prezentuj\u00fa v anglickom jazyku.<\/p><p>\u00a0<\/p><p>5.3.\u00a0 \u00a0Maxim\u00e1lna d\u013a\u017eka prezent\u00e1cie je 7 min\u00fat. Po uplynut\u00ed limitu bud\u00fa prezentuj\u00faci verejne upozornen\u00ed.<\/p><p>\u00a0<\/p><p>5.4. Prezent\u00e1ciu realizuje tvoriv\u00e1 dvojica (re\u017eis\u00e9r\/re\u017eis\u00e9rka + v\u00fdkonn\u00fd producent\/v\u00fdkonn\u00e1 producentka). V od\u00f4vodnen\u00fdch pr\u00edpadoch m\u00f4\u017ee FP prezentova\u0165 aspo\u0148 jeden \u010dlen dvojice.<\/p><p><br \/>5.5.\u00a0 V pr\u00edpade v\u00e1\u017enych zdravotn\u00fdch alebo osobn\u00fdch d\u00f4vodov, ktor\u00e9 znemo\u017e\u0148uj\u00fa \u00fa\u010das\u0165 obom \u010dlenom tvorivej dvojice, m\u00f4\u017ee po schv\u00e1len\u00ed organiz\u00e1tormi FP prezentova\u0165 aj in\u00fd \u010dlen \u0161t\u00e1bu.<\/p><p>\u00a0<\/p><p>5.6.\u00a0 Prezenta\u010dn\u00e9mu f\u00f3ru predch\u00e1dza informa\u010dn\u00fd semin\u00e1r ur\u010den\u00fd pre \u00fa\u010dastn\u00edkov. \u00da\u010das\u0165 na tomto semin\u00e1ri nie je povinn\u00e1, ale odpor\u00fa\u010dan\u00e1.<\/p><p>\u00a0<\/p><h4>6. Organiz\u00e1cia s\u00fa\u0165a\u017ee<\/h4><p>6.1.\u00a0 S\u00fa\u0165a\u017e FP prebieha v r\u00e1mci Filmov\u00e9ho festivalu \u00c1\u010dko. Festival organiza\u010dne zabezpe\u010duje festivalov\u00fd \u0161t\u00e1b, ktor\u00e9ho povinnou s\u00fa\u010das\u0165ou s\u00fa \u0161tudenti 3. ro\u010dn\u00edka bakal\u00e1rskeho stup\u0148a Katedry produkcie FTF V\u0160MU.<\/p><p>\u00a0<\/p><p>6.2.\u00a0 Financovanie s\u00fa\u0165a\u017ee sa zabezpe\u010duje z verejn\u00fdch aj s\u00fakromn\u00fdch zdrojov. FTF V\u0160MU sa priamo podie\u013ea na financovan\u00ed konkr\u00e9tneho ro\u010dn\u00edka festivalu finan\u010dn\u00fdm aj vecn\u00fdm vkladom.<\/p><p><br \/>6.3.\u00a0 V\u00fdkonn\u00fd riadite\u013e je povinn\u00fd odovzda\u0165 do 31. janu\u00e1ra 2026 produk\u010dn\u00e9mu centru FTF V\u0160MU v\u0161etku p\u00edsomn\u00fa aj elektronick\u00fa dokument\u00e1ciu prezenta\u010dn\u00e9ho f\u00f3ra na \u00fa\u010dely archiv\u00e1cie.<\/p><h4>7. Z\u00e1vere\u010dn\u00e9 ustanovenia<\/h4><p>7.1.\u00a0 \u00a0Prijat\u00edm tohto \u0161tat\u00fatu sa ru\u0161ia v\u0161etky doteraj\u0161ie vn\u00fatorn\u00e9 predpisy FTF V\u0160MU vz\u0165ahuj\u00face sa na organiz\u00e1ciu a riadenie s\u00fa\u0165a\u017ee FP.<\/p><p>\u00a0<\/p><p>7.2.\u00a0 \u00a0Ak\u00e9ko\u013evek zmeny alebo doplnenia tohto \u0161tat\u00fatu schva\u013euje pedagogick\u00e9 vedenie predmetu Realiz\u00e1cia festivalu \u00c1\u010dko FTF V\u0160MU.<\/p><p>\u00a0<\/p><p>7.3.\u00a0 \u00a0Aktu\u00e1lne znenie \u0161tat\u00fatu zverejn\u00ed FTF V\u0160MU na svojej internetovej str\u00e1nke.<\/p><p><br \/>7.4.\u00a0 \u00a0Tento \u0161tat\u00fat nadob\u00fada platnos\u0165 d\u0148om jeho schv\u00e1lenia pedagogick\u00fdm veden\u00edm predmetu Realiz\u00e1cia festivalu \u00c1\u010dko FTF V\u0160MU.<\/p><p>\u00a0<\/p><p><strong>V Bratislave d\u0148a 20. 08. 2025<\/strong><br \/><strong>Mgr. art. Nata\u0161a Jur\u010dov\u00e1 Findrov\u00e1<\/strong><\/p><p><strong>pedagogick\u00e9 vedenie predmetu Realiz\u00e1cia festivalu \u00c1\u010dko<\/strong><\/p>\t\t\t\t\t\t\t\t<\/div>\n\t\t\t\t<\/div>\n\t\t\t\t\t<\/div>\n\t\t\t\t<\/div>\n\t\t\t\t<\/div>\n\t\t","protected":false},"excerpt":{"rendered":"<p>\u0160tat\u00fat s\u00fa\u0165a\u017ee BEST \u00c1\u010cKO PITCH AWARD v r\u00e1mci Festivalu \u0161tudentsk\u00fdch filmov \u00c1\u010cKO organizovan\u00e9ho Filmovou a telev\u00edznou fakultou V\u0160MU Bratislava (\u010falej aj len \u201e\u0161tat\u00fat\u201c) 1. Preambula 1.1.\u00a0 \u00a0Z\u00e1merom s\u00fa\u0165a\u017ee Best \u00c1\u010dko Pitch Award (\u010falej len \u201es\u00fa\u0165a\u017e\u201c) je upozorni\u0165 na bakal\u00e1rske a magistersk\u00e9 filmov\u00e9 projekty (\u010falej len \u201eFP\u201c) \u0161tudentov a \u0161tudentiek a poskytn\u00fa\u0165 im sk\u00fasenos\u0165 s verejnou [&hellip;]<\/p>\n","protected":false},"author":1,"featured_media":0,"parent":0,"menu_order":0,"comment_status":"closed","ping_status":"closed","template":"","meta":{"footnotes":""},"class_list":["post-1127","page","type-page","status-publish","hentry"],"acf":[],"rankMath":{"parentDomain":"festivalacko.sk","noFollowDomains":[],"noFollowExcludeDomains":[],"noFollowExternalLinks":false,"featuredImageNotice":"The featured image should be at least 200 by 200 pixels to be picked up by Facebook and other social media sites.","pluginReviewed":true,"postSettings":{"linkSuggestions":true,"useFocusKeyword":false},"frontEndScore":false,"postName":"statut-sutaze-best-acko-pitch-award","permalinkFormat":"https:\/\/festivalacko.sk\/archiv\/2025\/%pagename%\/","showLockModifiedDate":true,"assessor":{"focusKeywordLink":"https:\/\/festivalacko.sk\/archiv\/2025\/wp-admin\/edit.php?focus_keyword=%focus_keyword%&post_type=%post_type%","hasTOCPlugin":true,"primaryTaxonomy":false,"serpData":{"title":"","description":"","focusKeywords":"\u0160tat\u00fat","pillarContent":false,"canonicalUrl":"","breadcrumbTitle":"","advancedRobots":{"max-snippet":"-1","max-video-preview":"-1","max-image-preview":"large"},"facebookTitle":"","facebookDescription":"","facebookImage":"","facebookImageID":"","facebookHasOverlay":false,"facebookImageOverlay":"","facebookAuthor":"","twitterCardType":"","twitterUseFacebook":true,"twitterTitle":"","twitterDescription":"","twitterImage":"","twitterImageID":"","twitterHasOverlay":false,"twitterImageOverlay":"","twitterPlayerUrl":"","twitterPlayerSize":"","twitterPlayerStream":"","twitterPlayerStreamCtype":"","twitterAppDescription":"","twitterAppIphoneName":"","twitterAppIphoneID":"","twitterAppIphoneUrl":"","twitterAppIpadName":"","twitterAppIpadID":"","twitterAppIpadUrl":"","twitterAppGoogleplayName":"","twitterAppGoogleplayID":"","twitterAppGoogleplayUrl":"","twitterAppCountry":"","robots":{"noindex":true},"twitterAuthor":"username","primaryTerm":0,"authorName":"pakan","titleTemplate":"%title% %sep% %sitename%","descriptionTemplate":"%excerpt%","showScoreFrontend":true,"lockModifiedDate":false},"powerWords":[],"diacritics":{"A":"[\\u0041\\u24B6\\uFF21\\u00C0\\u00C1\\u00C2\\u1EA6\\u1EA4\\u1EAA\\u1EA8\\u00C3\\u0100\\u0102\\u1EB0\\u1EAE\\u1EB4\\u1EB2\\u0226\\u01E0\\u00C4\\u01DE\\u1EA2\\u00C5\\u01FA\\u01CD\\u0200\\u0202\\u1EA0\\u1EAC\\u1EB6\\u1E00\\u0104\\u023A\\u2C6F]","AA":"[\\uA732]","AE":"[\\u00C6\\u01FC\\u01E2]","AO":"[\\uA734]","AU":"[\\uA736]","AV":"[\\uA738\\uA73A]","AY":"[\\uA73C]","B":"[\\u0042\\u24B7\\uFF22\\u1E02\\u1E04\\u1E06\\u0243\\u0182\\u0181]","C":"[\\u0043\\u24B8\\uFF23\\u0106\\u0108\\u010A\\u010C\\u00C7\\u1E08\\u0187\\u023B\\uA73E]","D":"[\\u0044\\u24B9\\uFF24\\u1E0A\\u010E\\u1E0C\\u1E10\\u1E12\\u1E0E\\u0110\\u018B\\u018A\\u0189\\uA779]","DZ":"[\\u01F1\\u01C4]","Dz":"[\\u01F2\\u01C5]","E":"[\\u0045\\u24BA\\uFF25\\u00C8\\u00C9\\u00CA\\u1EC0\\u1EBE\\u1EC4\\u1EC2\\u1EBC\\u0112\\u1E14\\u1E16\\u0114\\u0116\\u00CB\\u1EBA\\u011A\\u0204\\u0206\\u1EB8\\u1EC6\\u0228\\u1E1C\\u0118\\u1E18\\u1E1A\\u0190\\u018E]","F":"[\\u0046\\u24BB\\uFF26\\u1E1E\\u0191\\uA77B]","G":"[\\u0047\\u24BC\\uFF27\\u01F4\\u011C\\u1E20\\u011E\\u0120\\u01E6\\u0122\\u01E4\\u0193\\uA7A0\\uA77D\\uA77E]","H":"[\\u0048\\u24BD\\uFF28\\u0124\\u1E22\\u1E26\\u021E\\u1E24\\u1E28\\u1E2A\\u0126\\u2C67\\u2C75\\uA78D]","I":"[\\u0049\\u24BE\\uFF29\\u00CC\\u00CD\\u00CE\\u0128\\u012A\\u012C\\u0130\\u00CF\\u1E2E\\u1EC8\\u01CF\\u0208\\u020A\\u1ECA\\u012E\\u1E2C\\u0197]","J":"[\\u004A\\u24BF\\uFF2A\\u0134\\u0248]","K":"[\\u004B\\u24C0\\uFF2B\\u1E30\\u01E8\\u1E32\\u0136\\u1E34\\u0198\\u2C69\\uA740\\uA742\\uA744\\uA7A2]","L":"[\\u004C\\u24C1\\uFF2C\\u013F\\u0139\\u013D\\u1E36\\u1E38\\u013B\\u1E3C\\u1E3A\\u0141\\u023D\\u2C62\\u2C60\\uA748\\uA746\\uA780]","LJ":"[\\u01C7]","Lj":"[\\u01C8]","M":"[\\u004D\\u24C2\\uFF2D\\u1E3E\\u1E40\\u1E42\\u2C6E\\u019C]","N":"[\\u004E\\u24C3\\uFF2E\\u01F8\\u0143\\u00D1\\u1E44\\u0147\\u1E46\\u0145\\u1E4A\\u1E48\\u0220\\u019D\\uA790\\uA7A4]","NJ":"[\\u01CA]","Nj":"[\\u01CB]","O":"[\\u004F\\u24C4\\uFF2F\\u00D2\\u00D3\\u00D4\\u1ED2\\u1ED0\\u1ED6\\u1ED4\\u00D5\\u1E4C\\u022C\\u1E4E\\u014C\\u1E50\\u1E52\\u014E\\u022E\\u0230\\u00D6\\u022A\\u1ECE\\u0150\\u01D1\\u020C\\u020E\\u01A0\\u1EDC\\u1EDA\\u1EE0\\u1EDE\\u1EE2\\u1ECC\\u1ED8\\u01EA\\u01EC\\u00D8\\u01FE\\u0186\\u019F\\uA74A\\uA74C]","OI":"[\\u01A2]","OO":"[\\uA74E]","OU":"[\\u0222]","P":"[\\u0050\\u24C5\\uFF30\\u1E54\\u1E56\\u01A4\\u2C63\\uA750\\uA752\\uA754]","Q":"[\\u0051\\u24C6\\uFF31\\uA756\\uA758\\u024A]","R":"[\\u0052\\u24C7\\uFF32\\u0154\\u1E58\\u0158\\u0210\\u0212\\u1E5A\\u1E5C\\u0156\\u1E5E\\u024C\\u2C64\\uA75A\\uA7A6\\uA782]","S":"[\\u0053\\u24C8\\uFF33\\u1E9E\\u015A\\u1E64\\u015C\\u1E60\\u0160\\u1E66\\u1E62\\u1E68\\u0218\\u015E\\u2C7E\\uA7A8\\uA784]","T":"[\\u0054\\u24C9\\uFF34\\u1E6A\\u0164\\u1E6C\\u021A\\u0162\\u1E70\\u1E6E\\u0166\\u01AC\\u01AE\\u023E\\uA786]","TZ":"[\\uA728]","U":"[\\u0055\\u24CA\\uFF35\\u00D9\\u00DA\\u00DB\\u0168\\u1E78\\u016A\\u1E7A\\u016C\\u00DC\\u01DB\\u01D7\\u01D5\\u01D9\\u1EE6\\u016E\\u0170\\u01D3\\u0214\\u0216\\u01AF\\u1EEA\\u1EE8\\u1EEE\\u1EEC\\u1EF0\\u1EE4\\u1E72\\u0172\\u1E76\\u1E74\\u0244]","V":"[\\u0056\\u24CB\\uFF36\\u1E7C\\u1E7E\\u01B2\\uA75E\\u0245]","VY":"[\\uA760]","W":"[\\u0057\\u24CC\\uFF37\\u1E80\\u1E82\\u0174\\u1E86\\u1E84\\u1E88\\u2C72]","X":"[\\u0058\\u24CD\\uFF38\\u1E8A\\u1E8C]","Y":"[\\u0059\\u24CE\\uFF39\\u1EF2\\u00DD\\u0176\\u1EF8\\u0232\\u1E8E\\u0178\\u1EF6\\u1EF4\\u01B3\\u024E\\u1EFE]","Z":"[\\u005A\\u24CF\\uFF3A\\u0179\\u1E90\\u017B\\u017D\\u1E92\\u1E94\\u01B5\\u0224\\u2C7F\\u2C6B\\uA762]","a":"[\\u0061\\u24D0\\uFF41\\u1E9A\\u00E0\\u00E1\\u00E2\\u1EA7\\u1EA5\\u1EAB\\u1EA9\\u00E3\\u0101\\u0103\\u1EB1\\u1EAF\\u1EB5\\u1EB3\\u0227\\u01E1\\u00E4\\u01DF\\u1EA3\\u00E5\\u01FB\\u01CE\\u0201\\u0203\\u1EA1\\u1EAD\\u1EB7\\u1E01\\u0105\\u2C65\\u0250]","aa":"[\\uA733]","ae":"[\\u00E6\\u01FD\\u01E3]","ao":"[\\uA735]","au":"[\\uA737]","av":"[\\uA739\\uA73B]","ay":"[\\uA73D]","b":"[\\u0062\\u24D1\\uFF42\\u1E03\\u1E05\\u1E07\\u0180\\u0183\\u0253]","c":"[\\u0063\\u24D2\\uFF43\\u0107\\u0109\\u010B\\u010D\\u00E7\\u1E09\\u0188\\u023C\\uA73F\\u2184]","d":"[\\u0064\\u24D3\\uFF44\\u1E0B\\u010F\\u1E0D\\u1E11\\u1E13\\u1E0F\\u0111\\u018C\\u0256\\u0257\\uA77A]","dz":"[\\u01F3\\u01C6]","e":"[\\u0065\\u24D4\\uFF45\\u00E8\\u00E9\\u00EA\\u1EC1\\u1EBF\\u1EC5\\u1EC3\\u1EBD\\u0113\\u1E15\\u1E17\\u0115\\u0117\\u00EB\\u1EBB\\u011B\\u0205\\u0207\\u1EB9\\u1EC7\\u0229\\u1E1D\\u0119\\u1E19\\u1E1B\\u0247\\u025B\\u01DD]","f":"[\\u0066\\u24D5\\uFF46\\u1E1F\\u0192\\uA77C]","g":"[\\u0067\\u24D6\\uFF47\\u01F5\\u011D\\u1E21\\u011F\\u0121\\u01E7\\u0123\\u01E5\\u0260\\uA7A1\\u1D79\\uA77F]","h":"[\\u0068\\u24D7\\uFF48\\u0125\\u1E23\\u1E27\\u021F\\u1E25\\u1E29\\u1E2B\\u1E96\\u0127\\u2C68\\u2C76\\u0265]","hv":"[\\u0195]","i":"[\\u0069\\u24D8\\uFF49\\u00EC\\u00ED\\u00EE\\u0129\\u012B\\u012D\\u00EF\\u1E2F\\u1EC9\\u01D0\\u0209\\u020B\\u1ECB\\u012F\\u1E2D\\u0268\\u0131]","j":"[\\u006A\\u24D9\\uFF4A\\u0135\\u01F0\\u0249]","k":"[\\u006B\\u24DA\\uFF4B\\u1E31\\u01E9\\u1E33\\u0137\\u1E35\\u0199\\u2C6A\\uA741\\uA743\\uA745\\uA7A3]","l":"[\\u006C\\u24DB\\uFF4C\\u0140\\u013A\\u013E\\u1E37\\u1E39\\u013C\\u1E3D\\u1E3B\\u017F\\u0142\\u019A\\u026B\\u2C61\\uA749\\uA781\\uA747]","lj":"[\\u01C9]","m":"[\\u006D\\u24DC\\uFF4D\\u1E3F\\u1E41\\u1E43\\u0271\\u026F]","n":"[\\u006E\\u24DD\\uFF4E\\u01F9\\u0144\\u00F1\\u1E45\\u0148\\u1E47\\u0146\\u1E4B\\u1E49\\u019E\\u0272\\u0149\\uA791\\uA7A5]","nj":"[\\u01CC]","o":"[\\u006F\\u24DE\\uFF4F\\u00F2\\u00F3\\u00F4\\u1ED3\\u1ED1\\u1ED7\\u1ED5\\u00F5\\u1E4D\\u022D\\u1E4F\\u014D\\u1E51\\u1E53\\u014F\\u022F\\u0231\\u00F6\\u022B\\u1ECF\\u0151\\u01D2\\u020D\\u020F\\u01A1\\u1EDD\\u1EDB\\u1EE1\\u1EDF\\u1EE3\\u1ECD\\u1ED9\\u01EB\\u01ED\\u00F8\\u01FF\\u0254\\uA74B\\uA74D\\u0275]","oi":"[\\u01A3]","ou":"[\\u0223]","oo":"[\\uA74F]","p":"[\\u0070\\u24DF\\uFF50\\u1E55\\u1E57\\u01A5\\u1D7D\\uA751\\uA753\\uA755]","q":"[\\u0071\\u24E0\\uFF51\\u024B\\uA757\\uA759]","r":"[\\u0072\\u24E1\\uFF52\\u0155\\u1E59\\u0159\\u0211\\u0213\\u1E5B\\u1E5D\\u0157\\u1E5F\\u024D\\u027D\\uA75B\\uA7A7\\uA783]","s":"[\\u0073\\u24E2\\uFF53\\u015B\\u1E65\\u015D\\u1E61\\u0161\\u1E67\\u1E63\\u1E69\\u0219\\u015F\\u023F\\uA7A9\\uA785\\u1E9B]","ss":"[\\u00DF]","t":"[\\u0074\\u24E3\\uFF54\\u1E6B\\u1E97\\u0165\\u1E6D\\u021B\\u0163\\u1E71\\u1E6F\\u0167\\u01AD\\u0288\\u2C66\\uA787]","tz":"[\\uA729]","u":"[\\u0075\\u24E4\\uFF55\\u00F9\\u00FA\\u00FB\\u0169\\u1E79\\u016B\\u1E7B\\u016D\\u00FC\\u01DC\\u01D8\\u01D6\\u01DA\\u1EE7\\u016F\\u0171\\u01D4\\u0215\\u0217\\u01B0\\u1EEB\\u1EE9\\u1EEF\\u1EED\\u1EF1\\u1EE5\\u1E73\\u0173\\u1E77\\u1E75\\u0289]","v":"[\\u0076\\u24E5\\uFF56\\u1E7D\\u1E7F\\u028B\\uA75F\\u028C]","vy":"[\\uA761]","w":"[\\u0077\\u24E6\\uFF57\\u1E81\\u1E83\\u0175\\u1E87\\u1E85\\u1E98\\u1E89\\u2C73]","x":"[\\u0078\\u24E7\\uFF58\\u1E8B\\u1E8D]","y":"[\\u0079\\u24E8\\uFF59\\u1EF3\\u00FD\\u0177\\u1EF9\\u0233\\u1E8F\\u00FF\\u1EF7\\u1E99\\u1EF5\\u01B4\\u024F\\u1EFF]","z":"[\\u007A\\u24E9\\uFF5A\\u017A\\u1E91\\u017C\\u017E\\u1E93\\u1E95\\u01B6\\u0225\\u0240\\u2C6C\\uA763]"},"researchesTests":["contentHasTOC","contentHasShortParagraphs","contentHasAssets","keywordInTitle","keywordInMetaDescription","keywordInPermalink","keywordIn10Percent","keywordInContent","keywordInSubheadings","keywordInImageAlt","keywordDensity","keywordNotUsed","lengthContent","lengthPermalink","linksHasInternal","linksHasExternals","linksNotAllExternals","titleStartWithKeyword","titleSentiment","titleHasPowerWords","titleHasNumber","hasContentAI"],"hasRedirection":false,"hasBreadcrumb":false},"homeUrl":"https:\/\/festivalacko.sk\/archiv\/2025","objectID":1127,"objectType":"post","locale":"sk","localeFull":"sk_SK","overlayImages":{"play":{"name":"Play icon","url":"https:\/\/festivalacko.sk\/archiv\/2025\/wp-content\/plugins\/seo-by-rank-math\/assets\/admin\/img\/icon-play.png","path":"\/data\/e\/e\/ee4539c0-f27e-4721-9568-1a290629c843\/festivalacko.sk\/web\/archiv\/2025\/wp-content\/plugins\/seo-by-rank-math\/assets\/admin\/img\/icon-play.png","position":"middle_center"},"gif":{"name":"GIF icon","url":"https:\/\/festivalacko.sk\/archiv\/2025\/wp-content\/plugins\/seo-by-rank-math\/assets\/admin\/img\/icon-gif.png","path":"\/data\/e\/e\/ee4539c0-f27e-4721-9568-1a290629c843\/festivalacko.sk\/web\/archiv\/2025\/wp-content\/plugins\/seo-by-rank-math\/assets\/admin\/img\/icon-gif.png","position":"middle_center"}},"defautOgImage":"https:\/\/festivalacko.sk\/archiv\/2025\/wp-content\/uploads\/2025\/10\/ogimage2.png","customPermalinks":true,"isUserRegistered":false,"autoSuggestKeywords":false,"connectSiteUrl":"https:\/\/rankmath.com\/auth?site=https%3A%2F%2Ffestivalacko.sk%2Farchiv%2F2025&r=https%3A%2F%2Ffestivalacko.sk%2Farchiv%2F2025%2Fwp-json%2Fwp%2Fv2%2Fpages%2F1127%3Fnonce%3Db28b90721b","maxTags":5,"trendsIcon":"<svg viewBox=\"0 0 610 610\"><path d=\"M18.85,446,174.32,290.48l58.08,58.08L76.93,504a14.54,14.54,0,0,1-20.55,0L18.83,466.48a14.54,14.54,0,0,1,0-20.55Z\" style=\"fill:#4285f4\"\/><path d=\"M242.65,242.66,377.59,377.6l-47.75,47.75a14.54,14.54,0,0,1-20.55,0L174.37,290.43l47.75-47.75A14.52,14.52,0,0,1,242.65,242.66Z\" style=\"fill:#ea4335\"\/><polygon points=\"319.53 319.53 479.26 159.8 537.34 217.88 377.61 377.62 319.53 319.53\" style=\"fill:#fabb05\"\/><path d=\"M594.26,262.73V118.61h0a16.94,16.94,0,0,0-16.94-16.94H433.2a16.94,16.94,0,0,0-12,28.92L565.34,274.71h0a16.94,16.94,0,0,0,28.92-12Z\" style=\"fill:#34a853\"\/><rect width=\"610\" height=\"610\" style=\"fill:none\"\/><\/svg>","showScore":true,"siteFavIcon":"https:\/\/festivalacko.sk\/archiv\/2025\/wp-content\/uploads\/2024\/07\/favicon-centered-150x150.png","canUser":{"general":false,"advanced":false,"snippet":false,"social":false,"analysis":false,"analytics":false,"content_ai":false},"showKeywordIntent":true,"isPro":false,"is_front_page":false,"trendsUpgradeLink":"https:\/\/rankmath.com\/pricing\/?utm_source=Plugin&utm_medium=CE%20General%20Tab%20Trends&utm_campaign=WP","trendsUpgradeLabel":"Upgrade","trendsPreviewImage":"https:\/\/festivalacko.sk\/archiv\/2025\/wp-content\/plugins\/seo-by-rank-math\/assets\/admin\/img\/trends-preview.jpg","currentEditor":false,"homepageData":{"assessor":{"powerWords":[],"diacritics":true,"researchesTests":["contentHasTOC","contentHasShortParagraphs","contentHasAssets","keywordInTitle","keywordInMetaDescription","keywordInPermalink","keywordIn10Percent","keywordInContent","keywordInSubheadings","keywordInImageAlt","keywordDensity","keywordNotUsed","lengthContent","lengthPermalink","linksHasInternal","linksHasExternals","linksNotAllExternals","titleStartWithKeyword","titleSentiment","titleHasPowerWords","titleHasNumber","hasContentAI"],"hasBreadcrumb":false,"serpData":{"title":"%sitename% %page% %sep% %sitedesc%","description":"","titleTemplate":"%sitename% %page% %sep% %sitedesc%","descriptionTemplate":"","focusKeywords":"","breadcrumbTitle":"Home","robots":{"index":true},"advancedRobots":{"max-snippet":"-1","max-video-preview":"-1","max-image-preview":"large"},"facebookTitle":"","facebookDescription":"","facebookImage":"","facebookImageID":""}}},"tocTitle":"Table of Contents","tocExcludeHeadings":[],"listStyle":"ul"},"_links":{"self":[{"href":"https:\/\/festivalacko.sk\/archiv\/2025\/wp-json\/wp\/v2\/pages\/1127","targetHints":{"allow":["GET"]}}],"collection":[{"href":"https:\/\/festivalacko.sk\/archiv\/2025\/wp-json\/wp\/v2\/pages"}],"about":[{"href":"https:\/\/festivalacko.sk\/archiv\/2025\/wp-json\/wp\/v2\/types\/page"}],"author":[{"embeddable":true,"href":"https:\/\/festivalacko.sk\/archiv\/2025\/wp-json\/wp\/v2\/users\/1"}],"replies":[{"embeddable":true,"href":"https:\/\/festivalacko.sk\/archiv\/2025\/wp-json\/wp\/v2\/comments?post=1127"}],"version-history":[{"count":13,"href":"https:\/\/festivalacko.sk\/archiv\/2025\/wp-json\/wp\/v2\/pages\/1127\/revisions"}],"predecessor-version":[{"id":1142,"href":"https:\/\/festivalacko.sk\/archiv\/2025\/wp-json\/wp\/v2\/pages\/1127\/revisions\/1142"}],"wp:attachment":[{"href":"https:\/\/festivalacko.sk\/archiv\/2025\/wp-json\/wp\/v2\/media?parent=1127"}],"curies":[{"name":"wp","href":"https:\/\/api.w.org\/{rel}","templated":true}]}}